{"id":35595,"date":"2019-06-10T23:16:00","date_gmt":"2019-06-10T23:16:00","guid":{"rendered":"http:\/\/travelsafe.nl\/assortiment\/non%20class\u00e9\/extractor-aider-avec-les-insectes\/"},"modified":"2023-04-07T14:01:17","modified_gmt":"2023-04-07T14:01:17","slug":"extractor-aider-avec-les-insectes","status":"publish","type":"product","link":"https:\/\/travelsafe.nl\/fr\/assortiment\/anti-moustique\/aprs-la-morsure\/extractor-aider-avec-les-insectes\/","title":{"rendered":"Extractor \u2013 Extracteur de venin"},"content":{"rendered":"<p>L\u2019extracteur est une pompe \u00e0 vide sp\u00e9ciale avec laquelle\u00a0vous pouvez retirer la salive pulv\u00e9ris\u00e9e par l\u2019insecte en un\u00a0rien de temps. D\u00e8s que vous \u00eates piqu\u00e9, il est conseill\u00e9\u00a0d\u2019enlever le poison \u00e0 l\u2019aide de l\u2019extracteur imm\u00e9diatement\u00a0avant que le poison ait \u00e9t\u00e9 absorb\u00e9 par la peau. La\u00a0fonction d\u2019aspiration de l\u2019extracteur permet d\u2019aspirer la\u00a0plus grande partie de la salive possible, ce qui r\u00e9duit \u00e9galement\u00a0les plaintes dues aux d\u00e9mangeaisons. L\u2019extracteur\u00a0est livr\u00e9 avec 1 ventouse.<\/p>\n<p>Il existe diff\u00e9rentes maladies qui sont transmises par les insectes. Vous pouvez vous prot\u00e9ger contre celles-ci en utilisant des produits anti-moustique, des v\u00eatements de protection ou en utilisant une moustiquaire pendant votre sieste ou votre repos de nuit.<\/p>\n<p>Contenu\u00a0:\u00a0\u00a0\u00a0\u00a0\u00a0\u00a0 Extracteur + ventouse<br \/>\nDimensions :\u00a0 5,5 x 2,5 x 11,5 cm<br \/>\nPoids :\u00a0 \u00a0 \u00a0 \u00a0 \u00a0 \u00a0 30 g<br \/>\nMati\u00e8re\u00a0:\u00a0\u00a0\u00a0\u00a0\u00a0\u00a0\u00a0 Plastique<\/p>\n","protected":false},"excerpt":{"rendered":"<p>L\u2019extracteur est une pompe \u00e0 vide sp\u00e9ciale avec laquelle\u00a0vous pouvez retirer la salive pulv\u00e9ris\u00e9e par l\u2019insecte en un\u00a0rien de temps. D\u00e8s que&hellip;<\/p>\n","protected":false},"featured_media":33540,"template":"","meta":{"_acf_changed":false},"product_brand":[],"product_cat":[2372,2495,2344],"product_tag":[],"class_list":{"0":"post-35595","1":"product","2":"type-product","3":"status-publish","4":"has-post-thumbnail","6":"product_cat-anti-moustique","7":"product_cat-aprs-la-morsure","8":"product_cat-na-de-beet","10":"first","11":"instock","12":"purchasable","13":"product-type-simple"},"acf":[],"_links":{"self":[{"href":"https:\/\/travelsafe.nl\/fr\/wp-json\/wp\/v2\/product\/35595","targetHints":{"allow":["GET"]}}],"collection":[{"href":"https:\/\/travelsafe.nl\/fr\/wp-json\/wp\/v2\/product"}],"about":[{"href":"https:\/\/travelsafe.nl\/fr\/wp-json\/wp\/v2\/types\/product"}],"wp:featuredmedia":[{"embeddable":true,"href":"https:\/\/travelsafe.nl\/fr\/wp-json\/wp\/v2\/media\/33540"}],"wp:attachment":[{"href":"https:\/\/travelsafe.nl\/fr\/wp-json\/wp\/v2\/media?parent=35595"}],"wp:term":[{"taxonomy":"product_brand","embeddable":true,"href":"https:\/\/travelsafe.nl\/fr\/wp-json\/wp\/v2\/product_brand?post=35595"},{"taxonomy":"product_cat","embeddable":true,"href":"https:\/\/travelsafe.nl\/fr\/wp-json\/wp\/v2\/product_cat?post=35595"},{"taxonomy":"product_tag","embeddable":true,"href":"https:\/\/travelsafe.nl\/fr\/wp-json\/wp\/v2\/product_tag?post=35595"}],"curies":[{"name":"wp","href":"https:\/\/api.w.org\/{rel}","templated":true}]}}