{"id":35598,"date":"2019-06-10T23:16:01","date_gmt":"2019-06-10T23:16:01","guid":{"rendered":"http:\/\/travelsafe.nl\/assortiment\/non%20class\u00e9\/voyage-coffre-fort-mini-sac-dos-bleu\/"},"modified":"2023-04-07T14:01:18","modified_gmt":"2023-04-07T14:01:18","slug":"voyage-coffre-fort-mini-sac-dos-bleu","status":"publish","type":"product","link":"https:\/\/travelsafe.nl\/fr\/assortiment\/accessoires-de-voyage\/sacs-de-voyage\/sacs-pliables\/voyage-coffre-fort-mini-sac-dos-bleu\/","title":{"rendered":"Sac \u00e0 dos mini \u2013 Pliable &#8211; Bleu"},"content":{"rendered":"<p>Petit sac \u00e0 dos pliant ultral\u00e9ger, id\u00e9al \u00e0 emporter comme sac additionnel en voyage. Ce petit sac \u00e0 dos est super-robuste, tr\u00e8s l\u00e9ger, fabriqu\u00e9 en polyester et se replie en un tout petit paquet. Le sac poss\u00e8de deux compartiments lat\u00e9raux faciles d\u2019acc\u00e8s.<\/p>\n<p>Disponible dans les couleurs bleu et noir.<\/p>\n<p>Dimensions\u00a0:\u00a036 x 34 x 13 cm<br \/>\nPli\u00e9 :\u00a0 \u00a0 \u00a0 \u00a0 \u00a0 \u00a0 \u00a0 \u00a012 x 13 x 4 cm<br \/>\nPoids :\u00a0 \u00a0 \u00a0 \u00a0 \u00a0 \u00a0 140 g<br \/>\nMati\u00e8re :\u00a0 \u00a0 \u00a0 \u00a0 Polyester<br \/>\nCouleur :\u00a0 \u00a0 \u00a0 \u00a0 Azur<\/p>\n","protected":false},"excerpt":{"rendered":"<p>Petit sac \u00e0 dos pliant ultral\u00e9ger, id\u00e9al \u00e0 emporter comme sac additionnel en voyage. Ce petit sac \u00e0 dos est super-robuste, tr\u00e8s&hellip;<\/p>\n","protected":false},"featured_media":33603,"template":"","meta":{"_acf_changed":false},"product_brand":[],"product_cat":[2374,2493,2494],"product_tag":[],"class_list":{"0":"post-35598","1":"product","2":"type-product","3":"status-publish","4":"has-post-thumbnail","6":"product_cat-accessoires-de-voyage","7":"product_cat-sacs-de-voyage","8":"product_cat-sacs-pliables","10":"first","11":"instock","12":"purchasable","13":"product-type-simple"},"acf":[],"_links":{"self":[{"href":"https:\/\/travelsafe.nl\/fr\/wp-json\/wp\/v2\/product\/35598","targetHints":{"allow":["GET"]}}],"collection":[{"href":"https:\/\/travelsafe.nl\/fr\/wp-json\/wp\/v2\/product"}],"about":[{"href":"https:\/\/travelsafe.nl\/fr\/wp-json\/wp\/v2\/types\/product"}],"wp:featuredmedia":[{"embeddable":true,"href":"https:\/\/travelsafe.nl\/fr\/wp-json\/wp\/v2\/media\/33603"}],"wp:attachment":[{"href":"https:\/\/travelsafe.nl\/fr\/wp-json\/wp\/v2\/media?parent=35598"}],"wp:term":[{"taxonomy":"product_brand","embeddable":true,"href":"https:\/\/travelsafe.nl\/fr\/wp-json\/wp\/v2\/product_brand?post=35598"},{"taxonomy":"product_cat","embeddable":true,"href":"https:\/\/travelsafe.nl\/fr\/wp-json\/wp\/v2\/product_cat?post=35598"},{"taxonomy":"product_tag","embeddable":true,"href":"https:\/\/travelsafe.nl\/fr\/wp-json\/wp\/v2\/product_tag?post=35598"}],"curies":[{"name":"wp","href":"https:\/\/api.w.org\/{rel}","templated":true}]}}