{"id":35602,"date":"2019-06-10T23:16:03","date_gmt":"2019-06-10T23:16:03","guid":{"rendered":"http:\/\/travelsafe.nl\/assortiment\/non%20class\u00e9\/drybag-20-ltr\/"},"modified":"2023-04-07T14:01:18","modified_gmt":"2023-04-07T14:01:18","slug":"drybag-20-ltr","status":"publish","type":"product","link":"https:\/\/travelsafe.nl\/fr\/assortiment\/accessoires-de-voyage\/sacs-de-voyage\/sacs-impermables\/drybag-20-ltr\/","title":{"rendered":"Dry Bags Housse de protection \u2013 20 litres"},"content":{"rendered":"<p>Ces dry bags de TravelSafe sont disponibles en diff\u00e9rents formats et prot\u00e8gent toutes vos affaires contre l\u2019eau, la poussi\u00e8re et le sable. Ils sont fabriqu\u00e9s en Cordura l\u00e9ger de haute qualit\u00e9, un mat\u00e9riau couch\u00e9 au silicone. Id\u00e9aux pour la plage, au bateau, pendant les activit\u00e9s de plein air, ou pr\u00e8s de la piscine. Le contenu de ce sac est de 20 litres.<\/p>\n<p>\u00c9galement disponible en 7, 10, 15 et 40 litres.<\/p>\n<p>TravelSafe vous offre une large collection de housses de protection telles que housses de transport, housses combi, housses de pluie et ponchos. Des articles indispensables pour chaque aventure.<\/p>\n<p>Dimensions\u00a0:\u00a0 \u00f823 x 50 cm<br \/>\nContenu :\u00a0 \u00a0 \u00a0 \u00a020 litres<br \/>\nPoids :\u00a0 \u00a0 \u00a0 \u00a0 \u00a0 \u00a0 65 g<br \/>\nMati\u00e8re :\u00a0 \u00a0 \u00a0 \u00a0 Cordura<br \/>\nCouleur :\u00a0 \u00a0 \u00a0 \u00a0 Azur<\/p>\n","protected":false},"excerpt":{"rendered":"<p>Ces dry bags de TravelSafe sont disponibles en diff\u00e9rents formats et prot\u00e8gent toutes vos affaires contre l\u2019eau, la poussi\u00e8re et le sable.&hellip;<\/p>\n","protected":false},"featured_media":33679,"template":"","meta":{"_acf_changed":false},"product_brand":[],"product_cat":[2374,2493,2496],"product_tag":[],"class_list":{"0":"post-35602","1":"product","2":"type-product","3":"status-publish","4":"has-post-thumbnail","6":"product_cat-accessoires-de-voyage","7":"product_cat-sacs-de-voyage","8":"product_cat-sacs-impermables","10":"first","11":"instock","12":"purchasable","13":"product-type-simple"},"acf":[],"_links":{"self":[{"href":"https:\/\/travelsafe.nl\/fr\/wp-json\/wp\/v2\/product\/35602","targetHints":{"allow":["GET"]}}],"collection":[{"href":"https:\/\/travelsafe.nl\/fr\/wp-json\/wp\/v2\/product"}],"about":[{"href":"https:\/\/travelsafe.nl\/fr\/wp-json\/wp\/v2\/types\/product"}],"wp:featuredmedia":[{"embeddable":true,"href":"https:\/\/travelsafe.nl\/fr\/wp-json\/wp\/v2\/media\/33679"}],"wp:attachment":[{"href":"https:\/\/travelsafe.nl\/fr\/wp-json\/wp\/v2\/media?parent=35602"}],"wp:term":[{"taxonomy":"product_brand","embeddable":true,"href":"https:\/\/travelsafe.nl\/fr\/wp-json\/wp\/v2\/product_brand?post=35602"},{"taxonomy":"product_cat","embeddable":true,"href":"https:\/\/travelsafe.nl\/fr\/wp-json\/wp\/v2\/product_cat?post=35602"},{"taxonomy":"product_tag","embeddable":true,"href":"https:\/\/travelsafe.nl\/fr\/wp-json\/wp\/v2\/product_tag?post=35602"}],"curies":[{"name":"wp","href":"https:\/\/api.w.org\/{rel}","templated":true}]}}