{"id":35604,"date":"2019-06-10T23:16:04","date_gmt":"2019-06-10T23:16:04","guid":{"rendered":"http:\/\/travelsafe.nl\/assortiment\/non%20class\u00e9\/vier-pliable-bleu\/"},"modified":"2023-05-12T13:25:49","modified_gmt":"2023-05-12T13:25:49","slug":"vier-pliable-bleu","status":"publish","type":"product","link":"https:\/\/travelsafe.nl\/fr\/assortiment\/accessoires-de-voyage\/sacs-de-voyage\/sacs-impermables\/vier-pliable-bleu\/","title":{"rendered":"\u00c9vier pliable"},"content":{"rendered":"<p>Cet \u00e9vier multifonctionnel, l\u00e9ger et pliable peut &amp;\u00eatre utilis\u00e9 \u00e0 des fins infinies. Gr\u00e2ce \u00e0 sa taille tr\u00e8s compacte, il est facile \u00e0 transporter dans vos bagages lors d\u2019activit\u00e9s de plein air ou sur\u00a0le camping.<\/p>\n<p>Dimensions : \u00f8 37 x 12 cm<br \/>\nPoids :\u00a0 \u00a0 \u00a0 \u00a0 \u00a0 \u00a046 g<br \/>\nMati\u00e8re :\u00a0 \u00a0 \u00a0 \u00a0Cordura<br \/>\nCouleur :\u00a0 \u00a0 \u00a0 \u00a0Bleu &#8211; Noir<\/p>\n","protected":false},"excerpt":{"rendered":"<p>Cet \u00e9vier multifonctionnel, l\u00e9ger et pliable peut &amp;\u00eatre utilis\u00e9 \u00e0 des fins infinies. Gr\u00e2ce \u00e0 sa taille tr\u00e8s compacte, il est facile&hellip;<\/p>\n","protected":false},"featured_media":33713,"template":"","meta":{"_acf_changed":false},"product_brand":[],"product_cat":[2374,2496],"product_tag":[],"class_list":{"0":"post-35604","1":"product","2":"type-product","3":"status-publish","4":"has-post-thumbnail","6":"product_cat-accessoires-de-voyage","7":"product_cat-sacs-impermables","9":"first","10":"instock","11":"purchasable","12":"product-type-simple"},"acf":[],"_links":{"self":[{"href":"https:\/\/travelsafe.nl\/fr\/wp-json\/wp\/v2\/product\/35604","targetHints":{"allow":["GET"]}}],"collection":[{"href":"https:\/\/travelsafe.nl\/fr\/wp-json\/wp\/v2\/product"}],"about":[{"href":"https:\/\/travelsafe.nl\/fr\/wp-json\/wp\/v2\/types\/product"}],"wp:featuredmedia":[{"embeddable":true,"href":"https:\/\/travelsafe.nl\/fr\/wp-json\/wp\/v2\/media\/33713"}],"wp:attachment":[{"href":"https:\/\/travelsafe.nl\/fr\/wp-json\/wp\/v2\/media?parent=35604"}],"wp:term":[{"taxonomy":"product_brand","embeddable":true,"href":"https:\/\/travelsafe.nl\/fr\/wp-json\/wp\/v2\/product_brand?post=35604"},{"taxonomy":"product_cat","embeddable":true,"href":"https:\/\/travelsafe.nl\/fr\/wp-json\/wp\/v2\/product_cat?post=35604"},{"taxonomy":"product_tag","embeddable":true,"href":"https:\/\/travelsafe.nl\/fr\/wp-json\/wp\/v2\/product_tag?post=35604"}],"curies":[{"name":"wp","href":"https:\/\/api.w.org\/{rel}","templated":true}]}}