{"id":35605,"date":"2019-06-10T23:16:04","date_gmt":"2019-06-10T23:16:04","guid":{"rendered":"http:\/\/travelsafe.nl\/assortiment\/non%20class\u00e9\/ensemble-de-bagages-3-pices\/"},"modified":"2023-07-21T07:47:52","modified_gmt":"2023-07-21T07:47:52","slug":"ensemble-de-bagages-3-pices","status":"publish","type":"product","link":"https:\/\/travelsafe.nl\/fr\/assortiment\/accessoires-de-voyage\/accessoires-de-voyage-accessoires-de-voyage\/autres-accessoires-de-voyage-accessoires-de-voyage\/ensemble-de-bagages-3-pices\/","title":{"rendered":"Lot de cubes \u00e0 bagages \u2013 3 pi\u00e8ces"},"content":{"rendered":"<p>Cassettes de stockage pratiques, set \u00e0 3 pi\u00e8ces. Pour tous vos bagages. Id\u00e9al pour ranger tous vos bagages, tout reste propre et net. 1 grande cassette sp\u00e9ciale pour vos chemises et pantalons, un pour vos t-shirts ou polos et une petite pour vos sous-v\u00eatements et chaussettes. Chaque cube avec poign\u00e9e pour un transport facile. Fabriqu\u00e9 en polyester avec maille.<\/p>\n<p>Dimensions : 23 x 9,5 x 8 cm \/ 34,5 x 24,5 x 9 cm \/ 43 x 32 x 10 cm<br \/>\nPoids :\u00a0 \u00a0 \u00a0 \u00a0\u00a0\u00a0\u00a0\u00a0196 g<br \/>\nMati\u00e8re :\u00a0 \u00a0\u00a0\u00a0\u00a0\u00a0 polyester ripstop 210D<br \/>\nCouleur :\u00a0 \u00a0 \u00a0 \u00a0bleu<\/p>\n","protected":false},"excerpt":{"rendered":"<p>Cassettes de stockage pratiques, set \u00e0 3 pi\u00e8ces. Pour tous vos bagages. Id\u00e9al pour ranger tous vos bagages, tout reste propre et&hellip;<\/p>\n","protected":false},"featured_media":33722,"template":"","meta":{"_acf_changed":false},"product_brand":[],"product_cat":[2374,2450,2456],"product_tag":[],"class_list":{"0":"post-35605","1":"product","2":"type-product","3":"status-publish","4":"has-post-thumbnail","6":"product_cat-accessoires-de-voyage","7":"product_cat-accessoires-de-voyage-accessoires-de-voyage","8":"product_cat-autres-accessoires-de-voyage-accessoires-de-voyage","10":"first","11":"instock","12":"purchasable","13":"product-type-simple"},"acf":[],"_links":{"self":[{"href":"https:\/\/travelsafe.nl\/fr\/wp-json\/wp\/v2\/product\/35605","targetHints":{"allow":["GET"]}}],"collection":[{"href":"https:\/\/travelsafe.nl\/fr\/wp-json\/wp\/v2\/product"}],"about":[{"href":"https:\/\/travelsafe.nl\/fr\/wp-json\/wp\/v2\/types\/product"}],"wp:featuredmedia":[{"embeddable":true,"href":"https:\/\/travelsafe.nl\/fr\/wp-json\/wp\/v2\/media\/33722"}],"wp:attachment":[{"href":"https:\/\/travelsafe.nl\/fr\/wp-json\/wp\/v2\/media?parent=35605"}],"wp:term":[{"taxonomy":"product_brand","embeddable":true,"href":"https:\/\/travelsafe.nl\/fr\/wp-json\/wp\/v2\/product_brand?post=35605"},{"taxonomy":"product_cat","embeddable":true,"href":"https:\/\/travelsafe.nl\/fr\/wp-json\/wp\/v2\/product_cat?post=35605"},{"taxonomy":"product_tag","embeddable":true,"href":"https:\/\/travelsafe.nl\/fr\/wp-json\/wp\/v2\/product_tag?post=35605"}],"curies":[{"name":"wp","href":"https:\/\/api.w.org\/{rel}","templated":true}]}}