{"id":35606,"date":"2019-06-10T23:16:06","date_gmt":"2019-06-10T23:16:06","guid":{"rendered":"http:\/\/travelsafe.nl\/assortiment\/non%20class\u00e9\/sac-de-beat-taille-s-vert\/"},"modified":"2023-07-21T07:41:09","modified_gmt":"2023-07-21T07:41:09","slug":"sac-de-beat-taille-s-vert","status":"publish","type":"product","link":"https:\/\/travelsafe.nl\/fr\/assortiment\/accessoires-de-voyage\/accessoires-de-voyage-accessoires-de-voyage\/autres-accessoires-de-voyage-accessoires-de-voyage\/sac-de-beat-taille-s-vert\/","title":{"rendered":"Trousse de toilette \u2013 S &#8211; vert"},"content":{"rendered":"<p>Petite trousse de toilette. Id\u00e9al pour ranger du maquillage et\u00a0petits articles de toilette. Compartiment\u00a0principal avec fermeture \u00e9clair et poche avant suppl\u00e9mentaire. Fabriqu\u00e9 en polyester rip-stop\u00a0avec un imprim\u00e9 du globe original.<\/p>\n<p>\u00c9galement disponible en tailles M et L.<\/p>\n<p>Dimensions : 16,5 x 11 x 7 cm<br \/>\nPoids :\u00a0 \u00a0 \u00a0 \u00a0\u00a0\u00a0\u00a0\u00a0\u00a038 g<br \/>\nMati\u00e8re :\u00a0 \u00a0\u00a0\u00a0\u00a0\u00a0 polyester ripstop 210D<br \/>\nCouleur :\u00a0 \u00a0\u00a0\u00a0\u00a0\u00a0\u00a0Vert pomme<\/p>\n","protected":false},"excerpt":{"rendered":"<p>Petite trousse de toilette. Id\u00e9al pour ranger du maquillage et\u00a0petits articles de toilette. Compartiment\u00a0principal avec fermeture \u00e9clair et poche avant suppl\u00e9mentaire. Fabriqu\u00e9&hellip;<\/p>\n","protected":false},"featured_media":33743,"template":"","meta":{"_acf_changed":false},"product_brand":[],"product_cat":[2374,2450,2456],"product_tag":[],"class_list":{"0":"post-35606","1":"product","2":"type-product","3":"status-publish","4":"has-post-thumbnail","6":"product_cat-accessoires-de-voyage","7":"product_cat-accessoires-de-voyage-accessoires-de-voyage","8":"product_cat-autres-accessoires-de-voyage-accessoires-de-voyage","10":"first","11":"instock","12":"purchasable","13":"product-type-simple"},"acf":[],"_links":{"self":[{"href":"https:\/\/travelsafe.nl\/fr\/wp-json\/wp\/v2\/product\/35606","targetHints":{"allow":["GET"]}}],"collection":[{"href":"https:\/\/travelsafe.nl\/fr\/wp-json\/wp\/v2\/product"}],"about":[{"href":"https:\/\/travelsafe.nl\/fr\/wp-json\/wp\/v2\/types\/product"}],"wp:featuredmedia":[{"embeddable":true,"href":"https:\/\/travelsafe.nl\/fr\/wp-json\/wp\/v2\/media\/33743"}],"wp:attachment":[{"href":"https:\/\/travelsafe.nl\/fr\/wp-json\/wp\/v2\/media?parent=35606"}],"wp:term":[{"taxonomy":"product_brand","embeddable":true,"href":"https:\/\/travelsafe.nl\/fr\/wp-json\/wp\/v2\/product_brand?post=35606"},{"taxonomy":"product_cat","embeddable":true,"href":"https:\/\/travelsafe.nl\/fr\/wp-json\/wp\/v2\/product_cat?post=35606"},{"taxonomy":"product_tag","embeddable":true,"href":"https:\/\/travelsafe.nl\/fr\/wp-json\/wp\/v2\/product_tag?post=35606"}],"curies":[{"name":"wp","href":"https:\/\/api.w.org\/{rel}","templated":true}]}}