{"id":35607,"date":"2019-06-10T23:16:06","date_gmt":"2019-06-10T23:16:06","guid":{"rendered":"http:\/\/travelsafe.nl\/assortiment\/non%20class\u00e9\/sac-de-beaut-s-saumon\/"},"modified":"2023-04-07T14:01:19","modified_gmt":"2023-04-07T14:01:19","slug":"sac-de-beaut-s-saumon","status":"publish","type":"product","link":"https:\/\/travelsafe.nl\/fr\/assortiment\/accessoires-de-voyage\/accessoires-de-voyage-accessoires-de-voyage\/autres-accessoires-de-voyage-accessoires-de-voyage\/sac-de-beaut-s-saumon\/","title":{"rendered":"Sac de beaut&#xE9; &#8211; S &#8211; Saumon"},"content":{"rendered":"<p>Petit sac de beaut\u00e9 id\u00e9al pour le stockage des petits articles de toilette. Compartiment&nbsp;principal avec fermeture \u00e9clair et poche externe. Fabriqu\u00e9 en polyester rip-stop&nbsp;avec une print d\u2019originale. Disponible en deux couleurs: vert et saumon<\/p>\n","protected":false},"excerpt":{"rendered":"<p>Petit sac de beaut\u00e9 id\u00e9al pour le stockage des petits articles de toilette. Compartiment&nbsp;principal avec fermeture \u00e9clair et poche externe. Fabriqu\u00e9 en&hellip;<\/p>\n","protected":false},"featured_media":33752,"template":"","meta":{"_acf_changed":false},"product_brand":[],"product_cat":[2374,2450,2456],"product_tag":[],"class_list":{"0":"post-35607","1":"product","2":"type-product","3":"status-publish","4":"has-post-thumbnail","6":"product_cat-accessoires-de-voyage","7":"product_cat-accessoires-de-voyage-accessoires-de-voyage","8":"product_cat-autres-accessoires-de-voyage-accessoires-de-voyage","10":"first","11":"instock","12":"purchasable","13":"product-type-simple"},"acf":[],"_links":{"self":[{"href":"https:\/\/travelsafe.nl\/fr\/wp-json\/wp\/v2\/product\/35607","targetHints":{"allow":["GET"]}}],"collection":[{"href":"https:\/\/travelsafe.nl\/fr\/wp-json\/wp\/v2\/product"}],"about":[{"href":"https:\/\/travelsafe.nl\/fr\/wp-json\/wp\/v2\/types\/product"}],"wp:featuredmedia":[{"embeddable":true,"href":"https:\/\/travelsafe.nl\/fr\/wp-json\/wp\/v2\/media\/33752"}],"wp:attachment":[{"href":"https:\/\/travelsafe.nl\/fr\/wp-json\/wp\/v2\/media?parent=35607"}],"wp:term":[{"taxonomy":"product_brand","embeddable":true,"href":"https:\/\/travelsafe.nl\/fr\/wp-json\/wp\/v2\/product_brand?post=35607"},{"taxonomy":"product_cat","embeddable":true,"href":"https:\/\/travelsafe.nl\/fr\/wp-json\/wp\/v2\/product_cat?post=35607"},{"taxonomy":"product_tag","embeddable":true,"href":"https:\/\/travelsafe.nl\/fr\/wp-json\/wp\/v2\/product_tag?post=35607"}],"curies":[{"name":"wp","href":"https:\/\/api.w.org\/{rel}","templated":true}]}}