{"id":35613,"date":"2019-06-10T23:16:09","date_gmt":"2019-06-10T23:16:09","guid":{"rendered":"http:\/\/travelsafe.nl\/assortiment\/non%20class\u00e9\/poche-sous-le-bras-holster-wallet-poly-coton\/"},"modified":"2023-04-07T14:01:20","modified_gmt":"2023-04-07T14:01:20","slug":"poche-sous-le-bras-holster-wallet-poly-coton","status":"publish","type":"product","link":"https:\/\/travelsafe.nl\/fr\/assortiment\/accessoires-de-voyage\/sac-de-documents\/coton\/poche-sous-le-bras-holster-wallet-poly-coton\/","title":{"rendered":"Porte-Monnaie Secret Holster  \u2013 Beige"},"content":{"rendered":"<p>Une pochette confortable en polyester\/coton,\u00a0\u00e0 porter sous le bras (convient aussi pour le portage\u00a0au tour de cou). Invisible sous la chemise. 2\u00a0Poches zipp\u00e9es pour les documents de voyage,\u00a0\u00e9pauli\u00e8re r\u00e9glable par velcro. Les bords et les coutures\u00a0n\u2019irritent pas la peau. Doublure en tissue non tiss\u00e9e, confortable pour la peau avec une haute capacit\u00e9\u00a0d\u2019absorption pour chasser l\u2019humidit\u00e9.<\/p>\n<p>Dimensions :\u00a0 \u00a015 x 18 cm<br \/>\nPoids :\u00a0 \u00a0 \u00a0 \u00a0 \u00a0 \u00a0 \u00a046 g<br \/>\nMati\u00e8re :\u00a0 \u00a0 \u00a0 \u00a0 \u00a0Coton<br \/>\nCouleur :\u00a0 \u00a0 \u00a0 \u00a0 \u00a0Beige<\/p>\n","protected":false},"excerpt":{"rendered":"<p>Une pochette confortable en polyester\/coton,\u00a0\u00e0 porter sous le bras (convient aussi pour le portage\u00a0au tour de cou). Invisible sous la chemise. 2\u00a0Poches&hellip;<\/p>\n","protected":false},"featured_media":33830,"template":"","meta":{"_acf_changed":false},"product_brand":[],"product_cat":[2374,2483,2499],"product_tag":[],"class_list":{"0":"post-35613","1":"product","2":"type-product","3":"status-publish","4":"has-post-thumbnail","6":"product_cat-accessoires-de-voyage","7":"product_cat-sac-de-documents","8":"product_cat-coton","10":"first","11":"instock","12":"purchasable","13":"product-type-simple"},"acf":[],"_links":{"self":[{"href":"https:\/\/travelsafe.nl\/fr\/wp-json\/wp\/v2\/product\/35613","targetHints":{"allow":["GET"]}}],"collection":[{"href":"https:\/\/travelsafe.nl\/fr\/wp-json\/wp\/v2\/product"}],"about":[{"href":"https:\/\/travelsafe.nl\/fr\/wp-json\/wp\/v2\/types\/product"}],"wp:featuredmedia":[{"embeddable":true,"href":"https:\/\/travelsafe.nl\/fr\/wp-json\/wp\/v2\/media\/33830"}],"wp:attachment":[{"href":"https:\/\/travelsafe.nl\/fr\/wp-json\/wp\/v2\/media?parent=35613"}],"wp:term":[{"taxonomy":"product_brand","embeddable":true,"href":"https:\/\/travelsafe.nl\/fr\/wp-json\/wp\/v2\/product_brand?post=35613"},{"taxonomy":"product_cat","embeddable":true,"href":"https:\/\/travelsafe.nl\/fr\/wp-json\/wp\/v2\/product_cat?post=35613"},{"taxonomy":"product_tag","embeddable":true,"href":"https:\/\/travelsafe.nl\/fr\/wp-json\/wp\/v2\/product_tag?post=35613"}],"curies":[{"name":"wp","href":"https:\/\/api.w.org\/{rel}","templated":true}]}}