{"id":35615,"date":"2019-06-10T23:16:12","date_gmt":"2019-06-10T23:16:12","guid":{"rendered":"http:\/\/travelsafe.nl\/assortiment\/non%20class\u00e9\/sac-de-cou-airport-sasfe-poly-coton\/"},"modified":"2023-08-10T14:28:25","modified_gmt":"2023-08-10T14:28:25","slug":"sac-de-cou-airport-sasfe-poly-coton","status":"publish","type":"product","link":"https:\/\/travelsafe.nl\/fr\/assortiment\/accessoires-de-voyage\/sac-de-documents\/coton\/sac-de-cou-airport-sasfe-poly-coton\/","title":{"rendered":"A\u00e9roport Poche de s\u00e9curit\u00e9  \u2013 tour du cou &#8211; Beige"},"content":{"rendered":"<p>Tour du cou en polyester\/coton, avec 2 pochettes zipp\u00e9es avec enveloppe\u00a0plastique \u00e9tanche pour vos documents de\u00a0voyage. Les bords et les coutures n\u2019irritent pas la\u00a0peau. Doublure en tissue non tiss\u00e9e confortable pour la peau et avec une haute capacit\u00e9 d\u2019absorption pour chasser l\u2019humidit\u00e9.<\/p>\n<p>Dimensions :\u00a0 \u00a013,5 x 22 cm<br \/>\nPoids :\u00a0 \u00a0 \u00a0 \u00a0 \u00a0 \u00a0 \u00a0 45 g<br \/>\nMati\u00e8re :\u00a0 \u00a0 \u00a0 \u00a0 \u00a0 Coton<br \/>\nCouleur :\u00a0 \u00a0 \u00a0 \u00a0 \u00a0 Beige<\/p>\n","protected":false},"excerpt":{"rendered":"<p>Tour du cou en polyester\/coton, avec 2 pochettes zipp\u00e9es avec enveloppe\u00a0plastique \u00e9tanche pour vos documents de\u00a0voyage. Les bords et les coutures n\u2019irritent&hellip;<\/p>\n","protected":false},"featured_media":33864,"template":"","meta":{"_acf_changed":false},"product_brand":[],"product_cat":[2374,2483,2499],"product_tag":[],"class_list":{"0":"post-35615","1":"product","2":"type-product","3":"status-publish","4":"has-post-thumbnail","6":"product_cat-accessoires-de-voyage","7":"product_cat-sac-de-documents","8":"product_cat-coton","10":"first","11":"outofstock","12":"purchasable","13":"product-type-simple"},"acf":[],"_links":{"self":[{"href":"https:\/\/travelsafe.nl\/fr\/wp-json\/wp\/v2\/product\/35615","targetHints":{"allow":["GET"]}}],"collection":[{"href":"https:\/\/travelsafe.nl\/fr\/wp-json\/wp\/v2\/product"}],"about":[{"href":"https:\/\/travelsafe.nl\/fr\/wp-json\/wp\/v2\/types\/product"}],"wp:featuredmedia":[{"embeddable":true,"href":"https:\/\/travelsafe.nl\/fr\/wp-json\/wp\/v2\/media\/33864"}],"wp:attachment":[{"href":"https:\/\/travelsafe.nl\/fr\/wp-json\/wp\/v2\/media?parent=35615"}],"wp:term":[{"taxonomy":"product_brand","embeddable":true,"href":"https:\/\/travelsafe.nl\/fr\/wp-json\/wp\/v2\/product_brand?post=35615"},{"taxonomy":"product_cat","embeddable":true,"href":"https:\/\/travelsafe.nl\/fr\/wp-json\/wp\/v2\/product_cat?post=35615"},{"taxonomy":"product_tag","embeddable":true,"href":"https:\/\/travelsafe.nl\/fr\/wp-json\/wp\/v2\/product_tag?post=35615"}],"curies":[{"name":"wp","href":"https:\/\/api.w.org\/{rel}","templated":true}]}}