{"id":35616,"date":"2019-06-10T23:16:12","date_gmt":"2019-06-10T23:16:12","guid":{"rendered":"http:\/\/travelsafe.nl\/assortiment\/non%20class\u00e9\/foldable-neck-pillow\/"},"modified":"2023-08-10T14:29:24","modified_gmt":"2023-08-10T14:29:24","slug":"foldable-neck-pillow","status":"publish","type":"product","link":"https:\/\/travelsafe.nl\/fr\/assortiment\/accessoires-de-voyage\/accessoires-de-voyage-accessoires-de-voyage\/coussin-voyage\/foldable-neck-pillow\/","title":{"rendered":"Coussin de Voyage enroulable avec mousse \u00e0 m\u00e9moire"},"content":{"rendered":"<p>Cet oreiller est \u00e9quip\u00e9 d\u2019une mousse \u00e0 m\u00e9moire de forme qui s\u2019adapte parfaitement \u00e0 votre cou et offre ainsi un soutien optimal. Le coussin peut facilement \u00eatre enroul\u00e9 et mis dans la pochette de rangement incluse pour un rangement facile dans vos bagages. La housse est amovible et lavable avec une fermeture \u00e0 glissi\u00e8re.<\/p>\n<p>Dimensions :\u00a024 x 24 x 12cm &#8211; \u00f8 12 x 12 cm<br \/>\nPoids :\u00a0 \u00a0 \u00a0 \u00a0 \u00a0 \u00a0269 g<br \/>\nMati\u00e8re :\u00a0 \u00a0 \u00a0\u00a0 100% polyester respirant soft touch avec <strong>mousse m\u00e9moire<\/strong><br \/>\nCouleur :\u00a0 \u00a0 \u00a0 \u00a0Noir-vert<\/p>\n","protected":false},"excerpt":{"rendered":"<p>Cet oreiller est \u00e9quip\u00e9 d\u2019une mousse \u00e0 m\u00e9moire de forme qui s\u2019adapte parfaitement \u00e0 votre cou et offre ainsi un soutien optimal.&hellip;<\/p>\n","protected":false},"featured_media":33881,"template":"","meta":{"_acf_changed":false},"product_brand":[],"product_cat":[2374,2450,2488],"product_tag":[],"class_list":{"0":"post-35616","1":"product","2":"type-product","3":"status-publish","4":"has-post-thumbnail","6":"product_cat-accessoires-de-voyage","7":"product_cat-accessoires-de-voyage-accessoires-de-voyage","8":"product_cat-coussin-voyage","10":"first","11":"outofstock","12":"purchasable","13":"product-type-simple"},"acf":[],"_links":{"self":[{"href":"https:\/\/travelsafe.nl\/fr\/wp-json\/wp\/v2\/product\/35616","targetHints":{"allow":["GET"]}}],"collection":[{"href":"https:\/\/travelsafe.nl\/fr\/wp-json\/wp\/v2\/product"}],"about":[{"href":"https:\/\/travelsafe.nl\/fr\/wp-json\/wp\/v2\/types\/product"}],"wp:featuredmedia":[{"embeddable":true,"href":"https:\/\/travelsafe.nl\/fr\/wp-json\/wp\/v2\/media\/33881"}],"wp:attachment":[{"href":"https:\/\/travelsafe.nl\/fr\/wp-json\/wp\/v2\/media?parent=35616"}],"wp:term":[{"taxonomy":"product_brand","embeddable":true,"href":"https:\/\/travelsafe.nl\/fr\/wp-json\/wp\/v2\/product_brand?post=35616"},{"taxonomy":"product_cat","embeddable":true,"href":"https:\/\/travelsafe.nl\/fr\/wp-json\/wp\/v2\/product_cat?post=35616"},{"taxonomy":"product_tag","embeddable":true,"href":"https:\/\/travelsafe.nl\/fr\/wp-json\/wp\/v2\/product_tag?post=35616"}],"curies":[{"name":"wp","href":"https:\/\/api.w.org\/{rel}","templated":true}]}}