{"id":35618,"date":"2019-06-10T23:16:13","date_gmt":"2019-06-10T23:16:13","guid":{"rendered":"http:\/\/travelsafe.nl\/assortiment\/non%20class\u00e9\/travel-pillow-kids-with-cap-2\/"},"modified":"2023-04-07T14:01:21","modified_gmt":"2023-04-07T14:01:21","slug":"travel-pillow-kids-with-cap-2","status":"publish","type":"product","link":"https:\/\/travelsafe.nl\/fr\/assortiment\/accessoires-de-voyage\/accessoires-de-voyage-accessoires-de-voyage\/coussin-voyage\/travel-pillow-kids-with-cap-2\/","title":{"rendered":"Travel Pillow kids with cap"},"content":{"rendered":"<p>Nouvel oreiller de cou de style sp\u00e9cialement pour les enfants. Le chapeau de t\u00eate suppl\u00e9mentaire avec un design couvre la t\u00eate et offre un environnement calme et<br \/>\nconfortable. La mousse PP \u00e9pouse parfaitement le cou.<\/p>\n","protected":false},"excerpt":{"rendered":"<p>Nouvel oreiller de cou de style sp\u00e9cialement pour les enfants. Le chapeau de t\u00eate suppl\u00e9mentaire avec un design couvre la t\u00eate et&hellip;<\/p>\n","protected":false},"featured_media":33907,"template":"","meta":{"_acf_changed":false},"product_brand":[],"product_cat":[2374,2450,2488],"product_tag":[],"class_list":{"0":"post-35618","1":"product","2":"type-product","3":"status-publish","4":"has-post-thumbnail","6":"product_cat-accessoires-de-voyage","7":"product_cat-accessoires-de-voyage-accessoires-de-voyage","8":"product_cat-coussin-voyage","10":"first","11":"onbackorder","12":"purchasable","13":"product-type-simple"},"acf":[],"_links":{"self":[{"href":"https:\/\/travelsafe.nl\/fr\/wp-json\/wp\/v2\/product\/35618","targetHints":{"allow":["GET"]}}],"collection":[{"href":"https:\/\/travelsafe.nl\/fr\/wp-json\/wp\/v2\/product"}],"about":[{"href":"https:\/\/travelsafe.nl\/fr\/wp-json\/wp\/v2\/types\/product"}],"wp:featuredmedia":[{"embeddable":true,"href":"https:\/\/travelsafe.nl\/fr\/wp-json\/wp\/v2\/media\/33907"}],"wp:attachment":[{"href":"https:\/\/travelsafe.nl\/fr\/wp-json\/wp\/v2\/media?parent=35618"}],"wp:term":[{"taxonomy":"product_brand","embeddable":true,"href":"https:\/\/travelsafe.nl\/fr\/wp-json\/wp\/v2\/product_brand?post=35618"},{"taxonomy":"product_cat","embeddable":true,"href":"https:\/\/travelsafe.nl\/fr\/wp-json\/wp\/v2\/product_cat?post=35618"},{"taxonomy":"product_tag","embeddable":true,"href":"https:\/\/travelsafe.nl\/fr\/wp-json\/wp\/v2\/product_tag?post=35618"}],"curies":[{"name":"wp","href":"https:\/\/api.w.org\/{rel}","templated":true}]}}