{"id":35619,"date":"2019-06-10T23:16:13","date_gmt":"2019-06-10T23:16:13","guid":{"rendered":"http:\/\/travelsafe.nl\/assortiment\/non%20class\u00e9\/leak-proof-stuff-bags-large\/"},"modified":"2023-07-21T07:37:26","modified_gmt":"2023-07-21T07:37:26","slug":"leak-proof-stuff-bags-large","status":"publish","type":"product","link":"https:\/\/travelsafe.nl\/fr\/assortiment\/accessoires-de-voyage\/accessoires-de-voyage-accessoires-de-voyage\/autres-accessoires-de-voyage-accessoires-de-voyage\/leak-proof-stuff-bags-large\/","title":{"rendered":"Sacs de rangements \u00e9tanches \u2013 3 pi\u00e8ces"},"content":{"rendered":"<p>3 pi\u00e8ces de sacs \u00e9tanches avec fermeture sp\u00e9ciale. L\u2019ensemble se compose de 3 tailles diff\u00e9rentes, parfait \u00e0 utiliser comme sacs de rangement pour vos liquides dans votre bagage \u00e0 main. Le mat\u00e9riau et la fermeture sont \u00e9tanches et garantissent qu\u2019aucun liquide ne peut s\u2019\u00e9chapper dans vos bagages. Ces sacs r\u00e9utilisables remplacent les sacs en plastique jetables.<\/p>\n<p>Dimensions : 21 x 6,5 x 18,5 cm \/ 19,5 x 6 x 12 cm \/ 11,5 x 6 x 8 cm<br \/>\nPoids :\u00a0 \u00a0 \u00a0 \u00a0\u00a0\u00a0\u00a0\u00a064 g (3 pi\u00e8ces)<br \/>\nMati\u00e8re :\u00a0 \u00a0\u00a0\u00a0\u00a0\u00a0 EVA, sans BPA<br \/>\nCouleur :\u00a0 \u00a0\u00a0\u00a0\u00a0\u00a0Transparent<\/p>\n","protected":false},"excerpt":{"rendered":"<p>3 pi\u00e8ces de sacs \u00e9tanches avec fermeture sp\u00e9ciale. L\u2019ensemble se compose de 3 tailles diff\u00e9rentes, parfait \u00e0 utiliser comme sacs de rangement&hellip;<\/p>\n","protected":false},"featured_media":33920,"template":"","meta":{"_acf_changed":false},"product_brand":[],"product_cat":[2374,2450,2456],"product_tag":[],"class_list":{"0":"post-35619","1":"product","2":"type-product","3":"status-publish","4":"has-post-thumbnail","6":"product_cat-accessoires-de-voyage","7":"product_cat-accessoires-de-voyage-accessoires-de-voyage","8":"product_cat-autres-accessoires-de-voyage-accessoires-de-voyage","10":"first","11":"onbackorder","12":"purchasable","13":"product-type-simple"},"acf":[],"_links":{"self":[{"href":"https:\/\/travelsafe.nl\/fr\/wp-json\/wp\/v2\/product\/35619","targetHints":{"allow":["GET"]}}],"collection":[{"href":"https:\/\/travelsafe.nl\/fr\/wp-json\/wp\/v2\/product"}],"about":[{"href":"https:\/\/travelsafe.nl\/fr\/wp-json\/wp\/v2\/types\/product"}],"wp:featuredmedia":[{"embeddable":true,"href":"https:\/\/travelsafe.nl\/fr\/wp-json\/wp\/v2\/media\/33920"}],"wp:attachment":[{"href":"https:\/\/travelsafe.nl\/fr\/wp-json\/wp\/v2\/media?parent=35619"}],"wp:term":[{"taxonomy":"product_brand","embeddable":true,"href":"https:\/\/travelsafe.nl\/fr\/wp-json\/wp\/v2\/product_brand?post=35619"},{"taxonomy":"product_cat","embeddable":true,"href":"https:\/\/travelsafe.nl\/fr\/wp-json\/wp\/v2\/product_cat?post=35619"},{"taxonomy":"product_tag","embeddable":true,"href":"https:\/\/travelsafe.nl\/fr\/wp-json\/wp\/v2\/product_tag?post=35619"}],"curies":[{"name":"wp","href":"https:\/\/api.w.org\/{rel}","templated":true}]}}