{"id":35623,"date":"2019-06-10T23:16:15","date_gmt":"2019-06-10T23:16:15","guid":{"rendered":"http:\/\/travelsafe.nl\/assortiment\/non%20class\u00e9\/first-aid-kit-globe-scout\/"},"modified":"2023-07-13T14:43:40","modified_gmt":"2023-07-13T14:43:40","slug":"first-aid-kit-globe-scout","status":"publish","type":"product","link":"https:\/\/travelsafe.nl\/fr\/assortiment\/trousse-de-secours\/trousse-de-soin\/first-aid-kit-globe-scout\/","title":{"rendered":"Globe Scout &#8211; Trousse de Premiers Secours"},"content":{"rendered":"<p>Set compact de premiers soins avec les ingr\u00e9dients de base, id\u00e9al pour les activit\u00e9s ext\u00e9rieures simples et de courte dur\u00e9e (scout) ou pour une utilisation quotidienne. Le set Globe Scout est emball\u00e9 dans un sac de conception nouvelle, fabriqu\u00e9 en polyester robuste et inusable avec 2 pochettes transparentes. Ces pochettes transparentes permettent de retrouver ais\u00e9ment et rapidement les articles dont vous avez besoin. L\u2019arri\u00e8re du set est pourvu d\u2019une pi\u00e8ce sp\u00e9ciale avec lequel vous pouvez attacher sans peine le set \u00e0 votre sac \u00e0 dos ou ceinture.<\/p>\n<p>Si pour un motif quelconque vous ne pouvez pas imm\u00e9diatement disposer d\u2019assistance m\u00e9dicale ad\u00e9quate, ceci peut entra\u00eener des situations d\u00e9licates et dangereuses. Si vous n\u2019avez pas la trousse TravelSafe, vos bagages ne seront pas complets. Pour chaque destination ou chaque activit\u00e9, il existe une trousse de secours compacte et facile d\u2019emploi, compl\u00e9t\u00e9e si n\u00e9cessaire d\u2019explications m\u00e9dicales. Si vous faites un voyage dans un pays sans risque pour l\u2019H\u00e9patite B\/VIH, comme les pays europ\u00e9ens, la trousse First Aid (bleu\/rouge) sera suffisante. La trousse St\u00e9rile (orange\/jaune fluo) est absolument conseill\u00e9e si vous visitez des pays avec un risque d\u2019H\u00e9patite B\/VIH, comme l\u2019Afrique, l\u2019Am\u00e9rique du Sud et l\u2019Asie, en un mot les (sub)tropiques.<\/p>\n<p>Dimensions :\u00a0 \u00a010 x 6,5 x 3 cm<br \/>\nPoids :\u00a0 \u00a0 \u00a0 \u00a0 \u00a0 \u00a0 \u00a0105 g<br \/>\nMati\u00e8re :\u00a0 \u00a0 \u00a0 \u00a0 \u00a0Polyester<br \/>\nArticles :\u00a0 \u00a0 \u00a0 \u00a0 \u00a0 17<\/p>\n","protected":false},"excerpt":{"rendered":"<p>Set compact de premiers soins avec les ingr\u00e9dients de base, id\u00e9al pour les activit\u00e9s ext\u00e9rieures simples et de courte dur\u00e9e (scout) ou&hellip;<\/p>\n","protected":false},"featured_media":33962,"template":"","meta":{"_acf_changed":false},"product_brand":[],"product_cat":[2371,2444],"product_tag":[],"class_list":{"0":"post-35623","1":"product","2":"type-product","3":"status-publish","4":"has-post-thumbnail","6":"product_cat-trousse-de-secours","7":"product_cat-trousse-de-soin","9":"first","10":"instock","11":"purchasable","12":"product-type-simple"},"acf":[],"_links":{"self":[{"href":"https:\/\/travelsafe.nl\/fr\/wp-json\/wp\/v2\/product\/35623","targetHints":{"allow":["GET"]}}],"collection":[{"href":"https:\/\/travelsafe.nl\/fr\/wp-json\/wp\/v2\/product"}],"about":[{"href":"https:\/\/travelsafe.nl\/fr\/wp-json\/wp\/v2\/types\/product"}],"wp:featuredmedia":[{"embeddable":true,"href":"https:\/\/travelsafe.nl\/fr\/wp-json\/wp\/v2\/media\/33962"}],"wp:attachment":[{"href":"https:\/\/travelsafe.nl\/fr\/wp-json\/wp\/v2\/media?parent=35623"}],"wp:term":[{"taxonomy":"product_brand","embeddable":true,"href":"https:\/\/travelsafe.nl\/fr\/wp-json\/wp\/v2\/product_brand?post=35623"},{"taxonomy":"product_cat","embeddable":true,"href":"https:\/\/travelsafe.nl\/fr\/wp-json\/wp\/v2\/product_cat?post=35623"},{"taxonomy":"product_tag","embeddable":true,"href":"https:\/\/travelsafe.nl\/fr\/wp-json\/wp\/v2\/product_tag?post=35623"}],"curies":[{"name":"wp","href":"https:\/\/api.w.org\/{rel}","templated":true}]}}