{"id":35624,"date":"2019-06-10T23:16:16","date_gmt":"2019-06-10T23:16:16","guid":{"rendered":"http:\/\/travelsafe.nl\/assortiment\/non%20class\u00e9\/trousse-de-secours-globe-tour\/"},"modified":"2023-04-07T14:01:22","modified_gmt":"2023-04-07T14:01:22","slug":"trousse-de-secours-globe-tour","status":"publish","type":"product","link":"https:\/\/travelsafe.nl\/fr\/assortiment\/trousse-de-secours\/trousse-de-soin\/trousse-de-secours-globe-tour\/","title":{"rendered":"Globe Tour -Trousse de Premiers Secours"},"content":{"rendered":"<p>Set de premier secours adapt\u00e9 \u00e0 tous les types de voyage ou d\u2019activit\u00e9s de plein air. Ce set est tr\u00e8s complet et contient 56 articles de premiers soins dont vous pourriez avoir besoin pendant votre voyage. Diff\u00e9rentes sortes de pansements, de sparadraps, des ciseaux, une lancette pour prise de sang, etc. Le Globe Tour est un set de conception nouvelle, fabriqu\u00e9 en polyester robuste et inusable avec de nombreuses pochettes transparentes (10) et une grande pochette \u00e0 fermeture \u00e9clair. Ces pochettes transparentes permettent de retrouver tr\u00e8s facilement et rapidement les articles dont vous avez besoin. L\u2019arri\u00e8re du set poss\u00e8de des pi\u00e8ces de fixation renforc\u00e9s pour pouvoir l\u2019attacher sans peine \u00e0 votre sac \u00e0 dos ou ceinture.<\/p>\n<p>Si pour un motif quelconque vous ne pouvez pas imm\u00e9diatement disposer d\u2019assistance m\u00e9dicale ad\u00e9quate, ceci peut entra\u00eener des situations d\u00e9licates et dangereuses. Si vous n\u2019avez pas la trousse TravelSafe, vos bagages ne seront pas complets. Pour chaque destination ou chaque activit\u00e9, il existe une trousse de secours compacte et facile d\u2019emploi, compl\u00e9t\u00e9e si n\u00e9cessaire d\u2019explications m\u00e9dicales. Si vous faites un voyage dans un pays sans risque pour l\u2019H\u00e9patite B\/VIH, comme les pays europ\u00e9ens, la trousse First Aid (bleu\/rouge) sera suffisante. La trousse St\u00e9rile (orange\/jaune fluo) est absolument conseill\u00e9e si vous visitez des pays avec un risque d\u2019H\u00e9patite B\/VIH, comme l\u2019Afrique, l\u2019Am\u00e9rique du Sud et l\u2019Asie, en un mot les (sub)tropiques.<\/p>\n<p>Dimensions :\u00a0 \u00a018 x 12 x 5,5 cm<br \/>\nPoids :\u00a0 \u00a0 \u00a0 \u00a0 \u00a0 \u00a0 \u00a0453 g<br \/>\nMati\u00e8re :\u00a0 \u00a0 \u00a0 \u00a0 \u00a0Polyester<br \/>\nArticles :\u00a0 \u00a0 \u00a0 \u00a0 \u00a0 57<\/p>\n<p>&nbsp;<\/p>\n","protected":false},"excerpt":{"rendered":"<p>Set de premier secours adapt\u00e9 \u00e0 tous les types de voyage ou d\u2019activit\u00e9s de plein air. Ce set est tr\u00e8s complet et&hellip;<\/p>\n","protected":false},"featured_media":33991,"template":"","meta":{"_acf_changed":false},"product_brand":[],"product_cat":[2371,2444],"product_tag":[],"class_list":{"0":"post-35624","1":"product","2":"type-product","3":"status-publish","4":"has-post-thumbnail","6":"product_cat-trousse-de-secours","7":"product_cat-trousse-de-soin","9":"first","10":"instock","11":"purchasable","12":"product-type-simple"},"acf":[],"_links":{"self":[{"href":"https:\/\/travelsafe.nl\/fr\/wp-json\/wp\/v2\/product\/35624","targetHints":{"allow":["GET"]}}],"collection":[{"href":"https:\/\/travelsafe.nl\/fr\/wp-json\/wp\/v2\/product"}],"about":[{"href":"https:\/\/travelsafe.nl\/fr\/wp-json\/wp\/v2\/types\/product"}],"wp:featuredmedia":[{"embeddable":true,"href":"https:\/\/travelsafe.nl\/fr\/wp-json\/wp\/v2\/media\/33991"}],"wp:attachment":[{"href":"https:\/\/travelsafe.nl\/fr\/wp-json\/wp\/v2\/media?parent=35624"}],"wp:term":[{"taxonomy":"product_brand","embeddable":true,"href":"https:\/\/travelsafe.nl\/fr\/wp-json\/wp\/v2\/product_brand?post=35624"},{"taxonomy":"product_cat","embeddable":true,"href":"https:\/\/travelsafe.nl\/fr\/wp-json\/wp\/v2\/product_cat?post=35624"},{"taxonomy":"product_tag","embeddable":true,"href":"https:\/\/travelsafe.nl\/fr\/wp-json\/wp\/v2\/product_tag?post=35624"}],"curies":[{"name":"wp","href":"https:\/\/api.w.org\/{rel}","templated":true}]}}