{"id":35625,"date":"2019-06-10T23:16:16","date_gmt":"2019-06-10T23:16:16","guid":{"rendered":"http:\/\/travelsafe.nl\/assortiment\/non%20class\u00e9\/trousse-de-secours-globe-waterproof\/"},"modified":"2023-04-07T14:01:22","modified_gmt":"2023-04-07T14:01:22","slug":"trousse-de-secours-globe-waterproof","status":"publish","type":"product","link":"https:\/\/travelsafe.nl\/fr\/assortiment\/trousse-de-secours\/trousse-de-soin\/trousse-de-secours-globe-waterproof\/","title":{"rendered":"Globe Imperm\u00e9able &#8211; Trousse de Premiers Secour"},"content":{"rendered":"<p>Une trousse \u00e9tanche de premiers soins pour toutes les activit\u00e9s de plein air. Le contenu de la trousse a \u00e9t\u00e9 formul\u00e9 pour une utilisation lors des longs voyages et\/ou activit\u00e9s de plein air. La trousse comprend pratiquement tous les articles dont vous pourriez avoir besoin pendant votre voyage. Diff\u00e9rentes sortes de pansements, une couverture de survie, une lancette de prise de sang,<br \/>\netc. rendent ce set tr\u00e8s complet. Le contenu de la trousse est emball\u00e9 dans un sac \u00e9tanche avec des coutures scell\u00e9es \u00e9tanches et est \u00e9quip\u00e9 d\u2019un kit interne amovible sp\u00e9cial. Ce kit interne poss\u00e8de plusieurs compartiments transparentes et une pochette \u00e0 fermeture \u00e9clair. Les pochettes en vinyle transparent vous permettent de retrouver tr\u00e8s simplement et rapidement les articles dont vous avez besoin. L\u2019arri\u00e8re du set poss\u00e8de d&rsquo;un pi\u00e8ce renforc\u00e9 sp\u00e9cial, qui vous permet de la fixer \u00e0 votre sac \u00e0 dos ou ceinture.<\/p>\n<p>Si pour un motif quelconque vous ne pouvez pas imm\u00e9diatement disposer d\u2019assistance m\u00e9dicale ad\u00e9quate, ceci peut entra\u00eener des situations d\u00e9licates et dangereuses. Si vous n\u2019avez pas la trousse TravelSafe, vos bagages ne seront pas complets. Pour chaque destination ou chaque activit\u00e9, il existe une trousse de secours compacte et facile d\u2019emploi, compl\u00e9t\u00e9e si n\u00e9cessaire d\u2019explications m\u00e9dicales. Si vous faites un voyage dans un pays sans risque pour l\u2019H\u00e9patite B\/VIH, comme les pays europ\u00e9ens, la trousse First Aid (bleu\/rouge) sera suffisante. La trousse St\u00e9rile (orange\/jaune fluo) est absolument conseill\u00e9e si vous visitez des pays avec un risque d\u2019H\u00e9patite B\/VIH, comme l\u2019Afrique, l\u2019Am\u00e9rique du Sud et l\u2019Asie, en un mot les (sub)tropiques.<\/p>\n<p>Dimensions :\u00a0 \u00a015 x 11 x 7 cm<br \/>\nPoids :\u00a0 \u00a0 \u00a0 \u00a0 \u00a0 \u00a0 \u00a0338 g<br \/>\nMati\u00e8re :\u00a0 \u00a0 \u00a0 \u00a0 \u00a0Polyester<br \/>\nArticles :\u00a0 \u00a0 \u00a0 \u00a0 \u00a0 43<\/p>\n","protected":false},"excerpt":{"rendered":"<p>Une trousse \u00e9tanche de premiers soins pour toutes les activit\u00e9s de plein air. Le contenu de la trousse a \u00e9t\u00e9 formul\u00e9 pour&hellip;<\/p>\n","protected":false},"featured_media":34006,"template":"","meta":{"_acf_changed":false},"product_brand":[],"product_cat":[2371,2444],"product_tag":[],"class_list":{"0":"post-35625","1":"product","2":"type-product","3":"status-publish","4":"has-post-thumbnail","6":"product_cat-trousse-de-secours","7":"product_cat-trousse-de-soin","9":"first","10":"instock","11":"purchasable","12":"product-type-simple"},"acf":[],"_links":{"self":[{"href":"https:\/\/travelsafe.nl\/fr\/wp-json\/wp\/v2\/product\/35625","targetHints":{"allow":["GET"]}}],"collection":[{"href":"https:\/\/travelsafe.nl\/fr\/wp-json\/wp\/v2\/product"}],"about":[{"href":"https:\/\/travelsafe.nl\/fr\/wp-json\/wp\/v2\/types\/product"}],"wp:featuredmedia":[{"embeddable":true,"href":"https:\/\/travelsafe.nl\/fr\/wp-json\/wp\/v2\/media\/34006"}],"wp:attachment":[{"href":"https:\/\/travelsafe.nl\/fr\/wp-json\/wp\/v2\/media?parent=35625"}],"wp:term":[{"taxonomy":"product_brand","embeddable":true,"href":"https:\/\/travelsafe.nl\/fr\/wp-json\/wp\/v2\/product_brand?post=35625"},{"taxonomy":"product_cat","embeddable":true,"href":"https:\/\/travelsafe.nl\/fr\/wp-json\/wp\/v2\/product_cat?post=35625"},{"taxonomy":"product_tag","embeddable":true,"href":"https:\/\/travelsafe.nl\/fr\/wp-json\/wp\/v2\/product_tag?post=35625"}],"curies":[{"name":"wp","href":"https:\/\/api.w.org\/{rel}","templated":true}]}}