{"id":35626,"date":"2019-06-10T23:16:16","date_gmt":"2019-06-10T23:16:16","guid":{"rendered":"http:\/\/travelsafe.nl\/assortiment\/non%20class\u00e9\/trousse-de-secours-globe-emergency-combi\/"},"modified":"2023-07-13T10:15:45","modified_gmt":"2023-07-13T10:15:45","slug":"trousse-de-secours-globe-emergency-combi","status":"publish","type":"product","link":"https:\/\/travelsafe.nl\/fr\/assortiment\/trousse-de-secours\/kit-strile\/trousse-de-secours-globe-emergency-combi\/","title":{"rendered":"Globe Combi Trousse d&rsquo;Urgences"},"content":{"rendered":"<p>La trousse d&rsquo;Urgences est indispensable lors des s\u00e9jours prolong\u00e9s dans des pays \u00e0 risque accru d\u2019h\u00e9patite B\/VIH, voyageant dans des conditions primitives ou dans la jungle pour une dur\u00e9e ind\u00e9termin\u00e9e. La trousse comprend des articles de premiers soins comme des pansements, des sparadraps, des ciseaux, etc. et compl\u00e9t\u00e9es par des articles st\u00e9riles comme des seringues et des aiguilles essentielles lors de voyages aventureux dans des pays o\u00f9 le risque pour la sant\u00e9 augmente.<\/p>\n<p>La trousse est faite d\u2019un polyester avec diff\u00e9rents compartiments transparents pour recherche rapide des articles dont vous avez besoin. Elle comprend des patchs pour une fixation facile sur le sac \u00e0 dos ou \u00e0 la ceinture. Contient une d\u00e9claration de m\u00e9decin international \u00e0 des fins douani\u00e8res et un livret de premiers soins.<\/p>\n<p>Si pour un motif quelconque vous ne pouvez pas imm\u00e9diatement disposer d\u2019assistance m\u00e9dicale ad\u00e9quate, ceci peut entra\u00eener des situations d\u00e9licates et dangereuses. Si vous n\u2019avez pas la trousse TravelSafe, vos bagages ne seront pas complets. Pour chaque destination ou chaque activit\u00e9, il existe une trousse de secours compacte et facile d\u2019emploi, compl\u00e9t\u00e9e si n\u00e9cessaire d\u2019explications m\u00e9dicales.\u00a0La trousse St\u00e9rile (orange\/jaune fluor) est absolument conseill\u00e9e si vous visitez des pays avec un risque d&rsquo;H\u00e9patite B\/VIH, comme l&rsquo;Afrique du Sud et l&rsquo;Asie, en un mot les (sub)tropiques.<\/p>\n<p>Dimensions :\u00a0 \u00a012 x 18 x 5 cm<br \/>\nPoids :\u00a0 \u00a0 \u00a0 \u00a0 \u00a0 \u00a0 \u00a0647 g<br \/>\nMati\u00e8re :\u00a0 \u00a0 \u00a0 \u00a0 \u00a0Polyester<br \/>\nArticles :\u00a0 \u00a0 \u00a0 \u00a0 \u00a0 69<\/p>\n<p>&nbsp;<\/p>\n","protected":false},"excerpt":{"rendered":"<p>La trousse d&rsquo;Urgences est indispensable lors des s\u00e9jours prolong\u00e9s dans des pays \u00e0 risque accru d\u2019h\u00e9patite B\/VIH, voyageant dans des conditions primitives&hellip;<\/p>\n","protected":false},"featured_media":34033,"template":"","meta":{"_acf_changed":false},"product_brand":[],"product_cat":[2371,2471],"product_tag":[],"class_list":{"0":"post-35626","1":"product","2":"type-product","3":"status-publish","4":"has-post-thumbnail","6":"product_cat-trousse-de-secours","7":"product_cat-kit-strile","9":"first","10":"onbackorder","11":"purchasable","12":"product-type-simple"},"acf":[],"_links":{"self":[{"href":"https:\/\/travelsafe.nl\/fr\/wp-json\/wp\/v2\/product\/35626","targetHints":{"allow":["GET"]}}],"collection":[{"href":"https:\/\/travelsafe.nl\/fr\/wp-json\/wp\/v2\/product"}],"about":[{"href":"https:\/\/travelsafe.nl\/fr\/wp-json\/wp\/v2\/types\/product"}],"wp:featuredmedia":[{"embeddable":true,"href":"https:\/\/travelsafe.nl\/fr\/wp-json\/wp\/v2\/media\/34033"}],"wp:attachment":[{"href":"https:\/\/travelsafe.nl\/fr\/wp-json\/wp\/v2\/media?parent=35626"}],"wp:term":[{"taxonomy":"product_brand","embeddable":true,"href":"https:\/\/travelsafe.nl\/fr\/wp-json\/wp\/v2\/product_brand?post=35626"},{"taxonomy":"product_cat","embeddable":true,"href":"https:\/\/travelsafe.nl\/fr\/wp-json\/wp\/v2\/product_cat?post=35626"},{"taxonomy":"product_tag","embeddable":true,"href":"https:\/\/travelsafe.nl\/fr\/wp-json\/wp\/v2\/product_tag?post=35626"}],"curies":[{"name":"wp","href":"https:\/\/api.w.org\/{rel}","templated":true}]}}