{"id":35627,"date":"2019-06-10T23:16:18","date_gmt":"2019-06-10T23:16:18","guid":{"rendered":"http:\/\/travelsafe.nl\/assortiment\/non%20class\u00e9\/trouse-de-secours-globe-basic\/"},"modified":"2023-04-07T14:01:22","modified_gmt":"2023-04-07T14:01:22","slug":"trouse-de-secours-globe-basic","status":"publish","type":"product","link":"https:\/\/travelsafe.nl\/fr\/assortiment\/trousse-de-secours\/trousse-de-soin\/trouse-de-secours-globe-basic\/","title":{"rendered":"Globe Basic &#8211; Trousse de Premiers Secours"},"content":{"rendered":"<p>Cette trousse de secours, le Basic Bag, est adapt\u00e9e \u00e0 toutes sortes d\u2019activit\u00e9s de plein air. Le contenu de cette trousse comprend les ingr\u00e9dients de base que vous pourriez avoir besoin pendant votre voyage. Diff\u00e9rents types et tailles de bandages, de pl\u00e2tres, une pincette, des ciseaux, etc. La trousse Globe Basic est emball\u00e9 dans un sac de conception nouvelle fait d\u2019un tissu de polyester solide et robuste avec des poches transparentes. Ces poches facilitent la recherche des articles dont vous avez besoin en cas d\u2019urgence. L\u2019arri\u00e8re de la trousse est dot\u00e9 de pi\u00e8ces renforc\u00e9s sp\u00e9ciaux que vous pouvez attacher \u00e0 votre sac \u00e0 dos ou \u00e0 votre ceinture. Cette sacoche offre beaucoup d\u2019espace pour y ranger \u00e9galement vos m\u00e9dicaments.<\/p>\n<p>Si pour un motif quelconque vous ne pouvez pas imm\u00e9diatement disposer d\u2019assistance m\u00e9dicale ad\u00e9quate, ceci peut entra\u00eener des situations d\u00e9licates et dangereuses. Si vous n\u2019avez pas la trousse TravelSafe, vos bagages ne seront pas complets. Pour chaque destination ou chaque activit\u00e9, il existe une trousse de secours compacte et facile d\u2019emploi, compl\u00e9t\u00e9e si n\u00e9cessaire d\u2019explications m\u00e9dicales. Si vous faites un voyage dans un pays sans risque pour l\u2019H\u00e9patite B\/VIH, comme les pays europ\u00e9ens, la trousse First Aid (bleu\/rouge) sera suffisante. La trousse St\u00e9rile (orange\/jaune fluo) est absolument conseill\u00e9e si vous visitez des pays avec un risque d\u2019H\u00e9patite B\/VIH, comme l\u2019Afrique, l\u2019Am\u00e9rique du Sud et l\u2019Asie, en un mot les (sub)tropiques.<\/p>\n<p>Dimensions :\u00a0 \u00a012 x 18 x 6 cm<br \/>\nPoids :\u00a0 \u00a0 \u00a0 \u00a0 \u00a0 \u00a0 \u00a0282 g<br \/>\nMati\u00e8re :\u00a0 \u00a0 \u00a0 \u00a0 \u00a0Polyester<br \/>\nArticles :\u00a0 \u00a0 \u00a0 \u00a0 \u00a0 23<\/p>\n","protected":false},"excerpt":{"rendered":"<p>Cette trousse de secours, le Basic Bag, est adapt\u00e9e \u00e0 toutes sortes d\u2019activit\u00e9s de plein air. Le contenu de cette trousse comprend&hellip;<\/p>\n","protected":false},"featured_media":34052,"template":"","meta":{"_acf_changed":false},"product_brand":[],"product_cat":[2371,2444],"product_tag":[],"class_list":{"0":"post-35627","1":"product","2":"type-product","3":"status-publish","4":"has-post-thumbnail","6":"product_cat-trousse-de-secours","7":"product_cat-trousse-de-soin","9":"first","10":"instock","11":"purchasable","12":"product-type-simple"},"acf":[],"_links":{"self":[{"href":"https:\/\/travelsafe.nl\/fr\/wp-json\/wp\/v2\/product\/35627","targetHints":{"allow":["GET"]}}],"collection":[{"href":"https:\/\/travelsafe.nl\/fr\/wp-json\/wp\/v2\/product"}],"about":[{"href":"https:\/\/travelsafe.nl\/fr\/wp-json\/wp\/v2\/types\/product"}],"wp:featuredmedia":[{"embeddable":true,"href":"https:\/\/travelsafe.nl\/fr\/wp-json\/wp\/v2\/media\/34052"}],"wp:attachment":[{"href":"https:\/\/travelsafe.nl\/fr\/wp-json\/wp\/v2\/media?parent=35627"}],"wp:term":[{"taxonomy":"product_brand","embeddable":true,"href":"https:\/\/travelsafe.nl\/fr\/wp-json\/wp\/v2\/product_brand?post=35627"},{"taxonomy":"product_cat","embeddable":true,"href":"https:\/\/travelsafe.nl\/fr\/wp-json\/wp\/v2\/product_cat?post=35627"},{"taxonomy":"product_tag","embeddable":true,"href":"https:\/\/travelsafe.nl\/fr\/wp-json\/wp\/v2\/product_tag?post=35627"}],"curies":[{"name":"wp","href":"https:\/\/api.w.org\/{rel}","templated":true}]}}