{"id":35628,"date":"2019-06-10T23:16:18","date_gmt":"2019-06-10T23:16:18","guid":{"rendered":"http:\/\/travelsafe.nl\/assortiment\/non%20class\u00e9\/globe-sterile-plus\/"},"modified":"2023-06-16T07:30:59","modified_gmt":"2023-06-16T07:30:59","slug":"globe-sterile-plus","status":"publish","type":"product","link":"https:\/\/travelsafe.nl\/fr\/assortiment\/trousse-de-secours\/kit-strile\/globe-sterile-plus\/","title":{"rendered":"Globe St\u00e9rile Plus &#8211; Trousse de Premiers Secours"},"content":{"rendered":"<p>Cette trousse compacte contient un outillage m\u00e9dical st\u00e9rile et plus compl\u00e8te que la Trousse de base St\u00e9rile (TS0518). Le thermom\u00e8tre digital est de toute premi\u00e8re importance dans le cas de maladies comme la malaria ou la dengue. La trousse comprend aussi deux aiguilles de perfusion.<\/p>\n<p>Si pour un motif quelconque vous ne pouvez pas imm\u00e9diatement disposer d\u2019assistance m\u00e9dicale ad\u00e9quate, ceci peut entra\u00eener des situations d\u00e9licates et dangereuses. Si vous n\u2019avez pas la trousse TravelSafe, vos bagages ne seront pas complets. Pour chaque destination ou chaque activit\u00e9, il existe une trousse de secours compacte et facile d\u2019emploi, compl\u00e9t\u00e9e si n\u00e9cessaire d\u2019explications m\u00e9dicales. La trousse St\u00e9rile (orange\/jaune fluor) est absolument conseill\u00e9e si vous visitez des pays avec un risque d&rsquo;H\u00e9patite B\/VIH, comme l&rsquo;Afrique du Sud et l&rsquo;Asie, en un mot les (sub)tropiques.<\/p>\n<p>Dimensions :\u00a0 \u00a012 x 14,5 x 5 cm<br \/>\nPoids :\u00a0 \u00a0 \u00a0 \u00a0 \u00a0 \u00a0 \u00a0205 g<br \/>\nMati\u00e8re :\u00a0 \u00a0 \u00a0 \u00a0 \u00a0Polyester<br \/>\nArticles :\u00a0 \u00a0 \u00a0 \u00a0 \u00a0 31<\/p>\n<p>&nbsp;<\/p>\n","protected":false},"excerpt":{"rendered":"<p>Cette trousse compacte contient un outillage m\u00e9dical st\u00e9rile et plus compl\u00e8te que la Trousse de base St\u00e9rile (TS0518). Le thermom\u00e8tre digital est&hellip;<\/p>\n","protected":false},"featured_media":34073,"template":"","meta":{"_acf_changed":false},"product_brand":[],"product_cat":[2371,2471],"product_tag":[],"class_list":{"0":"post-35628","1":"product","2":"type-product","3":"status-publish","4":"has-post-thumbnail","6":"product_cat-trousse-de-secours","7":"product_cat-kit-strile","9":"first","10":"instock","11":"purchasable","12":"product-type-simple"},"acf":[],"_links":{"self":[{"href":"https:\/\/travelsafe.nl\/fr\/wp-json\/wp\/v2\/product\/35628","targetHints":{"allow":["GET"]}}],"collection":[{"href":"https:\/\/travelsafe.nl\/fr\/wp-json\/wp\/v2\/product"}],"about":[{"href":"https:\/\/travelsafe.nl\/fr\/wp-json\/wp\/v2\/types\/product"}],"wp:featuredmedia":[{"embeddable":true,"href":"https:\/\/travelsafe.nl\/fr\/wp-json\/wp\/v2\/media\/34073"}],"wp:attachment":[{"href":"https:\/\/travelsafe.nl\/fr\/wp-json\/wp\/v2\/media?parent=35628"}],"wp:term":[{"taxonomy":"product_brand","embeddable":true,"href":"https:\/\/travelsafe.nl\/fr\/wp-json\/wp\/v2\/product_brand?post=35628"},{"taxonomy":"product_cat","embeddable":true,"href":"https:\/\/travelsafe.nl\/fr\/wp-json\/wp\/v2\/product_cat?post=35628"},{"taxonomy":"product_tag","embeddable":true,"href":"https:\/\/travelsafe.nl\/fr\/wp-json\/wp\/v2\/product_tag?post=35628"}],"curies":[{"name":"wp","href":"https:\/\/api.w.org\/{rel}","templated":true}]}}