{"id":35629,"date":"2019-06-10T23:16:18","date_gmt":"2019-06-10T23:16:18","guid":{"rendered":"http:\/\/travelsafe.nl\/assortiment\/non%20class\u00e9\/globe-runner-le-kit-first-aid\/"},"modified":"2026-02-19T15:39:05","modified_gmt":"2026-02-19T15:39:05","slug":"globe-runner-le-kit-first-aid","status":"publish","type":"product","link":"https:\/\/travelsafe.nl\/fr\/assortiment\/trousse-de-secours\/trousse-de-soin\/globe-runner-le-kit-first-aid\/","title":{"rendered":"Globe Hiker &#8211; Trousse de Premiers Secours"},"content":{"rendered":"<p>Une petite trousse compacte pour les randonneurs. La trousse a une pi\u00e8ce sp\u00e9ciale \u00e0 l\u2019arri\u00e8re pour la fixer \u00e0 votre ceinture ou votre sac. Le Runner contient des articles de premiers soins de base comme un pansement, des sparadraps, du ruban adh\u00e9sif, mais aussi des plaquettes thermoform\u00e9es, des lancettes de sang, des tampons imbib\u00e9s d\u2019alcool dont vous pourriez avoir besoin pour des blessures possibles aux pieds ou aux chevilles pendant votre randonn\u00e9e.<\/p>\n<p>Si pour un motif quelconque vous ne pouvez pas imm\u00e9diatement disposer d\u2019assistance m\u00e9dicale ad\u00e9quate, ceci peut entra\u00eener des situations d\u00e9licates et dangereuses. Si vous n\u2019avez pas la trousse TravelSafe, vos bagages ne seront pas complets. Pour chaque destination ou chaque activit\u00e9, il existe une trousse de secours compacte et facile d\u2019emploi, compl\u00e9t\u00e9e si n\u00e9cessaire d\u2019explications m\u00e9dicales. Si vous faites un voyage dans un pays sans risque pour l\u2019H\u00e9patite B\/VIH, comme les pays europ\u00e9ens, la trousse Premier Secours (bleu\/rouge) sera suffisante. La trousse St\u00e9rile (orange\/jaune fluo) est absolument conseill\u00e9e si vous visitez des pays avec un risque d\u2019H\u00e9patite B\/VIH, comme l\u2019Am\u00e9rique du Sud et l\u2019Asie, en un mot les (sub)tropiques.<\/p>\n<p>Dimensions :\u00a0 \u00a010 x 12,5 x 6,5 cm<br \/>\nPoids :\u00a0 \u00a0 \u00a0 \u00a0 \u00a0 \u00a0 \u00a0168 g<br \/>\nMati\u00e8re :\u00a0 \u00a0 \u00a0 \u00a0 \u00a0Polyester<br \/>\nArticles :\u00a0 \u00a0 \u00a0 \u00a0 \u00a0 25<\/p>\n","protected":false},"excerpt":{"rendered":"<p>Une petite trousse compacte pour les randonneurs. La trousse a une pi\u00e8ce sp\u00e9ciale \u00e0 l\u2019arri\u00e8re pour la fixer \u00e0 votre ceinture ou&hellip;<\/p>\n","protected":false},"featured_media":34094,"template":"","meta":{"_acf_changed":false},"product_brand":[],"product_cat":[2371,2444],"product_tag":[],"class_list":{"0":"post-35629","1":"product","2":"type-product","3":"status-publish","4":"has-post-thumbnail","6":"product_cat-trousse-de-secours","7":"product_cat-trousse-de-soin","9":"first","10":"instock","11":"purchasable","12":"product-type-simple"},"acf":[],"_links":{"self":[{"href":"https:\/\/travelsafe.nl\/fr\/wp-json\/wp\/v2\/product\/35629","targetHints":{"allow":["GET"]}}],"collection":[{"href":"https:\/\/travelsafe.nl\/fr\/wp-json\/wp\/v2\/product"}],"about":[{"href":"https:\/\/travelsafe.nl\/fr\/wp-json\/wp\/v2\/types\/product"}],"wp:featuredmedia":[{"embeddable":true,"href":"https:\/\/travelsafe.nl\/fr\/wp-json\/wp\/v2\/media\/34094"}],"wp:attachment":[{"href":"https:\/\/travelsafe.nl\/fr\/wp-json\/wp\/v2\/media?parent=35629"}],"wp:term":[{"taxonomy":"product_brand","embeddable":true,"href":"https:\/\/travelsafe.nl\/fr\/wp-json\/wp\/v2\/product_brand?post=35629"},{"taxonomy":"product_cat","embeddable":true,"href":"https:\/\/travelsafe.nl\/fr\/wp-json\/wp\/v2\/product_cat?post=35629"},{"taxonomy":"product_tag","embeddable":true,"href":"https:\/\/travelsafe.nl\/fr\/wp-json\/wp\/v2\/product_tag?post=35629"}],"curies":[{"name":"wp","href":"https:\/\/api.w.org\/{rel}","templated":true}]}}