{"id":35635,"date":"2019-06-10T23:16:21","date_gmt":"2019-06-10T23:16:21","guid":{"rendered":"http:\/\/travelsafe.nl\/assortiment\/non%20class\u00e9\/trousse-de-secours-bike-voyage\/"},"modified":"2023-04-07T14:01:23","modified_gmt":"2023-04-07T14:01:23","slug":"trousse-de-secours-bike-voyage","status":"publish","type":"product","link":"https:\/\/travelsafe.nl\/fr\/assortiment\/trousse-de-secours\/trousse-de-soin\/trousse-de-secours-bike-voyage\/","title":{"rendered":"Ensemble Cycliste &#8211; Trousse de Premiers Secours"},"content":{"rendered":"<p>La trousse Cycliste est un kit pratique pour les cyclistes et les v\u00e9t\u00e9tistes fr\u00e9quentes et sportifs. Gr\u00e2ce \u00e0 sa conception pratique, la trousse peut \u00eatre facilement attach\u00e9e \u00e0 la barre du v\u00e9lo. En plus des mat\u00e9riaux de premiers soins de base, l&rsquo;ensemble comprend aussi une brosse \u00e0 r\u00e9curer pour \u00ab\u00a0brosser\u00a0\u00bb la salet\u00e9 d&rsquo;une \u00e9raflure, un collyre pour les yeux et des pansements adh\u00e9sifs.<\/p>\n<p>Si pour un motif quelconque vous ne pouvez pas imm\u00e9diatement disposer d\u2019assistance m\u00e9dicale ad\u00e9quate, ceci peut entra\u00eener des situations d\u00e9licates et dangereuses. Si vous n\u2019avez pas la trousse TravelSafe, vos bagages ne seront pas complets. Pour chaque destination ou chaque activit\u00e9, il existe une trousse de secours compacte et facile d\u2019emploi, compl\u00e9t\u00e9e si n\u00e9cessaire d\u2019explications m\u00e9dicales. Si vous faites un voyage dans un pays sans risque pour l\u2019H\u00e9patite B\/VIH, comme les pays europ\u00e9ens, la trousse Premier Secours (bleu\/rouge) sera suffisante. La trousse St\u00e9rile (orange\/jaune fluo) est absolument conseill\u00e9e si vous visitez des pays avec un risque d\u2019H\u00e9patite B\/VIH, comme l\u2019Afrique, l\u2019Am\u00e9rique du Sud et l\u2019Asie, en un mot les (sub)tropiques.<\/p>\n<p>Dimensions :\u00a0 \u00a015 x 22 x 7 cm<br \/>\nPoids :\u00a0 \u00a0 \u00a0 \u00a0 \u00a0 \u00a0 \u00a0413 g<br \/>\nMati\u00e8re :\u00a0 \u00a0 \u00a0 \u00a0 \u00a0Polyester<br \/>\nArticles :\u00a0 \u00a0 \u00a0 \u00a0 \u00a0 48<\/p>\n<p>&nbsp;<\/p>\n","protected":false},"excerpt":{"rendered":"<p>La trousse Cycliste est un kit pratique pour les cyclistes et les v\u00e9t\u00e9tistes fr\u00e9quentes et sportifs. Gr\u00e2ce \u00e0 sa conception pratique, la&hellip;<\/p>\n","protected":false},"featured_media":34172,"template":"","meta":{"_acf_changed":false},"product_brand":[],"product_cat":[2371,2444],"product_tag":[],"class_list":{"0":"post-35635","1":"product","2":"type-product","3":"status-publish","4":"has-post-thumbnail","6":"product_cat-trousse-de-secours","7":"product_cat-trousse-de-soin","9":"first","10":"onbackorder","11":"purchasable","12":"product-type-simple"},"acf":[],"_links":{"self":[{"href":"https:\/\/travelsafe.nl\/fr\/wp-json\/wp\/v2\/product\/35635","targetHints":{"allow":["GET"]}}],"collection":[{"href":"https:\/\/travelsafe.nl\/fr\/wp-json\/wp\/v2\/product"}],"about":[{"href":"https:\/\/travelsafe.nl\/fr\/wp-json\/wp\/v2\/types\/product"}],"wp:featuredmedia":[{"embeddable":true,"href":"https:\/\/travelsafe.nl\/fr\/wp-json\/wp\/v2\/media\/34172"}],"wp:attachment":[{"href":"https:\/\/travelsafe.nl\/fr\/wp-json\/wp\/v2\/media?parent=35635"}],"wp:term":[{"taxonomy":"product_brand","embeddable":true,"href":"https:\/\/travelsafe.nl\/fr\/wp-json\/wp\/v2\/product_brand?post=35635"},{"taxonomy":"product_cat","embeddable":true,"href":"https:\/\/travelsafe.nl\/fr\/wp-json\/wp\/v2\/product_cat?post=35635"},{"taxonomy":"product_tag","embeddable":true,"href":"https:\/\/travelsafe.nl\/fr\/wp-json\/wp\/v2\/product_tag?post=35635"}],"curies":[{"name":"wp","href":"https:\/\/api.w.org\/{rel}","templated":true}]}}