{"id":35639,"date":"2019-06-10T23:16:26","date_gmt":"2019-06-10T23:16:26","guid":{"rendered":"http:\/\/travelsafe.nl\/assortiment\/non%20class\u00e9\/flight-container-noir\/"},"modified":"2023-07-20T14:53:10","modified_gmt":"2023-07-20T14:53:10","slug":"flight-container-noir","status":"publish","type":"product","link":"https:\/\/travelsafe.nl\/fr\/assortiment\/accessoires-de-voyage\/sacs-de-voyage\/accessoires-de-sac-dos\/flight-container-noir\/","title":{"rendered":"Flight Container \u2013 Noir &#8211; NOUVEAU"},"content":{"rendered":"<p>Housse a\u00e9roport : le produit indispensable pour le voyageur fr\u00e9quent, prot\u00e9geant votre sac \u00e0 dos \u00e0 l\u2019a\u00e9roport et pendant votre voyage ! House l\u00e9g\u00e8re et robuste de grandes dimensions, permet d\u2019y ranger votre sac \u00e0 dos afin qu\u2019il soit totalement prot\u00e9g\u00e9 contre la salet\u00e9 et les fissures, et vous assure que personne ne peut y mettre quelque chose sans \u00eatre remarqu\u00e9. Ce container de vol est emball\u00e9 dans un petit bo\u00eetier l\u00e9ger et compact. Convient aux sacs \u00e0 dos jusqu\u2019\u00e0 85 litres\u00a0!!<\/p>\n<p>(Conseil : utilisez toujours un verrou TravelSafe TSA pour verrouiller en tout s\u00e9curit\u00e9 le conteneur)<\/p>\n<p>Une large collection de housses de protection telles que housses de transport, housses combi, housses de pluie et ponchos. Des articles indispensables pour chaque aventure.<\/p>\n<p>Dimensions pli\u00e9es :\u00a0 25 x 45 x 100 cm<br \/>\nContenu :\u00a0 \u00a0 \u00a0 \u00a0 \u00a0 \u00a0 \u00a0 \u00a0 \u00a0&gt; 75 litres<br \/>\nPoids :\u00a0 \u00a0 \u00a0 \u00a0 \u00a0 \u00a0 \u00a0 \u00a0 \u00a0 \u00a0 \u00a0 142 g<br \/>\nMati\u00e8re :\u00a0 \u00a0 \u00a0 \u00a0 \u00a0 \u00a0 \u00a0 \u00a0 \u00a0 210D ripstop poly<br \/>\nCouleur :\u00a0 \u00a0 \u00a0 \u00a0 \u00a0 \u00a0 \u00a0 \u00a0 \u00a0 Noir<\/p>\n","protected":false},"excerpt":{"rendered":"<p>Housse a\u00e9roport : le produit indispensable pour le voyageur fr\u00e9quent, prot\u00e9geant votre sac \u00e0 dos \u00e0 l\u2019a\u00e9roport et pendant votre voyage !&hellip;<\/p>\n","protected":false},"featured_media":34216,"template":"","meta":{"_acf_changed":false},"product_brand":[],"product_cat":[2374,2497,2493],"product_tag":[],"class_list":{"0":"post-35639","1":"product","2":"type-product","3":"status-publish","4":"has-post-thumbnail","6":"product_cat-accessoires-de-voyage","7":"product_cat-accessoires-de-sac-dos","8":"product_cat-sacs-de-voyage","10":"first","11":"instock","12":"purchasable","13":"product-type-simple"},"acf":[],"_links":{"self":[{"href":"https:\/\/travelsafe.nl\/fr\/wp-json\/wp\/v2\/product\/35639","targetHints":{"allow":["GET"]}}],"collection":[{"href":"https:\/\/travelsafe.nl\/fr\/wp-json\/wp\/v2\/product"}],"about":[{"href":"https:\/\/travelsafe.nl\/fr\/wp-json\/wp\/v2\/types\/product"}],"wp:featuredmedia":[{"embeddable":true,"href":"https:\/\/travelsafe.nl\/fr\/wp-json\/wp\/v2\/media\/34216"}],"wp:attachment":[{"href":"https:\/\/travelsafe.nl\/fr\/wp-json\/wp\/v2\/media?parent=35639"}],"wp:term":[{"taxonomy":"product_brand","embeddable":true,"href":"https:\/\/travelsafe.nl\/fr\/wp-json\/wp\/v2\/product_brand?post=35639"},{"taxonomy":"product_cat","embeddable":true,"href":"https:\/\/travelsafe.nl\/fr\/wp-json\/wp\/v2\/product_cat?post=35639"},{"taxonomy":"product_tag","embeddable":true,"href":"https:\/\/travelsafe.nl\/fr\/wp-json\/wp\/v2\/product_tag?post=35639"}],"curies":[{"name":"wp","href":"https:\/\/api.w.org\/{rel}","templated":true}]}}