{"id":35644,"date":"2019-06-10T23:16:27","date_gmt":"2019-06-10T23:16:27","guid":{"rendered":"http:\/\/travelsafe.nl\/assortiment\/non%20class\u00e9\/pack-de-scurit-combi-voyage-cover-moyen-jaune\/"},"modified":"2023-07-13T09:39:48","modified_gmt":"2023-07-13T09:39:48","slug":"pack-de-scurit-combi-voyage-cover-moyen-jaune","status":"publish","type":"product","link":"https:\/\/travelsafe.nl\/fr\/assortiment\/accessoires-de-voyage\/sacs-de-voyage\/accessoires-de-sac-dos\/pack-de-scurit-combi-voyage-cover-moyen-jaune\/","title":{"rendered":"Combipack Cover Housse sac de voyage M \u2013 Jaune fluo \u2013 NOUVEAU"},"content":{"rendered":"<p>Les couvertures de pack combo Travelsafe sont une combinaison d&rsquo;une couverture de pluie et mallette de transport \u00e0 1. Cela vous permet aussi de fermer compl\u00e8tement votre sac \u00e0 dos pendant votre voyage. La combi-couverture est faite de polyester de haute qualit\u00e9 210D ripstop mat\u00e9riau \u00e9tanche \u00e0 l&rsquo;eau et l\u00e9ger qui lui permet de se replier dans un petit paquet, il est. Convient pour sacs \u00e0 dos jusqu&rsquo;\u00e0 55 litres! (Astuce: utilisez toujours un cadenas TSA Travelsafe pour fermer le sac!) Aussi Livraible en Noir, Orangen und Jaune.<\/p>\n<p>Aussi disponible dans une plus grande taille pour des sacs \u00e0 dos&gt; 55 litres<\/p>\n<p>Les combi-pack covers de TravelSafe constituent une combinaison de housse de pluie et de transport en un. Vous pouvez donc verrouiller compl\u00e8tement votre sac \u00e0 dos pendant votre voyage. Le combi cover est \u00e9tanche et tr\u00e8s l\u00e9g\u00e8re et peut \u00eatre pli\u00e9 en un paquet compact.<\/p>\n<p>(Conseil : utilisez toujours un verrou TravelSafe TSA pour verrouiller en tout s\u00e9curit\u00e9 le conteneur)<\/p>\n<p>\u00c9galement disponible pour les sacs \u00e0 dos &gt; 55 litres.<\/p>\n<p>TravelSafe offre une large collection de housses de protection telles que housses de transport, housses combi, housses de pluie et ponchos. Des articles indispensables pour chaque aventure.<\/p>\n<p>Dimensions :\u00a0 39 x 37 x 65 cm<br \/>\nContenu :\u00a0 \u00a0 \u00a0 \u00a0&lt; 55 litres<br \/>\nPoids :\u00a0 \u00a0 \u00a0 \u00a0 \u00a0 \u00a0 195 g<br \/>\nMati\u00e8re :\u00a0 \u00a0 \u00a0 \u00a0 \u00a0210D ripstop poly<br \/>\nCouleur :\u00a0 \u00a0 \u00a0 \u00a0 \u00a0Jaune fluo<\/p>\n<p>.<\/p>\n","protected":false},"excerpt":{"rendered":"<p>Les couvertures de pack combo Travelsafe sont une combinaison d&rsquo;une couverture de pluie et mallette de transport \u00e0 1. Cela vous permet&hellip;<\/p>\n","protected":false},"featured_media":34285,"template":"","meta":{"_acf_changed":false},"product_brand":[],"product_cat":[2374,2497,2493],"product_tag":[],"class_list":{"0":"post-35644","1":"product","2":"type-product","3":"status-publish","4":"has-post-thumbnail","6":"product_cat-accessoires-de-voyage","7":"product_cat-accessoires-de-sac-dos","8":"product_cat-sacs-de-voyage","10":"first","11":"instock","12":"purchasable","13":"product-type-simple"},"acf":[],"_links":{"self":[{"href":"https:\/\/travelsafe.nl\/fr\/wp-json\/wp\/v2\/product\/35644","targetHints":{"allow":["GET"]}}],"collection":[{"href":"https:\/\/travelsafe.nl\/fr\/wp-json\/wp\/v2\/product"}],"about":[{"href":"https:\/\/travelsafe.nl\/fr\/wp-json\/wp\/v2\/types\/product"}],"wp:featuredmedia":[{"embeddable":true,"href":"https:\/\/travelsafe.nl\/fr\/wp-json\/wp\/v2\/media\/34285"}],"wp:attachment":[{"href":"https:\/\/travelsafe.nl\/fr\/wp-json\/wp\/v2\/media?parent=35644"}],"wp:term":[{"taxonomy":"product_brand","embeddable":true,"href":"https:\/\/travelsafe.nl\/fr\/wp-json\/wp\/v2\/product_brand?post=35644"},{"taxonomy":"product_cat","embeddable":true,"href":"https:\/\/travelsafe.nl\/fr\/wp-json\/wp\/v2\/product_cat?post=35644"},{"taxonomy":"product_tag","embeddable":true,"href":"https:\/\/travelsafe.nl\/fr\/wp-json\/wp\/v2\/product_tag?post=35644"}],"curies":[{"name":"wp","href":"https:\/\/api.w.org\/{rel}","templated":true}]}}