{"id":35649,"date":"2019-06-10T23:16:32","date_gmt":"2019-06-10T23:16:32","guid":{"rendered":"http:\/\/travelsafe.nl\/assortiment\/non%20class\u00e9\/poncho-de-pluie-medium\/"},"modified":"2023-07-20T14:04:34","modified_gmt":"2023-07-20T14:04:34","slug":"poncho-de-pluie-medium","status":"publish","type":"product","link":"https:\/\/travelsafe.nl\/fr\/assortiment\/accessoires-de-voyage\/ponchos-de-pluie\/poncho-de-pluie-medium\/","title":{"rendered":"Poncho de Base M"},"content":{"rendered":"<p>Poncho Basic assure \u00e0 la fois la protection du marcheur\u00a0et soc sac \u00e0 dos. Tr\u00e8s facile \u00e0 positionner vous n\u2019h\u00e9siterez pas \u00e0 le sortir d\u00e8s les premi\u00e8res gouttes\u00a0de pluie. Fabriqu\u00e9 en 100% polyester avec coutures doubl\u00e9es \u00e9tanches \u00e0 l\u2019eau. Y compris sac \u00e0 ranger.<\/p>\n<p>Disponible en Medium, Large et Extra Large.<\/p>\n<p>Dimensions :\u00a0 \u00a0 M<br \/>\nPoids :\u00a0 \u00a0 \u00a0 \u00a0 \u00a0 \u00a0 \u00a0 280 g<br \/>\nMati\u00e8re :\u00a0 \u00a0 \u00a0 \u00a0 \u00a0 Polyester<br \/>\nCouleur :\u00a0 \u00a0 \u00a0 \u00a0 \u00a0 Marine<\/p>\n","protected":false},"excerpt":{"rendered":"<p>Poncho Basic assure \u00e0 la fois la protection du marcheur\u00a0et soc sac \u00e0 dos. Tr\u00e8s facile \u00e0 positionner vous n\u2019h\u00e9siterez pas \u00e0&hellip;<\/p>\n","protected":false},"featured_media":34354,"template":"","meta":{"_acf_changed":false},"product_brand":[],"product_cat":[2374,2492],"product_tag":[],"class_list":{"0":"post-35649","1":"product","2":"type-product","3":"status-publish","4":"has-post-thumbnail","6":"product_cat-accessoires-de-voyage","7":"product_cat-ponchos-de-pluie","9":"first","10":"instock","11":"purchasable","12":"product-type-simple"},"acf":[],"_links":{"self":[{"href":"https:\/\/travelsafe.nl\/fr\/wp-json\/wp\/v2\/product\/35649","targetHints":{"allow":["GET"]}}],"collection":[{"href":"https:\/\/travelsafe.nl\/fr\/wp-json\/wp\/v2\/product"}],"about":[{"href":"https:\/\/travelsafe.nl\/fr\/wp-json\/wp\/v2\/types\/product"}],"wp:featuredmedia":[{"embeddable":true,"href":"https:\/\/travelsafe.nl\/fr\/wp-json\/wp\/v2\/media\/34354"}],"wp:attachment":[{"href":"https:\/\/travelsafe.nl\/fr\/wp-json\/wp\/v2\/media?parent=35649"}],"wp:term":[{"taxonomy":"product_brand","embeddable":true,"href":"https:\/\/travelsafe.nl\/fr\/wp-json\/wp\/v2\/product_brand?post=35649"},{"taxonomy":"product_cat","embeddable":true,"href":"https:\/\/travelsafe.nl\/fr\/wp-json\/wp\/v2\/product_cat?post=35649"},{"taxonomy":"product_tag","embeddable":true,"href":"https:\/\/travelsafe.nl\/fr\/wp-json\/wp\/v2\/product_tag?post=35649"}],"curies":[{"name":"wp","href":"https:\/\/api.w.org\/{rel}","templated":true}]}}