{"id":35651,"date":"2019-06-10T23:16:34","date_gmt":"2019-06-10T23:16:34","guid":{"rendered":"http:\/\/travelsafe.nl\/assortiment\/non%20class\u00e9\/poncho-de-pluie-avec-extension-l-xl-blue\/"},"modified":"2023-07-20T13:58:46","modified_gmt":"2023-07-20T13:58:46","slug":"poncho-de-pluie-avec-extension-l-xl-blue","status":"publish","type":"product","link":"https:\/\/travelsafe.nl\/fr\/assortiment\/accessoires-de-voyage\/ponchos-de-pluie\/poncho-de-pluie-avec-extension-l-xl-blue\/","title":{"rendered":"Poncho avec extension sac \u00e0 dos \u2013 L \/ XL &#8211; Marine"},"content":{"rendered":"<p>Poncho sp\u00e9cial pour porteurs de sac \u00e0 dos. Fabriqu\u00e9\u00a0en 100 % polyester avec des coutures \u00e9tanches scell\u00e9es et \u00e9lastique dans les manches. Le poncho a une extension \u00e0\u00a0fermeture \u00e9clair sp\u00e9cialement pour le sac \u00e0 dos, mais peut bien\u00a0entendu \u00e9galement \u00eatre port\u00e9 sans sac \u00e0 dos. Id\u00e9al pour prendre avec en v\u00e9lo et les longues promenades.<\/p>\n<p>Disponible dans les tailles S-M et L-XL et les couleurs Marine et Vert Olive.<\/p>\n<p>Dimensions :\u00a0 \u00a0L \/ XL<br \/>\nPoids :\u00a0 \u00a0 \u00a0 \u00a0 \u00a0 \u00a0 \u00a0350 g<br \/>\nMati\u00e8re :\u00a0 \u00a0 \u00a0 \u00a0 \u00a0 Polyester<br \/>\nCouleur :\u00a0 \u00a0 \u00a0 \u00a0 \u00a0 Marine<\/p>\n","protected":false},"excerpt":{"rendered":"<p>Poncho sp\u00e9cial pour porteurs de sac \u00e0 dos. Fabriqu\u00e9\u00a0en 100 % polyester avec des coutures \u00e9tanches scell\u00e9es et \u00e9lastique dans les manches.&hellip;<\/p>\n","protected":false},"featured_media":34372,"template":"","meta":{"_acf_changed":false},"product_brand":[],"product_cat":[2374,2492],"product_tag":[],"class_list":{"0":"post-35651","1":"product","2":"type-product","3":"status-publish","4":"has-post-thumbnail","6":"product_cat-accessoires-de-voyage","7":"product_cat-ponchos-de-pluie","9":"first","10":"instock","11":"purchasable","12":"product-type-simple"},"acf":[],"_links":{"self":[{"href":"https:\/\/travelsafe.nl\/fr\/wp-json\/wp\/v2\/product\/35651","targetHints":{"allow":["GET"]}}],"collection":[{"href":"https:\/\/travelsafe.nl\/fr\/wp-json\/wp\/v2\/product"}],"about":[{"href":"https:\/\/travelsafe.nl\/fr\/wp-json\/wp\/v2\/types\/product"}],"wp:featuredmedia":[{"embeddable":true,"href":"https:\/\/travelsafe.nl\/fr\/wp-json\/wp\/v2\/media\/34372"}],"wp:attachment":[{"href":"https:\/\/travelsafe.nl\/fr\/wp-json\/wp\/v2\/media?parent=35651"}],"wp:term":[{"taxonomy":"product_brand","embeddable":true,"href":"https:\/\/travelsafe.nl\/fr\/wp-json\/wp\/v2\/product_brand?post=35651"},{"taxonomy":"product_cat","embeddable":true,"href":"https:\/\/travelsafe.nl\/fr\/wp-json\/wp\/v2\/product_cat?post=35651"},{"taxonomy":"product_tag","embeddable":true,"href":"https:\/\/travelsafe.nl\/fr\/wp-json\/wp\/v2\/product_tag?post=35651"}],"curies":[{"name":"wp","href":"https:\/\/api.w.org\/{rel}","templated":true}]}}