{"id":35657,"date":"2019-06-10T23:16:37","date_gmt":"2019-06-10T23:16:37","guid":{"rendered":"http:\/\/travelsafe.nl\/assortiment\/non%20class\u00e9\/featherlite-rain-cover-grand-55-ltr\/"},"modified":"2023-04-07T14:01:27","modified_gmt":"2023-04-07T14:01:27","slug":"featherlite-rain-cover-grand-55-ltr","status":"publish","type":"product","link":"https:\/\/travelsafe.nl\/fr\/assortiment\/accessoires-de-voyage\/sacs-de-voyage\/accessoires-de-sac-dos\/featherlite-rain-cover-grand-55-ltr\/","title":{"rendered":"Housse de pluie &#8211; Featherlite \u2013 Large \u2013 >55 litres"},"content":{"rendered":"<p>Cette housse vous offre une protection optimale de votre sac \u00e0 dos contre la pluie. La housse de pluie TravelSafe est fabriqu\u00e9e en Cordura l\u00e9ger de haute qualit\u00e9, avec un rev\u00eatement en silicone\u00a0; imperm\u00e9able et tr\u00e8s compact \u00e0 enrouler.<\/p>\n<p>\u00c9galement disponible en tailles S (15-30 litres) et M (30-55 litres).<\/p>\n<p>TravelSafe vous offre une large collection de housses de protection telles que housses de transport, housses combi, housses de pluie et ponchos. Des articles indispensables pour chaque aventure.<\/p>\n<p>Contenu :\u00a0 \u00a0 &gt;55 litres<br \/>\nPoids :\u00a0 \u00a0 \u00a0 \u00a0 \u00a0130 g<br \/>\nMati\u00e8re :\u00a0 \u00a0 \u00a0Cordura<br \/>\nCouleur :\u00a0 \u00a0 \u00a0Azur<\/p>\n","protected":false},"excerpt":{"rendered":"<p>Cette housse vous offre une protection optimale de votre sac \u00e0 dos contre la pluie. La housse de pluie TravelSafe est fabriqu\u00e9e&hellip;<\/p>\n","protected":false},"featured_media":34434,"template":"","meta":{"_acf_changed":false},"product_brand":[],"product_cat":[2374,2497,2493],"product_tag":[],"class_list":{"0":"post-35657","1":"product","2":"type-product","3":"status-publish","4":"has-post-thumbnail","6":"product_cat-accessoires-de-voyage","7":"product_cat-accessoires-de-sac-dos","8":"product_cat-sacs-de-voyage","10":"first","11":"onbackorder","12":"purchasable","13":"product-type-simple"},"acf":[],"_links":{"self":[{"href":"https:\/\/travelsafe.nl\/fr\/wp-json\/wp\/v2\/product\/35657","targetHints":{"allow":["GET"]}}],"collection":[{"href":"https:\/\/travelsafe.nl\/fr\/wp-json\/wp\/v2\/product"}],"about":[{"href":"https:\/\/travelsafe.nl\/fr\/wp-json\/wp\/v2\/types\/product"}],"wp:featuredmedia":[{"embeddable":true,"href":"https:\/\/travelsafe.nl\/fr\/wp-json\/wp\/v2\/media\/34434"}],"wp:attachment":[{"href":"https:\/\/travelsafe.nl\/fr\/wp-json\/wp\/v2\/media?parent=35657"}],"wp:term":[{"taxonomy":"product_brand","embeddable":true,"href":"https:\/\/travelsafe.nl\/fr\/wp-json\/wp\/v2\/product_brand?post=35657"},{"taxonomy":"product_cat","embeddable":true,"href":"https:\/\/travelsafe.nl\/fr\/wp-json\/wp\/v2\/product_cat?post=35657"},{"taxonomy":"product_tag","embeddable":true,"href":"https:\/\/travelsafe.nl\/fr\/wp-json\/wp\/v2\/product_tag?post=35657"}],"curies":[{"name":"wp","href":"https:\/\/api.w.org\/{rel}","templated":true}]}}