{"id":35659,"date":"2019-06-10T23:16:39","date_gmt":"2019-06-10T23:16:39","guid":{"rendered":"http:\/\/travelsafe.nl\/assortiment\/non%20class\u00e9\/sac-dos-pliable-ultra-light-noir\/"},"modified":"2023-04-07T14:01:27","modified_gmt":"2023-04-07T14:01:27","slug":"sac-dos-pliable-ultra-light-noir","status":"publish","type":"product","link":"https:\/\/travelsafe.nl\/fr\/assortiment\/accessoires-de-voyage\/sacs-de-voyage\/sacs-pliables\/sac-dos-pliable-ultra-light-noir\/","title":{"rendered":"Sac \u00e0 dos ultra l\u00e9ger \u2013 Pliable"},"content":{"rendered":"<p>Petit sac \u00e0 dos pliable tr\u00e8s l\u00e9ger, id\u00e9al \u00e0 emporter\u00a0pendant votre voyage. Le petit sac \u00e0 dos\u00a0est fabriqu\u00e9 en un robuste polyester 210D ripstop\u00a0et est muni de petits compartiments additionnels \u00e0\u00a0fermeture \u00e9clair.<\/p>\n<p>Contenu :\u00a0 \u00b118 litres<br \/>\nPoids :\u00a0 \u00a0 \u00a0 \u00a0150 g<br \/>\nMati\u00e8re :\u00a0 \u00a0210D ripstop poly<br \/>\nCouleur :\u00a0 \u00a0Noir<\/p>\n","protected":false},"excerpt":{"rendered":"<p>Petit sac \u00e0 dos pliable tr\u00e8s l\u00e9ger, id\u00e9al \u00e0 emporter\u00a0pendant votre voyage. Le petit sac \u00e0 dos\u00a0est fabriqu\u00e9 en un robuste polyester&hellip;<\/p>\n","protected":false},"featured_media":34456,"template":"","meta":{"_acf_changed":false},"product_brand":[],"product_cat":[2374,2493,2494],"product_tag":[],"class_list":{"0":"post-35659","1":"product","2":"type-product","3":"status-publish","4":"has-post-thumbnail","6":"product_cat-accessoires-de-voyage","7":"product_cat-sacs-de-voyage","8":"product_cat-sacs-pliables","10":"first","11":"instock","12":"purchasable","13":"product-type-simple"},"acf":[],"_links":{"self":[{"href":"https:\/\/travelsafe.nl\/fr\/wp-json\/wp\/v2\/product\/35659","targetHints":{"allow":["GET"]}}],"collection":[{"href":"https:\/\/travelsafe.nl\/fr\/wp-json\/wp\/v2\/product"}],"about":[{"href":"https:\/\/travelsafe.nl\/fr\/wp-json\/wp\/v2\/types\/product"}],"wp:featuredmedia":[{"embeddable":true,"href":"https:\/\/travelsafe.nl\/fr\/wp-json\/wp\/v2\/media\/34456"}],"wp:attachment":[{"href":"https:\/\/travelsafe.nl\/fr\/wp-json\/wp\/v2\/media?parent=35659"}],"wp:term":[{"taxonomy":"product_brand","embeddable":true,"href":"https:\/\/travelsafe.nl\/fr\/wp-json\/wp\/v2\/product_brand?post=35659"},{"taxonomy":"product_cat","embeddable":true,"href":"https:\/\/travelsafe.nl\/fr\/wp-json\/wp\/v2\/product_cat?post=35659"},{"taxonomy":"product_tag","embeddable":true,"href":"https:\/\/travelsafe.nl\/fr\/wp-json\/wp\/v2\/product_tag?post=35659"}],"curies":[{"name":"wp","href":"https:\/\/api.w.org\/{rel}","templated":true}]}}