{"id":35661,"date":"2019-06-10T23:16:39","date_gmt":"2019-06-10T23:16:39","guid":{"rendered":"http:\/\/travelsafe.nl\/assortiment\/non%20class\u00e9\/sac-traveljfk24-60-litres\/"},"modified":"2023-04-07T14:01:27","modified_gmt":"2023-04-07T14:01:27","slug":"sac-traveljfk24-60-litres","status":"publish","type":"product","link":"https:\/\/travelsafe.nl\/fr\/assortiment\/accessoires-de-voyage\/sacs-de-voyage\/trolleys-sacs-de-voyage\/sac-traveljfk24-60-litres\/","title":{"rendered":"Chariot de voyage JFK24 &#8211; 60 litres"},"content":{"rendered":"<p>Sac\u00a0de voyage pour le voyageur exigeant. Soign\u00e9 jusque dans le\u00a0moindre d\u00e9tail, fabriqu\u00e9 \u00e0 partir des meilleurs mat\u00e9riaux.\u00a0Le trolley poss\u00e8de 2 compartiments. L\u2019acc\u00e8s \u00e0 ces compartiments peut \u00eatre verrouill\u00e9\u00a0\u00e0 l\u2019aide de la serrure TSA fournie. Le compartiment principal est pourvu de sangles\u00a0larges pour bagages, avec des poches en toile qui font que le contenu de ce compartiment\u00a0reste parfaitement en place.\u00a0Le petit compartiment est id\u00e9al pour ranger des articles plus petits, et poss\u00e8de encore\u00a0une case \u00ab secr\u00e8te \u00bb pour documents.\u00a0L\u2019avant du sac poss\u00e8de 2 poches suppl\u00e9mentaires \u00e0 fermeture \u00e9clair, qui sont id\u00e9ales\u00a0pour ranger les documents de voyage, livres, revues, journal, bref tout ce que vous\u00a0devez avoir \u00e0 port\u00e9e de main lors de votre voyage.<\/p>\n<p>Le sac poss\u00e8de un syst\u00e8me de trolley de haute qualit\u00e9, avec une poign\u00e9e escamotable en aluminium et des roulettes sur roulements. Le trolley est livr\u00e9 d\u2019origine avec une serrure TSA (Etats-Unis\/Canada).<\/p>\n<p>Dimensions pli\u00e9es :\u00a0 40 x 20 x 60 cm<br \/>\nContenu :\u00a0 \u00a0 \u00a0 \u00a0 \u00a0 \u00a0 \u00a0 \u00a0 \u00a0\u00b1 60 litres<br \/>\nPoids :\u00a0 \u00a0 \u00a0 \u00a0 \u00a0 \u00a0 \u00a0 \u00a0 \u00a0 \u00a0 \u00a03000 g<br \/>\nMati\u00e8re :\u00a0 \u00a0 \u00a0 \u00a0 \u00a0 \u00a0 \u00a0 \u00a0 \u00a0900D pearl poly pu \u2013 1680D poly pu<br \/>\nCouleur :\u00a0 \u00a0 \u00a0 \u00a0 \u00a0 \u00a0 \u00a0 \u00a0 \u00a0Noir<\/p>\n","protected":false},"excerpt":{"rendered":"<p>Sac\u00a0de voyage pour le voyageur exigeant. Soign\u00e9 jusque dans le\u00a0moindre d\u00e9tail, fabriqu\u00e9 \u00e0 partir des meilleurs mat\u00e9riaux.\u00a0Le trolley poss\u00e8de 2 compartiments. L\u2019acc\u00e8s&hellip;<\/p>\n","protected":false},"featured_media":34494,"template":"","meta":{"_acf_changed":false},"product_brand":[],"product_cat":[2374,2493,2501],"product_tag":[],"class_list":{"0":"post-35661","1":"product","2":"type-product","3":"status-publish","4":"has-post-thumbnail","6":"product_cat-accessoires-de-voyage","7":"product_cat-sacs-de-voyage","8":"product_cat-trolleys-sacs-de-voyage","10":"first","11":"instock","12":"purchasable","13":"product-type-simple"},"acf":[],"_links":{"self":[{"href":"https:\/\/travelsafe.nl\/fr\/wp-json\/wp\/v2\/product\/35661","targetHints":{"allow":["GET"]}}],"collection":[{"href":"https:\/\/travelsafe.nl\/fr\/wp-json\/wp\/v2\/product"}],"about":[{"href":"https:\/\/travelsafe.nl\/fr\/wp-json\/wp\/v2\/types\/product"}],"wp:featuredmedia":[{"embeddable":true,"href":"https:\/\/travelsafe.nl\/fr\/wp-json\/wp\/v2\/media\/34494"}],"wp:attachment":[{"href":"https:\/\/travelsafe.nl\/fr\/wp-json\/wp\/v2\/media?parent=35661"}],"wp:term":[{"taxonomy":"product_brand","embeddable":true,"href":"https:\/\/travelsafe.nl\/fr\/wp-json\/wp\/v2\/product_brand?post=35661"},{"taxonomy":"product_cat","embeddable":true,"href":"https:\/\/travelsafe.nl\/fr\/wp-json\/wp\/v2\/product_cat?post=35661"},{"taxonomy":"product_tag","embeddable":true,"href":"https:\/\/travelsafe.nl\/fr\/wp-json\/wp\/v2\/product_tag?post=35661"}],"curies":[{"name":"wp","href":"https:\/\/api.w.org\/{rel}","templated":true}]}}