{"id":35662,"date":"2019-06-10T23:16:40","date_gmt":"2019-06-10T23:16:40","guid":{"rendered":"http:\/\/travelsafe.nl\/assortiment\/non%20class\u00e9\/sa-dos-tour-22-dos-ventilation-noir\/"},"modified":"2023-04-07T14:01:28","modified_gmt":"2023-04-07T14:01:28","slug":"sa-dos-tour-22-dos-ventilation-noir","status":"publish","type":"product","link":"https:\/\/travelsafe.nl\/fr\/assortiment\/accessoires-de-voyage\/sacs-de-voyage\/sacs-dos\/sa-dos-tour-22-dos-ventilation-noir\/","title":{"rendered":"Sac \u00e0 dos Tour &#8211; 22 litres"},"content":{"rendered":"<p>Le sac \u00e0 dos de randonn\u00e9e parfait avec un \u00e9quipement tr\u00e8s complet. Ce sac est\u00a0parfait pour les courtes randonn\u00e9es d\u2019un chalet de montagne \u00e0 un autre, ou des citytrips\u00a0plus longs. Le Tour poss\u00e8de 2 compartiments avec fond interm\u00e9diaire ajustable.\u00a0Le dos poss\u00e8de un filet sp\u00e9cial en maille pour la ventilation, qui emp\u00eache de mouiller\u00a0le dos par la transpiration. Les bretelles sont fabriqu\u00e9es en une mousse ouverte et\u00a0la ceinture de conception sp\u00e9ciale vous assure un confort maximal. Autres d\u00e9tails :\u00a0housse de pluie int\u00e9gr\u00e9e, pochettes lat\u00e9rales en maille, grandes poches frontales \u00e0\u00a0fermeture \u00e9clair, pochette \u00e0 fermeture \u00e9clair dans la housse. \u00c9galement disponible en variante de 28 litres.<\/p>\n<p>TravelSafe est sp\u00e9cialis\u00e9e dans les articles fonctionnels l\u00e9gers qui offrent un confort maximal au voyageur.<\/p>\n<p>Apr\u00e8s le lancement des JFK Travelpacks l\u00e9gers l\u2019ann\u00e9e derni\u00e8re, TravelSafe propose une gamme \u00e9labor\u00e9e de sacs \u00e0 dos pour le trek et randonn\u00e9e et d\u2019excursion et balades. Les sacs \u00e0 dos sont \u00e9quip\u00e9s de nombreux extras, comme housse de pluie, syst\u00e8me de ventilation dorsal, de nombreuses pochettes pratiques \u00e0 fermeture \u00e9clair et pr\u00e9par\u00e9s pour une poche d\u2019hydratation. Tous sont fabriqu\u00e9s par des experts et avec les meilleurs tissus. Bref, nous proposons un sac \u00e0 dos id\u00e9al pour chaque activit\u00e9.<\/p>\n<p>Dimensions pli\u00e9es :\u00a0 53 x 22 x 16 cm<br \/>\nContenu :\u00a0 \u00a0 \u00a0 \u00a0 \u00a0 \u00a0 \u00a0 \u00a0 \u00a0\u00b1 22 litres<br \/>\nPoids :\u00a0 \u00a0 \u00a0 \u00a0 \u00a0 \u00a0 \u00a0 \u00a0 \u00a0 \u00a0 \u00a01050 g<br \/>\nMati\u00e8re :\u00a0 \u00a0 \u00a0 \u00a0 \u00a0 \u00a0 \u00a0 \u00a0 \u00a0 1000D\/\/PU double line ripstop \u2013 190T poly<br \/>\nCouleur :\u00a0 \u00a0 \u00a0 \u00a0 \u00a0 \u00a0 \u00a0 \u00a0 \u00a0 Noir<\/p>\n","protected":false},"excerpt":{"rendered":"<p>Le sac \u00e0 dos de randonn\u00e9e parfait avec un \u00e9quipement tr\u00e8s complet. Ce sac est\u00a0parfait pour les courtes randonn\u00e9es d\u2019un chalet de&hellip;<\/p>\n","protected":false},"featured_media":34515,"template":"","meta":{"_acf_changed":false},"product_brand":[],"product_cat":[2374,2502,2493],"product_tag":[],"class_list":{"0":"post-35662","1":"product","2":"type-product","3":"status-publish","4":"has-post-thumbnail","6":"product_cat-accessoires-de-voyage","7":"product_cat-sacs-dos","8":"product_cat-sacs-de-voyage","10":"first","11":"instock","12":"purchasable","13":"product-type-simple"},"acf":[],"_links":{"self":[{"href":"https:\/\/travelsafe.nl\/fr\/wp-json\/wp\/v2\/product\/35662","targetHints":{"allow":["GET"]}}],"collection":[{"href":"https:\/\/travelsafe.nl\/fr\/wp-json\/wp\/v2\/product"}],"about":[{"href":"https:\/\/travelsafe.nl\/fr\/wp-json\/wp\/v2\/types\/product"}],"wp:featuredmedia":[{"embeddable":true,"href":"https:\/\/travelsafe.nl\/fr\/wp-json\/wp\/v2\/media\/34515"}],"wp:attachment":[{"href":"https:\/\/travelsafe.nl\/fr\/wp-json\/wp\/v2\/media?parent=35662"}],"wp:term":[{"taxonomy":"product_brand","embeddable":true,"href":"https:\/\/travelsafe.nl\/fr\/wp-json\/wp\/v2\/product_brand?post=35662"},{"taxonomy":"product_cat","embeddable":true,"href":"https:\/\/travelsafe.nl\/fr\/wp-json\/wp\/v2\/product_cat?post=35662"},{"taxonomy":"product_tag","embeddable":true,"href":"https:\/\/travelsafe.nl\/fr\/wp-json\/wp\/v2\/product_tag?post=35662"}],"curies":[{"name":"wp","href":"https:\/\/api.w.org\/{rel}","templated":true}]}}