{"id":35665,"date":"2019-06-10T23:16:42","date_gmt":"2019-06-10T23:16:42","guid":{"rendered":"http:\/\/travelsafe.nl\/assortiment\/non%20class\u00e9\/sac-dos-summit-25-ltr-bleu\/"},"modified":"2023-04-07T14:01:28","modified_gmt":"2023-04-07T14:01:28","slug":"sac-dos-summit-25-ltr-bleu","status":"publish","type":"product","link":"https:\/\/travelsafe.nl\/fr\/assortiment\/accessoires-de-voyage\/sacs-de-voyage\/sacs-dos\/sac-dos-summit-25-ltr-bleu\/","title":{"rendered":"Sac \u00e0 dos Excursion Summit \u2013 25 litres \u2013 Bleu"},"content":{"rendered":"<p>Nouveau sac \u00e0 dos pour la ville ou les excursions, largement \u00e9quip\u00e9. Ce sac constitue le partenaire parfait pour les city-trips ou les longues balades en for\u00eat. Il offre assez de place pour ranger tout le bagage. Le Summit poss\u00e8de un filet sp\u00e9cial en maille sur le dos pour la ventilation, qui emp\u00eache de mouiller le dos par la transpiration. Les bretelles confort, combin\u00e9es \u00e0 la ceinture, garantissent un confort de port parfait. Autres d\u00e9tails : pochette organisatrice\u00a0sur l\u2019avant, pochettes en maille, pochettes additionnelles \u00e0 fermetures \u00e9clair. Aussi disponible en noir (TS2211.0011).<\/p>\n<p>TravelSafe est sp\u00e9cialis\u00e9e dans les articles fonctionnels l\u00e9gers qui offrent un confort maximal au voyageur.<\/p>\n<p>Apr\u00e8s le lancement des JFK Travelpacks l\u00e9gers l\u2019ann\u00e9e derni\u00e8re, TravelSafe propose une gamme \u00e9labor\u00e9e de sacs \u00e0 dos pour le trek et randonn\u00e9e et d\u2019excursion et balades. Les sacs \u00e0 dos sont \u00e9quip\u00e9s de nombreux extras, comme housse de pluie, syst\u00e8me de ventilation dorsal, de nombreuses pochettes pratiques \u00e0 fermeture \u00e9clair et pr\u00e9par\u00e9s pour une poche d\u2019hydratation. Tous sont fabriqu\u00e9s par des experts et avec les meilleurs tissus. Bref, nous proposons un sac \u00e0 dos id\u00e9al pour chaque activit\u00e9.<\/p>\n<p>Dimensions pli\u00e9es : 49 x 26 x 16 cm<br \/>\nContenu :\u00a0 \u00a0 \u00a0 \u00a0 \u00a0 \u00a0 \u00a0 \u00a0 \u00b1 25 litres<br \/>\nPoids :\u00a0 \u00a0 \u00a0 \u00a0 \u00a0 \u00a0 \u00a0 \u00a0 \u00a0 \u00a0 \u00a0750 g<br \/>\nMati\u00e8re :\u00a0 \u00a0 \u00a0 \u00a0 \u00a0 \u00a0 \u00a0 \u00a0 \u00a0420D lightweight ripstop poly<br \/>\nCouleur :\u00a0 \u00a0 \u00a0 \u00a0 \u00a0 \u00a0 \u00a0 \u00a0 \u00a0Bleu<\/p>\n","protected":false},"excerpt":{"rendered":"<p>Nouveau sac \u00e0 dos pour la ville ou les excursions, largement \u00e9quip\u00e9. Ce sac constitue le partenaire parfait pour les city-trips ou&hellip;<\/p>\n","protected":false},"featured_media":34542,"template":"","meta":{"_acf_changed":false},"product_brand":[],"product_cat":[2374,2502,2493],"product_tag":[],"class_list":{"0":"post-35665","1":"product","2":"type-product","3":"status-publish","4":"has-post-thumbnail","6":"product_cat-accessoires-de-voyage","7":"product_cat-sacs-dos","8":"product_cat-sacs-de-voyage","10":"first","11":"instock","12":"purchasable","13":"product-type-simple"},"acf":[],"_links":{"self":[{"href":"https:\/\/travelsafe.nl\/fr\/wp-json\/wp\/v2\/product\/35665","targetHints":{"allow":["GET"]}}],"collection":[{"href":"https:\/\/travelsafe.nl\/fr\/wp-json\/wp\/v2\/product"}],"about":[{"href":"https:\/\/travelsafe.nl\/fr\/wp-json\/wp\/v2\/types\/product"}],"wp:featuredmedia":[{"embeddable":true,"href":"https:\/\/travelsafe.nl\/fr\/wp-json\/wp\/v2\/media\/34542"}],"wp:attachment":[{"href":"https:\/\/travelsafe.nl\/fr\/wp-json\/wp\/v2\/media?parent=35665"}],"wp:term":[{"taxonomy":"product_brand","embeddable":true,"href":"https:\/\/travelsafe.nl\/fr\/wp-json\/wp\/v2\/product_brand?post=35665"},{"taxonomy":"product_cat","embeddable":true,"href":"https:\/\/travelsafe.nl\/fr\/wp-json\/wp\/v2\/product_cat?post=35665"},{"taxonomy":"product_tag","embeddable":true,"href":"https:\/\/travelsafe.nl\/fr\/wp-json\/wp\/v2\/product_tag?post=35665"}],"curies":[{"name":"wp","href":"https:\/\/api.w.org\/{rel}","templated":true}]}}