{"id":35666,"date":"2019-06-10T23:16:42","date_gmt":"2019-06-10T23:16:42","guid":{"rendered":"http:\/\/travelsafe.nl\/assortiment\/non%20class\u00e9\/sac-dos-greyhound-ventilation-noir-gris\/"},"modified":"2023-04-07T14:01:28","modified_gmt":"2023-04-07T14:01:28","slug":"sac-dos-greyhound-ventilation-noir-gris","status":"publish","type":"product","link":"https:\/\/travelsafe.nl\/fr\/assortiment\/accessoires-de-voyage\/sacs-de-voyage\/sacs-dos\/sac-dos-greyhound-ventilation-noir-gris\/","title":{"rendered":"Sac \u00e0 dos Greyhound \u2013 27 litres \u2013 Noir"},"content":{"rendered":"<p>Sac \u00e0 dos parfait pour les longues randonn\u00e9es ou city-trips. Ce sac offre la combinaison\u00a0parfaite entre confort et fonctionnalit\u00e9. Exceptionnelle a\u00e9ration du dos,\u00a0qui emp\u00eache de mouiller le dos par la transpiration. S-bretelles et la ceinture sont\u00a0fabriqu\u00e9es en mousse l\u00e9g\u00e8re pour un confort maximal. Les poches suppl\u00e9mentaires\u00a0\u00e0 fermetures \u00e9clair sur la ceinture peuvent servir \u00e0 ranger la monnaie ou un appareil photo. Sur l\u2019avant, une bande \u00e9lastique extra-longue permet de ranger votre sweater\u00a0ou veste de pluie. D\u00e9tails : fermetures \u00e9clair \u00e9tanches, housse pluie int\u00e9gr\u00e9e, pochettes\u00a0en maille, courroies de compression, pr\u00e9par\u00e9 pour poche d\u2019hydratation. Aussi disponible en Anthracite \/ Gris (TS2216.0402).<\/p>\n<p>TravelSafe est sp\u00e9cialis\u00e9e dans les articles fonctionnels l\u00e9gers qui offrent un confort maximal au voyageur.<\/p>\n<p>Apr\u00e8s le lancement des JFK Travelpacks l\u00e9gers l\u2019ann\u00e9e derni\u00e8re, TravelSafe propose une gamme \u00e9labor\u00e9e de sacs \u00e0 dos pour le trek et randonn\u00e9e et d\u2019excursion et balades. Les sacs \u00e0 dos sont \u00e9quip\u00e9s de nombreux extras, comme housse de pluie, syst\u00e8me de ventilation dorsal, de nombreuses pochettes pratiques \u00e0 fermeture \u00e9clair et pr\u00e9par\u00e9s pour une poche d\u2019hydratation. Tous sont fabriqu\u00e9s par des experts et avec les meilleurs tissus. Bref, nous proposons un sac \u00e0 dos id\u00e9al pour chaque activit\u00e9.<\/p>\n<p>Dimensions pli\u00e9es :\u00a0 \u00a052 x 22 x 18 cm<br \/>\nContenu :\u00a0 \u00a0 \u00a0 \u00a0 \u00a0 \u00a0 \u00a0 \u00a0 \u00a0 \u00b1 27 litres<br \/>\nPoids :\u00a0 \u00a0 \u00a0 \u00a0 \u00a0 \u00a0 \u00a0 \u00a0 \u00a0 \u00a0 \u00a0 \u00a0850 g<br \/>\nMati\u00e8re :\u00a0 \u00a0 \u00a0 \u00a0 \u00a0 \u00a0 \u00a0 \u00a0 \u00a0 \u00a0600D \u2013 Balistic \u2013 420D ripstop poly<br \/>\nCouleur :\u00a0 \u00a0 \u00a0 \u00a0 \u00a0 \u00a0 \u00a0 \u00a0 \u00a0 \u00a0Anthracite \/ Noir<\/p>\n","protected":false},"excerpt":{"rendered":"<p>Sac \u00e0 dos parfait pour les longues randonn\u00e9es ou city-trips. Ce sac offre la combinaison\u00a0parfaite entre confort et fonctionnalit\u00e9. Exceptionnelle a\u00e9ration du&hellip;<\/p>\n","protected":false},"featured_media":34559,"template":"","meta":{"_acf_changed":false},"product_brand":[],"product_cat":[2374,2502,2493],"product_tag":[],"class_list":{"0":"post-35666","1":"product","2":"type-product","3":"status-publish","4":"has-post-thumbnail","6":"product_cat-accessoires-de-voyage","7":"product_cat-sacs-dos","8":"product_cat-sacs-de-voyage","10":"first","11":"onbackorder","12":"purchasable","13":"product-type-simple"},"acf":[],"_links":{"self":[{"href":"https:\/\/travelsafe.nl\/fr\/wp-json\/wp\/v2\/product\/35666","targetHints":{"allow":["GET"]}}],"collection":[{"href":"https:\/\/travelsafe.nl\/fr\/wp-json\/wp\/v2\/product"}],"about":[{"href":"https:\/\/travelsafe.nl\/fr\/wp-json\/wp\/v2\/types\/product"}],"wp:featuredmedia":[{"embeddable":true,"href":"https:\/\/travelsafe.nl\/fr\/wp-json\/wp\/v2\/media\/34559"}],"wp:attachment":[{"href":"https:\/\/travelsafe.nl\/fr\/wp-json\/wp\/v2\/media?parent=35666"}],"wp:term":[{"taxonomy":"product_brand","embeddable":true,"href":"https:\/\/travelsafe.nl\/fr\/wp-json\/wp\/v2\/product_brand?post=35666"},{"taxonomy":"product_cat","embeddable":true,"href":"https:\/\/travelsafe.nl\/fr\/wp-json\/wp\/v2\/product_cat?post=35666"},{"taxonomy":"product_tag","embeddable":true,"href":"https:\/\/travelsafe.nl\/fr\/wp-json\/wp\/v2\/product_tag?post=35666"}],"curies":[{"name":"wp","href":"https:\/\/api.w.org\/{rel}","templated":true}]}}