{"id":35669,"date":"2019-06-10T23:16:44","date_gmt":"2019-06-10T23:16:44","guid":{"rendered":"http:\/\/travelsafe.nl\/assortiment\/non%20class\u00e9\/sac-dos-escape-65-noir\/"},"modified":"2023-04-07T14:01:29","modified_gmt":"2023-04-07T14:01:29","slug":"sac-dos-escape-65-noir","status":"publish","type":"product","link":"https:\/\/travelsafe.nl\/fr\/assortiment\/accessoires-de-voyage\/sacs-de-voyage\/sacs-dos\/sac-dos-escape-65-noir\/","title":{"rendered":"Sac \u00e0 dos Escape \u2013 65 litres"},"content":{"rendered":"<p>Sac \u00e0 dos id\u00e9al pour le trek\/interrail r\u00e9alis\u00e9 en mat\u00e9riau robuste avec de nombreuses\u00a0fonctions. Les bretelles courb\u00e9es en S sont rembourr\u00e9es avec de la maille 3D pour la\u00a0ventilation et sont ajustables en hauteur pour s\u2019adapter \u00e0 presque toutes les tailles de\u00a0dos. La ceinture robuste est \u00e9galement rembourr\u00e9e de maille 3D et offre un confort\u00a0maximal. L\u2019Escape poss\u00e8de deux pochettes lat\u00e9rales modulables \u00e0 fermeture \u00e9clair et 2 compartiments avec un fond interm\u00e9diaire ajustable. La capuche est r\u00e9glable en\u00a0hauteur et poss\u00e8de une pochette \u00e0 documents additionnelle. Autres d\u00e9tails : housse\u00a0de pluie int\u00e9gr\u00e9e, de nombreuses pochettes pratiques \u00e0 fermeture \u00e9clair, pr\u00e9par\u00e9\u00a0pour une poche d\u2019hydratation, pochettes lat\u00e9rales en maille, courroies de compression\u00a0pour bien fixer votre bagage, etc. \u00c9galement disponible en version plus petite de 55 litres.<\/p>\n<p>TravelSafe est sp\u00e9cialis\u00e9e dans les articles fonctionnels l\u00e9gers qui offrent un confort maximal au voyageur.<\/p>\n<p>Apr\u00e8s le lancement des JFK Travelpacks l\u00e9gers l\u2019ann\u00e9e derni\u00e8re, TravelSafe propose une gamme \u00e9labor\u00e9e de sacs \u00e0 dos pour le trek et randonn\u00e9e et d\u2019excursion et balades. Les sacs \u00e0 dos sont \u00e9quip\u00e9s de nombreux extras, comme housse de pluie, syst\u00e8me de ventilation dorsal, de nombreuses pochettes pratiques \u00e0 fermeture \u00e9clair et pr\u00e9par\u00e9s pour une poche d\u2019hydratation. Tous sont fabriqu\u00e9s par des experts et avec les meilleurs tissus. Bref, nous proposons un sac \u00e0 dos id\u00e9al pour chaque activit\u00e9.<\/p>\n<p>Dimensions pli\u00e9e :\u00a0 \u00a080 x 38 x 30 cm<br \/>\nContenu:\u00a0 \u00a0 \u00a0 \u00a0 \u00a0 \u00a0 \u00a0 \u00a0 \u00a0 \u00b1 \u00a065 litres<br \/>\nPoids :\u00a0 \u00a0 \u00a0 \u00a0 \u00a0 \u00a0 \u00a0 \u00a0 \u00a0 \u00a0 \u00a0 2100 g<br \/>\nMati\u00e8re :\u00a0 \u00a0 \u00a0 \u00a0 \u00a0 \u00a0 \u00a0 \u00a0 \u00a0 1000D\/PU cordura &#8211; 300D\/PU ripstop<br \/>\nCouleur :\u00a0 \u00a0 \u00a0 \u00a0 \u00a0 \u00a0 \u00a0 \u00a0 \u00a0 Noir<\/p>\n","protected":false},"excerpt":{"rendered":"<p>Sac \u00e0 dos id\u00e9al pour le trek\/interrail r\u00e9alis\u00e9 en mat\u00e9riau robuste avec de nombreuses\u00a0fonctions. Les bretelles courb\u00e9es en S sont rembourr\u00e9es avec&hellip;<\/p>\n","protected":false},"featured_media":34610,"template":"","meta":{"_acf_changed":false},"product_brand":[],"product_cat":[2374,2502,2493],"product_tag":[],"class_list":{"0":"post-35669","1":"product","2":"type-product","3":"status-publish","4":"has-post-thumbnail","6":"product_cat-accessoires-de-voyage","7":"product_cat-sacs-dos","8":"product_cat-sacs-de-voyage","10":"first","11":"instock","12":"purchasable","13":"product-type-simple"},"acf":[],"_links":{"self":[{"href":"https:\/\/travelsafe.nl\/fr\/wp-json\/wp\/v2\/product\/35669","targetHints":{"allow":["GET"]}}],"collection":[{"href":"https:\/\/travelsafe.nl\/fr\/wp-json\/wp\/v2\/product"}],"about":[{"href":"https:\/\/travelsafe.nl\/fr\/wp-json\/wp\/v2\/types\/product"}],"wp:featuredmedia":[{"embeddable":true,"href":"https:\/\/travelsafe.nl\/fr\/wp-json\/wp\/v2\/media\/34610"}],"wp:attachment":[{"href":"https:\/\/travelsafe.nl\/fr\/wp-json\/wp\/v2\/media?parent=35669"}],"wp:term":[{"taxonomy":"product_brand","embeddable":true,"href":"https:\/\/travelsafe.nl\/fr\/wp-json\/wp\/v2\/product_brand?post=35669"},{"taxonomy":"product_cat","embeddable":true,"href":"https:\/\/travelsafe.nl\/fr\/wp-json\/wp\/v2\/product_cat?post=35669"},{"taxonomy":"product_tag","embeddable":true,"href":"https:\/\/travelsafe.nl\/fr\/wp-json\/wp\/v2\/product_tag?post=35669"}],"curies":[{"name":"wp","href":"https:\/\/api.w.org\/{rel}","templated":true}]}}