{"id":35670,"date":"2019-06-10T23:16:44","date_gmt":"2019-06-10T23:16:44","guid":{"rendered":"http:\/\/travelsafe.nl\/assortiment\/non%20class\u00e9\/chaise-pliable-calais-lgre\/"},"modified":"2023-04-07T14:01:29","modified_gmt":"2023-04-07T14:01:29","slug":"chaise-pliable-calais-lgre","status":"publish","type":"product","link":"https:\/\/travelsafe.nl\/fr\/assortiment\/accessoires-de-voyage\/des-chaises\/chaise-pliable-calais-lgre\/","title":{"rendered":"Chaise de voyage pliante CALAIS &#8211; l\u00e9g\u00e8re"},"content":{"rendered":"<p>Chaise l\u00e9g\u00e8re, facile \u00e0 \u00e9riger et \u00e0 emballer dans un petit sac de transport. Stable\u00a0et confortable, s\u2019adapte \u00e0 tous les sacs \u00e0 dos ou \u00e0 v\u00e9lo. Pi\u00e8ces de maille sp\u00e9ciales\u00a0pour la ventilation. Y compris sac de transport.<\/p>\n<p>Dimensions hauteur :\u00a0 \u00a0 64\/35 cm \u2013 si\u00e8ge : 49 x 25 x 40 cm<br \/>\nDimensions pli\u00e9e :\u00a0 \u00a0 \u00a0 \u00a0 \u00a044 x 7 x 11 cm<br \/>\nCapacit\u00e9 de charge :\u00a0 \u00a0 \u00a0 100 kg<br \/>\nPoids :\u00a0 \u00a0 \u00a0 \u00a0 \u00a0 \u00a0 \u00a0 \u00a0 \u00a0 \u00a0 \u00a0 \u00a0 \u00a0 \u00a0 995 g<br \/>\nMati\u00e8re :\u00a0 \u00a0 \u00a0 \u00a0 \u00a0 \u00a0 \u00a0 \u00a0 \u00a0 \u00a0 \u00a0 \u00a0 100% Polyester, 600D Oxford, aircraft-grade aluminium 7075<br \/>\nCouleur :\u00a0 \u00a0 \u00a0 \u00a0 \u00a0 \u00a0 \u00a0 \u00a0 \u00a0 \u00a0 \u00a0 \u00a0 Noir<\/p>\n","protected":false},"excerpt":{"rendered":"<p>Chaise l\u00e9g\u00e8re, facile \u00e0 \u00e9riger et \u00e0 emballer dans un petit sac de transport. Stable\u00a0et confortable, s\u2019adapte \u00e0 tous les sacs \u00e0&hellip;<\/p>\n","protected":false},"featured_media":34643,"template":"","meta":{"_acf_changed":false},"product_brand":[],"product_cat":[2374,2503],"product_tag":[],"class_list":{"0":"post-35670","1":"product","2":"type-product","3":"status-publish","4":"has-post-thumbnail","6":"product_cat-accessoires-de-voyage","7":"product_cat-des-chaises","9":"first","10":"instock","11":"purchasable","12":"product-type-simple"},"acf":[],"_links":{"self":[{"href":"https:\/\/travelsafe.nl\/fr\/wp-json\/wp\/v2\/product\/35670","targetHints":{"allow":["GET"]}}],"collection":[{"href":"https:\/\/travelsafe.nl\/fr\/wp-json\/wp\/v2\/product"}],"about":[{"href":"https:\/\/travelsafe.nl\/fr\/wp-json\/wp\/v2\/types\/product"}],"wp:featuredmedia":[{"embeddable":true,"href":"https:\/\/travelsafe.nl\/fr\/wp-json\/wp\/v2\/media\/34643"}],"wp:attachment":[{"href":"https:\/\/travelsafe.nl\/fr\/wp-json\/wp\/v2\/media?parent=35670"}],"wp:term":[{"taxonomy":"product_brand","embeddable":true,"href":"https:\/\/travelsafe.nl\/fr\/wp-json\/wp\/v2\/product_brand?post=35670"},{"taxonomy":"product_cat","embeddable":true,"href":"https:\/\/travelsafe.nl\/fr\/wp-json\/wp\/v2\/product_cat?post=35670"},{"taxonomy":"product_tag","embeddable":true,"href":"https:\/\/travelsafe.nl\/fr\/wp-json\/wp\/v2\/product_tag?post=35670"}],"curies":[{"name":"wp","href":"https:\/\/api.w.org\/{rel}","templated":true}]}}