{"id":35671,"date":"2019-06-10T23:16:46","date_gmt":"2019-06-10T23:16:46","guid":{"rendered":"http:\/\/travelsafe.nl\/assortiment\/non%20class\u00e9\/opvouwbare-relax-stoel-york-licht-gewicht\/"},"modified":"2023-04-07T14:01:29","modified_gmt":"2023-04-07T14:01:29","slug":"opvouwbare-relax-stoel-york-licht-gewicht","status":"publish","type":"product","link":"https:\/\/travelsafe.nl\/fr\/assortiment\/accessoires-de-voyage\/des-chaises\/opvouwbare-relax-stoel-york-licht-gewicht\/","title":{"rendered":"Fauteuil relax pliante YORK \u2013 l\u00e9g\u00e8re"},"content":{"rendered":"<p>Chaise de voyage l\u00e9g\u00e8re. Le panneau arri\u00e8re long vous offre un confort parfait. Pi\u00e8ces de maille sp\u00e9ciales pour la ventilation. La chaise est facile \u00e0 \u00e9riger et \u00e0 emballer dans un petit sac de transport. Le York est id\u00e9al pour une utilisation lorsqu\u2019un faible volume de rangement est d\u00e9sir\u00e9, par exemple pendant des vacances \u00e0 v\u00e9lo ou avec sac \u00e0 dos.<\/p>\n<p>Dimensions hauteur :\u00a0 \u00a0 100\/40 cm \u2013 si\u00e8ge : 53 x 36 x 72 cm<br \/>\nDimensions pli\u00e9e :\u00a0 \u00a0 \u00a0 \u00a0 \u00a047 x 14 x 8 cm<br \/>\nCapacit\u00e9 de charge :\u00a0 \u00a0 \u00a0 100 kg<br \/>\nPoids :\u00a0 \u00a0 \u00a0 \u00a0 \u00a0 \u00a0 \u00a0 \u00a0 \u00a0 \u00a0 \u00a0 \u00a0 \u00a0 \u00a0 1400 g<br \/>\nMati\u00e8re :\u00a0 \u00a0 \u00a0 \u00a0 \u00a0 \u00a0 \u00a0 \u00a0 \u00a0 \u00a0 \u00a0 \u00a0 100% Polyester, 600D Oxford, aircraft-grade aluminium 7075<br \/>\nCouleur :\u00a0 \u00a0 \u00a0 \u00a0 \u00a0 \u00a0 \u00a0 \u00a0 \u00a0 \u00a0 \u00a0 \u00a0 Noir<\/p>\n","protected":false},"excerpt":{"rendered":"<p>Chaise de voyage l\u00e9g\u00e8re. Le panneau arri\u00e8re long vous offre un confort parfait. Pi\u00e8ces de maille sp\u00e9ciales pour la ventilation. La chaise&hellip;<\/p>\n","protected":false},"featured_media":34672,"template":"","meta":{"_acf_changed":false},"product_brand":[],"product_cat":[2374,2503],"product_tag":[],"class_list":{"0":"post-35671","1":"product","2":"type-product","3":"status-publish","4":"has-post-thumbnail","6":"product_cat-accessoires-de-voyage","7":"product_cat-des-chaises","9":"first","10":"instock","11":"purchasable","12":"product-type-simple"},"acf":[],"_links":{"self":[{"href":"https:\/\/travelsafe.nl\/fr\/wp-json\/wp\/v2\/product\/35671","targetHints":{"allow":["GET"]}}],"collection":[{"href":"https:\/\/travelsafe.nl\/fr\/wp-json\/wp\/v2\/product"}],"about":[{"href":"https:\/\/travelsafe.nl\/fr\/wp-json\/wp\/v2\/types\/product"}],"wp:featuredmedia":[{"embeddable":true,"href":"https:\/\/travelsafe.nl\/fr\/wp-json\/wp\/v2\/media\/34672"}],"wp:attachment":[{"href":"https:\/\/travelsafe.nl\/fr\/wp-json\/wp\/v2\/media?parent=35671"}],"wp:term":[{"taxonomy":"product_brand","embeddable":true,"href":"https:\/\/travelsafe.nl\/fr\/wp-json\/wp\/v2\/product_brand?post=35671"},{"taxonomy":"product_cat","embeddable":true,"href":"https:\/\/travelsafe.nl\/fr\/wp-json\/wp\/v2\/product_cat?post=35671"},{"taxonomy":"product_tag","embeddable":true,"href":"https:\/\/travelsafe.nl\/fr\/wp-json\/wp\/v2\/product_tag?post=35671"}],"curies":[{"name":"wp","href":"https:\/\/api.w.org\/{rel}","templated":true}]}}