{"id":35674,"date":"2019-06-10T23:16:47","date_gmt":"2019-06-10T23:16:47","guid":{"rendered":"http:\/\/travelsafe.nl\/assortiment\/non%20class\u00e9\/duffle-bag-nepal-xl\/"},"modified":"2023-05-12T13:18:43","modified_gmt":"2023-05-12T13:18:43","slug":"duffle-bag-nepal-xl","status":"publish","type":"product","link":"https:\/\/travelsafe.nl\/fr\/assortiment\/accessoires-de-voyage\/sacs-de-voyage\/duffle-bag-sacs-de-voyage\/duffle-bag-nepal-xl\/","title":{"rendered":"Duffle Bag Nepal &#8211; Sac de Voyage \u2013 XL"},"content":{"rendered":"<p>Le sac \u00e0 engrenage du N\u00e9pal est fabriqu\u00e9 \u00e0 partir d\u2019une b\u00e2che durable et facile \u00e0 entretenir. Pour le fond du sac de voyage, qui est rembourr\u00e9 pour prot\u00e9ger le contenu, on utilise un mat\u00e9riau r\u00e9sistant \u00e0 l\u2019abrasion et le fond \u00e0 l\u2019ext\u00e9rieur est en polyester r\u00e9sistant \u00e0 600D. Ainsi, le sac peut \u00eatre transport\u00e9 facilement, il est \u00e9quip\u00e9 de sangles sac \u00e0 dos. Le sac \u00e0 engrenages est \u00e9quip\u00e9 d\u2019une grande ouverture pour faciliter l\u2019emballage, sous le couvercle il y a une poche \u00e0 maille plate avec fermeture \u00e0 glissi\u00e8re, des articles plus petits peuvent \u00eatre rang\u00e9s dans un compartiment \u00e0 deux mailles.<\/p>\n<p>Ce grand sac de voyage est \u00e9galement disponible dans les tailles M-65 litres (TS2051) et L-85 litres (TS2506).<\/p>\n<p>TravelSafe est sp\u00e9cialis\u00e9e dans les articles fonctionnels l\u00e9gers qui offrent un confort maximal au voyageur.<\/p>\n<p>Dimensions :\u00a0 80 x \u00f8 50 cm<br \/>\nContenu :\u00a0 \u00a0 \u00a0 \u00a0\u00a0110 litres<br \/>\nPoids :\u00a0 \u00a0 \u00a0 \u00a0 \u00a0 \u00a0 \u00a0\u00b1 2,3 kg<br \/>\nMati\u00e8re :\u00a0 \u00a0 \u00a0 \u00a0 \u00a0Tarpaulin (b\u00e2che)<br \/>\nCouleur :\u00a0 \u00a0 \u00a0 \u00a0 \u00a0Noir<\/p>\n","protected":false},"excerpt":{"rendered":"<p>Le sac \u00e0 engrenage du N\u00e9pal est fabriqu\u00e9 \u00e0 partir d\u2019une b\u00e2che durable et facile \u00e0 entretenir. Pour le fond du sac&hellip;<\/p>\n","protected":false},"featured_media":34723,"template":"","meta":{"_acf_changed":false},"product_brand":[],"product_cat":[2504,2493],"product_tag":[],"class_list":{"0":"post-35674","1":"product","2":"type-product","3":"status-publish","4":"has-post-thumbnail","6":"product_cat-duffle-bag-sacs-de-voyage","7":"product_cat-sacs-de-voyage","9":"first","10":"instock","11":"purchasable","12":"product-type-simple"},"acf":[],"_links":{"self":[{"href":"https:\/\/travelsafe.nl\/fr\/wp-json\/wp\/v2\/product\/35674","targetHints":{"allow":["GET"]}}],"collection":[{"href":"https:\/\/travelsafe.nl\/fr\/wp-json\/wp\/v2\/product"}],"about":[{"href":"https:\/\/travelsafe.nl\/fr\/wp-json\/wp\/v2\/types\/product"}],"wp:featuredmedia":[{"embeddable":true,"href":"https:\/\/travelsafe.nl\/fr\/wp-json\/wp\/v2\/media\/34723"}],"wp:attachment":[{"href":"https:\/\/travelsafe.nl\/fr\/wp-json\/wp\/v2\/media?parent=35674"}],"wp:term":[{"taxonomy":"product_brand","embeddable":true,"href":"https:\/\/travelsafe.nl\/fr\/wp-json\/wp\/v2\/product_brand?post=35674"},{"taxonomy":"product_cat","embeddable":true,"href":"https:\/\/travelsafe.nl\/fr\/wp-json\/wp\/v2\/product_cat?post=35674"},{"taxonomy":"product_tag","embeddable":true,"href":"https:\/\/travelsafe.nl\/fr\/wp-json\/wp\/v2\/product_tag?post=35674"}],"curies":[{"name":"wp","href":"https:\/\/api.w.org\/{rel}","templated":true}]}}