{"id":35676,"date":"2019-06-10T23:16:47","date_gmt":"2019-06-10T23:16:47","guid":{"rendered":"http:\/\/travelsafe.nl\/assortiment\/non%20class\u00e9\/serveite-de-voyage-mini-towel-petit-40cm-40cm-vert\/"},"modified":"2023-07-20T13:55:25","modified_gmt":"2023-07-20T13:55:25","slug":"serveite-de-voyage-mini-towel-petit-40cm-40cm-vert","status":"publish","type":"product","link":"https:\/\/travelsafe.nl\/fr\/assortiment\/accessoires-de-voyage\/serviettes-de-voyage\/serveite-de-voyage-mini-towel-petit-40cm-40cm-vert\/","title":{"rendered":"Mini serviette en microfibre \u2013 Vert"},"content":{"rendered":"<p>Cette mini serviette est ultra l\u00e9g\u00e8re (clip compris, 24 grammes), compacte et id\u00e9ale \u00e0 fixer \u00e0 votre sac \u00e0 dos, pantalon pu veste lors de divers sports de plein air. Cette serviette est fabriqu\u00e9e \u00e0 partir de microfibres ultrafines et est donc extr\u00eamement absorbant et s\u00e8che rapidement. Parce que les serviettes s\u00e8chent si rapidement, les bact\u00e9ries sont moins susceptibles de se d\u00e9velopper.<\/p>\n<p>\u00c9galement disponible dans les couleurs bleu et orange.<\/p>\n<p>Les serviettes de voyages sont id\u00e9ales pour une utilisation en camping, en randonn\u00e9e et pour toutes les autres activit\u00e9s sportives. Elles sont l\u00e9g\u00e8res et super absorbantes gr\u00e2ce aux fibres ultra fines. Peuvent absorber jusqu\u2019\u00e0 6 fois son poids en eau. Petit emballage, tr\u00e8s douce \u00e0 toucher, tr\u00e8s absorbant et s\u00e9chage rapide.<\/p>\n<p>Dimensions :\u00a040 x 40 cm<br \/>\nPoids :\u00a0 \u00a0 \u00a0 \u00a0 \u00a0 \u00a0 24 g<br \/>\nMati\u00e8re :\u00a0 \u00a0 \u00a0 \u00a0 80% polyester \u2013 20% polyamide<br \/>\nCouleur :\u00a0 \u00a0 \u00a0 \u00a0 Vert<\/p>\n","protected":false},"excerpt":{"rendered":"<p>Cette mini serviette est ultra l\u00e9g\u00e8re (clip compris, 24 grammes), compacte et id\u00e9ale \u00e0 fixer \u00e0 votre sac \u00e0 dos, pantalon pu&hellip;<\/p>\n","protected":false},"featured_media":36305,"template":"","meta":{"_acf_changed":false},"product_brand":[],"product_cat":[2374,2506],"product_tag":[],"class_list":{"0":"post-35676","1":"product","2":"type-product","3":"status-publish","4":"has-post-thumbnail","6":"product_cat-accessoires-de-voyage","7":"product_cat-serviettes-de-voyage","9":"first","10":"outofstock","11":"purchasable","12":"product-type-simple"},"acf":[],"_links":{"self":[{"href":"https:\/\/travelsafe.nl\/fr\/wp-json\/wp\/v2\/product\/35676","targetHints":{"allow":["GET"]}}],"collection":[{"href":"https:\/\/travelsafe.nl\/fr\/wp-json\/wp\/v2\/product"}],"about":[{"href":"https:\/\/travelsafe.nl\/fr\/wp-json\/wp\/v2\/types\/product"}],"wp:featuredmedia":[{"embeddable":true,"href":"https:\/\/travelsafe.nl\/fr\/wp-json\/wp\/v2\/media\/36305"}],"wp:attachment":[{"href":"https:\/\/travelsafe.nl\/fr\/wp-json\/wp\/v2\/media?parent=35676"}],"wp:term":[{"taxonomy":"product_brand","embeddable":true,"href":"https:\/\/travelsafe.nl\/fr\/wp-json\/wp\/v2\/product_brand?post=35676"},{"taxonomy":"product_cat","embeddable":true,"href":"https:\/\/travelsafe.nl\/fr\/wp-json\/wp\/v2\/product_cat?post=35676"},{"taxonomy":"product_tag","embeddable":true,"href":"https:\/\/travelsafe.nl\/fr\/wp-json\/wp\/v2\/product_tag?post=35676"}],"curies":[{"name":"wp","href":"https:\/\/api.w.org\/{rel}","templated":true}]}}