{"id":35687,"date":"2019-06-10T23:16:54","date_gmt":"2019-06-10T23:16:54","guid":{"rendered":"http:\/\/travelsafe.nl\/assortiment\/non%20class\u00e9\/traveserviette-de-voyage-microfibre-l-85x150cm-bleu\/"},"modified":"2023-07-20T13:50:12","modified_gmt":"2023-07-20T13:50:12","slug":"traveserviette-de-voyage-microfibre-l-85x150cm-bleu","status":"publish","type":"product","link":"https:\/\/travelsafe.nl\/fr\/assortiment\/accessoires-de-voyage\/serviettes-de-voyage\/traveserviette-de-voyage-microfibre-l-85x150cm-bleu\/","title":{"rendered":"Serviette de voyage en microfibre L &#8211; Bleu"},"content":{"rendered":"<p>Les serviettes r\u00e9nov\u00e9es en microfibre sont disponibles en plusieurs tailles et de nouvelles couleurs ! Ces Travel Towels sont id\u00e9aux pour le camping, la randonn\u00e9e et toutes les autres activit\u00e9s sportives. Super absorbants, tr\u00e8s l\u00e9gers et fait de fibres ultra fines, ils peuvent absorber jusqu\u2019\u00e0 6 fois leur poids en eau. Ils s\u00e8chent \u00e9galement tr\u00e8s vite. Comme ces serviettes s\u00e8chent rapidement, les bact\u00e9ries sont moins susceptibles de se d\u00e9velopper. Les serviettes ont un emballage pratique et compact et disposent d\u2019une boucle de fixation pratique.<\/p>\n<p>Couleurs disponibles\u00a0: bleu, vert, violet, gris<\/p>\n<p>Tailles disponibles\u00a0: XS \u2013 80&#215;40 cm \/ S &#8211; 60\u00d7120 cm \/ M &#8211; 70\u00d7135 cm \/ L- 85\u00d7150 cm<\/p>\n<p>Les serviettes de voyages sont id\u00e9ales pour une utilisation en camping, en randonn\u00e9e et pour toutes les autres activit\u00e9s sportives. Elles sont l\u00e9g\u00e8res et super absorbantes gr\u00e2ce aux fibres ultra fines. Peuvent absorber jusqu\u2019\u00e0 6 fois son poids en eau. Petit emballage, tr\u00e8s douce \u00e0 toucher, tr\u00e8s absorbant et s\u00e9chage rapide.<\/p>\n<p>Dimensions :\u00a0150 x 85 cm<br \/>\nPoids :\u00a0 \u00a0 \u00a0 \u00a0 \u00a0 \u00a0 290 g<br \/>\nMati\u00e8re :\u00a0 \u00a0 \u00a0 \u00a0 80% polyester \u2013 20% polyamide<br \/>\nCouleur :\u00a0 \u00a0 \u00a0 \u00a0 Bleu<\/p>\n","protected":false},"excerpt":{"rendered":"<p>Les serviettes r\u00e9nov\u00e9es en microfibre sont disponibles en plusieurs tailles et de nouvelles couleurs ! Ces Travel Towels sont id\u00e9aux pour le&hellip;<\/p>\n","protected":false},"featured_media":36348,"template":"","meta":{"_acf_changed":false},"product_brand":[],"product_cat":[2374,2506],"product_tag":[],"class_list":{"0":"post-35687","1":"product","2":"type-product","3":"status-publish","4":"has-post-thumbnail","6":"product_cat-accessoires-de-voyage","7":"product_cat-serviettes-de-voyage","9":"first","10":"instock","11":"purchasable","12":"product-type-simple"},"acf":[],"_links":{"self":[{"href":"https:\/\/travelsafe.nl\/fr\/wp-json\/wp\/v2\/product\/35687","targetHints":{"allow":["GET"]}}],"collection":[{"href":"https:\/\/travelsafe.nl\/fr\/wp-json\/wp\/v2\/product"}],"about":[{"href":"https:\/\/travelsafe.nl\/fr\/wp-json\/wp\/v2\/types\/product"}],"wp:featuredmedia":[{"embeddable":true,"href":"https:\/\/travelsafe.nl\/fr\/wp-json\/wp\/v2\/media\/36348"}],"wp:attachment":[{"href":"https:\/\/travelsafe.nl\/fr\/wp-json\/wp\/v2\/media?parent=35687"}],"wp:term":[{"taxonomy":"product_brand","embeddable":true,"href":"https:\/\/travelsafe.nl\/fr\/wp-json\/wp\/v2\/product_brand?post=35687"},{"taxonomy":"product_cat","embeddable":true,"href":"https:\/\/travelsafe.nl\/fr\/wp-json\/wp\/v2\/product_cat?post=35687"},{"taxonomy":"product_tag","embeddable":true,"href":"https:\/\/travelsafe.nl\/fr\/wp-json\/wp\/v2\/product_tag?post=35687"}],"curies":[{"name":"wp","href":"https:\/\/api.w.org\/{rel}","templated":true}]}}