{"id":35691,"date":"2019-06-10T23:16:56","date_gmt":"2019-06-10T23:16:56","guid":{"rendered":"http:\/\/travelsafe.nl\/assortiment\/non%20class\u00e9\/terry-traveltowel-large-135x70cm-vert\/"},"modified":"2023-04-07T14:01:33","modified_gmt":"2023-04-07T14:01:33","slug":"terry-traveltowel-large-135x70cm-vert","status":"publish","type":"product","link":"https:\/\/travelsafe.nl\/fr\/assortiment\/accessoires-de-voyage\/serviettes-de-voyage\/terry-traveltowel-large-135x70cm-vert\/","title":{"rendered":"Serviette de voyage Terry en microfibre L \u2013 Gris\/orange"},"content":{"rendered":"<p>Ce tissu agr\u00e9able ultra doux est \u00e9galement tr\u00e8s absorbant, tout comme les autres serviettes de voyage de TravelSafe. Gr\u00e2ce aux microfibres, cette serviette peut \u00eatre pli\u00e9e tr\u00e8s compacte et est donc facile \u00e0 emporter en voyage.<\/p>\n<p>Couleurs disponibles\u00a0: gris avec un bord vert ou gris avec un bord orange.<\/p>\n<p>Tailles disponibles\u00a0: L- 135\u00d770 cm \/ XL-150&#215;85 cm<\/p>\n<p>Les serviettes de voyages sont id\u00e9ales pour une utilisation en camping, en randonn\u00e9e et pour toutes les autres activit\u00e9s sportives. Elles sont l\u00e9g\u00e8res et super absorbantes gr\u00e2ce aux fibres ultra fines. Peuvent absorber jusqu\u2019\u00e0 6 fois son poids en eau. Petit emballage, tr\u00e8s douce \u00e0 toucher, tr\u00e8s absorbant et s\u00e9chage rapide.<\/p>\n<p>Dimensions :\u00a0135 x 70 cm<br \/>\nPoids :\u00a0 \u00a0 \u00a0 \u00a0 \u00a0 \u00a0 265 g<br \/>\nMati\u00e8re :\u00a0 \u00a0 \u00a0 \u00a0 80% polyester \u2013 20% polyamide<br \/>\nCouleur :\u00a0 \u00a0 \u00a0 \u00a0 Gris\/orange<\/p>\n","protected":false},"excerpt":{"rendered":"<p>Ce tissu agr\u00e9able ultra doux est \u00e9galement tr\u00e8s absorbant, tout comme les autres serviettes de voyage de TravelSafe. Gr\u00e2ce aux microfibres, cette&hellip;<\/p>\n","protected":false},"featured_media":36290,"template":"","meta":{"_acf_changed":false},"product_brand":[],"product_cat":[2374,2506],"product_tag":[],"class_list":{"0":"post-35691","1":"product","2":"type-product","3":"status-publish","4":"has-post-thumbnail","6":"product_cat-accessoires-de-voyage","7":"product_cat-serviettes-de-voyage","9":"first","10":"instock","11":"purchasable","12":"product-type-simple"},"acf":[],"_links":{"self":[{"href":"https:\/\/travelsafe.nl\/fr\/wp-json\/wp\/v2\/product\/35691","targetHints":{"allow":["GET"]}}],"collection":[{"href":"https:\/\/travelsafe.nl\/fr\/wp-json\/wp\/v2\/product"}],"about":[{"href":"https:\/\/travelsafe.nl\/fr\/wp-json\/wp\/v2\/types\/product"}],"wp:featuredmedia":[{"embeddable":true,"href":"https:\/\/travelsafe.nl\/fr\/wp-json\/wp\/v2\/media\/36290"}],"wp:attachment":[{"href":"https:\/\/travelsafe.nl\/fr\/wp-json\/wp\/v2\/media?parent=35691"}],"wp:term":[{"taxonomy":"product_brand","embeddable":true,"href":"https:\/\/travelsafe.nl\/fr\/wp-json\/wp\/v2\/product_brand?post=35691"},{"taxonomy":"product_cat","embeddable":true,"href":"https:\/\/travelsafe.nl\/fr\/wp-json\/wp\/v2\/product_cat?post=35691"},{"taxonomy":"product_tag","embeddable":true,"href":"https:\/\/travelsafe.nl\/fr\/wp-json\/wp\/v2\/product_tag?post=35691"}],"curies":[{"name":"wp","href":"https:\/\/api.w.org\/{rel}","templated":true}]}}