{"id":35694,"date":"2019-06-10T23:16:57","date_gmt":"2019-06-10T23:16:57","guid":{"rendered":"http:\/\/travelsafe.nl\/assortiment\/non%20class\u00e9\/masques-respiratoires\/"},"modified":"2023-05-12T13:46:45","modified_gmt":"2023-05-12T13:46:45","slug":"masques-respiratoires","status":"publish","type":"product","link":"https:\/\/travelsafe.nl\/fr\/assortiment\/accessoires-de-voyage\/sant-accessoires-de-voyage\/autres-sant-accessoires-de-voyage\/masques-respiratoires\/","title":{"rendered":"Masque de protection"},"content":{"rendered":"<p>Ces masques de protection FFP2 ont une forme en bec de canard pour garantir une adaptation parfaite et peuvent \u00eatre port\u00e9s confortablement. FFP2 est l\u2019indication de qualit\u00e9 et sp\u00e9cifie que les particules les plus fines sont \u00e9galement retenues. Ces masques faciaux TravelSafe FFP2 ont un marquage CE et r\u00e9pondent \u00e0 toutes les exigences.<\/p>\n<p>Livr\u00e9 par 10 pi\u00e8ces dans une bo\u00eete ! Par masque 4,99\u20ac<\/p>\n","protected":false},"excerpt":{"rendered":"<p>Ces masques de protection FFP2 ont une forme en bec de canard pour garantir une adaptation parfaite et peuvent \u00eatre port\u00e9s confortablement.&hellip;<\/p>\n","protected":false},"featured_media":38006,"template":"","meta":{"_acf_changed":false},"product_brand":[],"product_cat":[2374,2454,2294,2448],"product_tag":[],"class_list":{"0":"post-35694","1":"product","2":"type-product","3":"status-publish","4":"has-post-thumbnail","6":"product_cat-accessoires-de-voyage","7":"product_cat-autres-sant-accessoires-de-voyage","8":"product_cat-gezondheid-reisbenodigdheden","9":"product_cat-sant-accessoires-de-voyage","11":"first","12":"instock","13":"purchasable","14":"product-type-simple"},"acf":[],"_links":{"self":[{"href":"https:\/\/travelsafe.nl\/fr\/wp-json\/wp\/v2\/product\/35694","targetHints":{"allow":["GET"]}}],"collection":[{"href":"https:\/\/travelsafe.nl\/fr\/wp-json\/wp\/v2\/product"}],"about":[{"href":"https:\/\/travelsafe.nl\/fr\/wp-json\/wp\/v2\/types\/product"}],"wp:featuredmedia":[{"embeddable":true,"href":"https:\/\/travelsafe.nl\/fr\/wp-json\/wp\/v2\/media\/38006"}],"wp:attachment":[{"href":"https:\/\/travelsafe.nl\/fr\/wp-json\/wp\/v2\/media?parent=35694"}],"wp:term":[{"taxonomy":"product_brand","embeddable":true,"href":"https:\/\/travelsafe.nl\/fr\/wp-json\/wp\/v2\/product_brand?post=35694"},{"taxonomy":"product_cat","embeddable":true,"href":"https:\/\/travelsafe.nl\/fr\/wp-json\/wp\/v2\/product_cat?post=35694"},{"taxonomy":"product_tag","embeddable":true,"href":"https:\/\/travelsafe.nl\/fr\/wp-json\/wp\/v2\/product_tag?post=35694"}],"curies":[{"name":"wp","href":"https:\/\/api.w.org\/{rel}","templated":true}]}}