{"id":35697,"date":"2019-06-10T23:16:59","date_gmt":"2019-06-10T23:16:59","guid":{"rendered":"http:\/\/travelsafe.nl\/assortiment\/non%20class\u00e9\/iso-medi-bag-sac-avec-lment-de-refroidissement\/"},"modified":"2026-02-19T15:35:45","modified_gmt":"2026-02-19T15:35:45","slug":"iso-medi-bag-sac-avec-lment-de-refroidissement","status":"publish","type":"product","link":"https:\/\/travelsafe.nl\/fr\/assortiment\/trousse-de-secours\/trousse-de-soin\/iso-medi-bag-sac-avec-lment-de-refroidissement\/","title":{"rendered":"Iso Medi trousse \u2013 avec  \u00e9l\u00e9ment de refroidissement"},"content":{"rendered":"<p><strong>Sac Iso Medi \u2013 Garder vos m\u00e9dicaments au frais en toute s\u00e9curit\u00e9, m\u00eame en d\u00e9placement<\/strong><\/p>\n<p>Vous prenez des m\u00e9dicaments qui doivent \u00eatre conserv\u00e9s au r\u00e9frig\u00e9rateur\u00a0? Le sac Iso Medi est la solution pratique et s\u00fbre pour vos d\u00e9placements. Sp\u00e9cialement con\u00e7u, ce sac maintient vos m\u00e9dicaments \u00e0 la temp\u00e9rature id\u00e9ale pendant de longues p\u00e9riodes, pour que vous puissiez voyager l&rsquo;esprit tranquille, que ce soit en voyage, en excursion ou lors de vos rendez-vous m\u00e9dicaux.<\/p>\n<p>Gr\u00e2ce \u00e0 son \u00e9l\u00e9ment r\u00e9frig\u00e9rant int\u00e9gr\u00e9, vos m\u00e9dicaments restent frais pendant environ 8 \u00e0 12\u00a0heures. Pass\u00e9 ce d\u00e9lai, l&rsquo;\u00e9l\u00e9ment r\u00e9frig\u00e9rant peut \u00eatre facilement recongel\u00e9, permettant ainsi de r\u00e9utiliser le sac. Compact, le sac Iso Medi se glisse facilement dans un sac, une valise ou une voiture, tandis que ses propri\u00e9t\u00e9s isolantes garantissent une conservation optimale du froid.<\/p>\n<p><strong>Le sac Iso Medi est id\u00e9al pour les personnes qui prennent des m\u00e9dicaments thermosensibles et qui privil\u00e9gient la s\u00e9curit\u00e9, la praticit\u00e9 et la mobilit\u00e9.<\/strong><\/p>\n<p>Dimensions :\u00a021 x 6 x 12 cm<br \/>\nPoids :\u00a0 \u00a0 \u00a0 \u00a0 \u00a0 \u00a0300 g<br \/>\nMat\u00e9riel :\u00a0 \u00a0 \u00a0 \u00a0600D Ripstop Polyester<br \/>\nContenu :\u00a0 \u00a0 \u00a0 \u00c9l\u00e9ment de refroidissement<br \/>\nCouleur :\u00a0 \u00a0 \u00a0 \u00a0 Bleu<\/p>\n","protected":false},"excerpt":{"rendered":"<p>Sac Iso Medi \u2013 Garder vos m\u00e9dicaments au frais en toute s\u00e9curit\u00e9, m\u00eame en d\u00e9placement Vous prenez des m\u00e9dicaments qui doivent \u00eatre&hellip;<\/p>\n","protected":false},"featured_media":35014,"template":"","meta":{"_acf_changed":false},"product_brand":[],"product_cat":[2371,2444,2507],"product_tag":[],"class_list":{"0":"post-35697","1":"product","2":"type-product","3":"status-publish","4":"has-post-thumbnail","6":"product_cat-trousse-de-secours","7":"product_cat-trousse-de-soin","8":"product_cat-trousse-de-soin-vide","10":"first","11":"instock","12":"purchasable","13":"product-type-simple"},"acf":[],"_links":{"self":[{"href":"https:\/\/travelsafe.nl\/fr\/wp-json\/wp\/v2\/product\/35697","targetHints":{"allow":["GET"]}}],"collection":[{"href":"https:\/\/travelsafe.nl\/fr\/wp-json\/wp\/v2\/product"}],"about":[{"href":"https:\/\/travelsafe.nl\/fr\/wp-json\/wp\/v2\/types\/product"}],"wp:featuredmedia":[{"embeddable":true,"href":"https:\/\/travelsafe.nl\/fr\/wp-json\/wp\/v2\/media\/35014"}],"wp:attachment":[{"href":"https:\/\/travelsafe.nl\/fr\/wp-json\/wp\/v2\/media?parent=35697"}],"wp:term":[{"taxonomy":"product_brand","embeddable":true,"href":"https:\/\/travelsafe.nl\/fr\/wp-json\/wp\/v2\/product_brand?post=35697"},{"taxonomy":"product_cat","embeddable":true,"href":"https:\/\/travelsafe.nl\/fr\/wp-json\/wp\/v2\/product_cat?post=35697"},{"taxonomy":"product_tag","embeddable":true,"href":"https:\/\/travelsafe.nl\/fr\/wp-json\/wp\/v2\/product_tag?post=35697"}],"curies":[{"name":"wp","href":"https:\/\/api.w.org\/{rel}","templated":true}]}}