{"id":35698,"date":"2019-06-10T23:17:01","date_gmt":"2019-06-10T23:17:01","guid":{"rendered":"http:\/\/travelsafe.nl\/assortiment\/non%20class\u00e9\/ors-12-sachets\/"},"modified":"2023-07-07T14:12:06","modified_gmt":"2023-07-07T14:12:06","slug":"ors-12-sachets","status":"publish","type":"product","link":"https:\/\/travelsafe.nl\/fr\/assortiment\/accessoires-de-voyage\/sant-accessoires-de-voyage\/ors-12-sachets\/","title":{"rendered":"ORS &#8211; 12 sachets"},"content":{"rendered":"<p>O.R.S. est un \u00e9l\u00e9ment indispensable si vous voyagez pendant une longue p\u00e9riode\u00a0ou dans des pays o\u00f9 il existe un risque \u00e9lev\u00e9 de probl\u00e8mes abdominaux. L\u2019O.R.S.\u00a0garantisse que le solde d\u2019humidit\u00e9 est restaur\u00e9 et devrait \u00eatre utilis\u00e9 apr\u00e8s chaque\u00a0visite aux toilettes.<\/p>\n<p>Travelsafe vous offre un O.R.S. qui utilise la plante Stevia comme\u00a0\u00e9dulcorant. Cette plante produit un \u00e9dulcorant 300% plus r\u00e9sistant que l\u2019\u00e9dulcorant\u00a0synth\u00e9tique et a \u00e9galement un bon go\u00fbt. Convient \u00e9galement aux diab\u00e9tiques. TravelSafe O.R.S.\u00a0Light peut \u00eatre utilis\u00e9 par tout le monde et permet une r\u00e9cup\u00e9ration rapide de\u00a0l\u2019\u00e9quilibre de l\u2019humidit\u00e9. Indispensable pour chaque voyageur !<\/p>\n<p>Contenu : 12 sachets<br \/>\nPoids :\u00a0 \u00a0 \u00a0 12 x 6,1 g<br \/>\nGo\u00fbt :\u00a0 \u00a0 \u00a0 \u00a0Citron &amp; Citron vert<\/p>\n","protected":false},"excerpt":{"rendered":"<p>O.R.S. est un \u00e9l\u00e9ment indispensable si vous voyagez pendant une longue p\u00e9riode\u00a0ou dans des pays o\u00f9 il existe un risque \u00e9lev\u00e9 de&hellip;<\/p>\n","protected":false},"featured_media":35035,"template":"","meta":{"_acf_changed":false},"product_brand":[],"product_cat":[2374,2448],"product_tag":[],"class_list":{"0":"post-35698","1":"product","2":"type-product","3":"status-publish","4":"has-post-thumbnail","6":"product_cat-accessoires-de-voyage","7":"product_cat-sant-accessoires-de-voyage","9":"first","10":"instock","11":"purchasable","12":"product-type-simple"},"acf":[],"_links":{"self":[{"href":"https:\/\/travelsafe.nl\/fr\/wp-json\/wp\/v2\/product\/35698","targetHints":{"allow":["GET"]}}],"collection":[{"href":"https:\/\/travelsafe.nl\/fr\/wp-json\/wp\/v2\/product"}],"about":[{"href":"https:\/\/travelsafe.nl\/fr\/wp-json\/wp\/v2\/types\/product"}],"wp:featuredmedia":[{"embeddable":true,"href":"https:\/\/travelsafe.nl\/fr\/wp-json\/wp\/v2\/media\/35035"}],"wp:attachment":[{"href":"https:\/\/travelsafe.nl\/fr\/wp-json\/wp\/v2\/media?parent=35698"}],"wp:term":[{"taxonomy":"product_brand","embeddable":true,"href":"https:\/\/travelsafe.nl\/fr\/wp-json\/wp\/v2\/product_brand?post=35698"},{"taxonomy":"product_cat","embeddable":true,"href":"https:\/\/travelsafe.nl\/fr\/wp-json\/wp\/v2\/product_cat?post=35698"},{"taxonomy":"product_tag","embeddable":true,"href":"https:\/\/travelsafe.nl\/fr\/wp-json\/wp\/v2\/product_tag?post=35698"}],"curies":[{"name":"wp","href":"https:\/\/api.w.org\/{rel}","templated":true}]}}