{"id":35699,"date":"2019-06-10T23:17:01","date_gmt":"2019-06-10T23:17:01","guid":{"rendered":"http:\/\/travelsafe.nl\/assortiment\/non%20class\u00e9\/pince-tiques\/"},"modified":"2023-04-07T14:01:34","modified_gmt":"2023-04-07T14:01:34","slug":"pince-tiques","status":"publish","type":"product","link":"https:\/\/travelsafe.nl\/fr\/assortiment\/anti-moustique\/aprs-la-morsure\/pince-tiques\/","title":{"rendered":"Pince \u00e0 tiques"},"content":{"rendered":"<p>La mani\u00e8re correcte d\u2019enlever une tique est de\u00a0l\u2019enlever \u00e0 l\u2019aide de la pince \u00e0 tiques en acier inoxydable d\u00e9velopp\u00e9e \u00e0 cet effet. L\u2019avantage de l\u2019acier\u00a0inoxydable est que la pince est facile \u00e0 faire bouillir.\u00a0L\u2019extr\u00e9mit\u00e9 se termine en pointe de fa\u00e7on que\u00a0les jeunes tiques (nymphes) puissent \u00e9galement \u00eatre\u00a0enlev\u00e9es facilement et de fa\u00e7on hygi\u00e9nique.<\/p>\n<p>Il existe diff\u00e9rentes maladies qui sont transmises par les insectes. Vous pouvez vous prot\u00e9ger contre celles-ci en utilisant des produits anti-moustique, des v\u00eatements de protection ou en utilisant une moustiquaire pendant votre sieste ou votre repos de nuit.<\/p>\n<p>Dimensions :\u00a0 7,5 x 11 x 1 cm<br \/>\nPoids :\u00a0 \u00a0 \u00a0 \u00a0 \u00a0 \u00a0 6 g<br \/>\nMati\u00e8re :\u00a0 \u00a0 \u00a0 \u00a0 Acier inoxydable<\/p>\n","protected":false},"excerpt":{"rendered":"<p>La mani\u00e8re correcte d\u2019enlever une tique est de\u00a0l\u2019enlever \u00e0 l\u2019aide de la pince \u00e0 tiques en acier inoxydable d\u00e9velopp\u00e9e \u00e0 cet effet.&hellip;<\/p>\n","protected":false},"featured_media":35048,"template":"","meta":{"_acf_changed":false},"product_brand":[],"product_cat":[2372,2495,2344],"product_tag":[],"class_list":{"0":"post-35699","1":"product","2":"type-product","3":"status-publish","4":"has-post-thumbnail","6":"product_cat-anti-moustique","7":"product_cat-aprs-la-morsure","8":"product_cat-na-de-beet","10":"first","11":"instock","12":"purchasable","13":"product-type-simple"},"acf":[],"_links":{"self":[{"href":"https:\/\/travelsafe.nl\/fr\/wp-json\/wp\/v2\/product\/35699","targetHints":{"allow":["GET"]}}],"collection":[{"href":"https:\/\/travelsafe.nl\/fr\/wp-json\/wp\/v2\/product"}],"about":[{"href":"https:\/\/travelsafe.nl\/fr\/wp-json\/wp\/v2\/types\/product"}],"wp:featuredmedia":[{"embeddable":true,"href":"https:\/\/travelsafe.nl\/fr\/wp-json\/wp\/v2\/media\/35048"}],"wp:attachment":[{"href":"https:\/\/travelsafe.nl\/fr\/wp-json\/wp\/v2\/media?parent=35699"}],"wp:term":[{"taxonomy":"product_brand","embeddable":true,"href":"https:\/\/travelsafe.nl\/fr\/wp-json\/wp\/v2\/product_brand?post=35699"},{"taxonomy":"product_cat","embeddable":true,"href":"https:\/\/travelsafe.nl\/fr\/wp-json\/wp\/v2\/product_cat?post=35699"},{"taxonomy":"product_tag","embeddable":true,"href":"https:\/\/travelsafe.nl\/fr\/wp-json\/wp\/v2\/product_tag?post=35699"}],"curies":[{"name":"wp","href":"https:\/\/api.w.org\/{rel}","templated":true}]}}