{"id":35700,"date":"2019-06-10T23:17:01","date_gmt":"2019-06-10T23:17:01","guid":{"rendered":"http:\/\/travelsafe.nl\/assortiment\/non%20class\u00e9\/thermomtre\/"},"modified":"2023-07-07T14:12:53","modified_gmt":"2023-07-07T14:12:53","slug":"thermomtre","status":"publish","type":"product","link":"https:\/\/travelsafe.nl\/fr\/assortiment\/trousse-de-secours\/articles-de-premiers-secours\/thermomtre\/","title":{"rendered":"Thermom\u00e8tre"},"content":{"rendered":"<p>Objet tr\u00e8s important \u00e0 emporter : le thermom\u00e8tre. La plupart des maladies commencent par la fi\u00e8vre. Ce thermom\u00e8tre est num\u00e9rique et non sensible aux variations de temp\u00e9rature et peut donc \u00eatre utilis\u00e9 aussi en cas de chaleur extr\u00eame.<\/p>\n<p>Poids :\u00a0 \u00a0 \u00a0 \u00a024 g avec \u00e9tui \/ 11 g sans \u00e9tui<br \/>\nMat\u00e9riau : r\u00e9sistant \u00e0 l&rsquo;eau, pr\u00e9cision \u00b1 0,1 \u2103<\/p>\n","protected":false},"excerpt":{"rendered":"<p>Objet tr\u00e8s important \u00e0 emporter : le thermom\u00e8tre. La plupart des maladies commencent par la fi\u00e8vre. Ce thermom\u00e8tre est num\u00e9rique et non&hellip;<\/p>\n","protected":false},"featured_media":35061,"template":"","meta":{"_acf_changed":false},"product_brand":[],"product_cat":[2371,2445,2448],"product_tag":[],"class_list":{"0":"post-35700","1":"product","2":"type-product","3":"status-publish","4":"has-post-thumbnail","6":"product_cat-trousse-de-secours","7":"product_cat-articles-de-premiers-secours","8":"product_cat-sant-accessoires-de-voyage","10":"first","11":"instock","12":"purchasable","13":"product-type-simple"},"acf":[],"_links":{"self":[{"href":"https:\/\/travelsafe.nl\/fr\/wp-json\/wp\/v2\/product\/35700","targetHints":{"allow":["GET"]}}],"collection":[{"href":"https:\/\/travelsafe.nl\/fr\/wp-json\/wp\/v2\/product"}],"about":[{"href":"https:\/\/travelsafe.nl\/fr\/wp-json\/wp\/v2\/types\/product"}],"wp:featuredmedia":[{"embeddable":true,"href":"https:\/\/travelsafe.nl\/fr\/wp-json\/wp\/v2\/media\/35061"}],"wp:attachment":[{"href":"https:\/\/travelsafe.nl\/fr\/wp-json\/wp\/v2\/media?parent=35700"}],"wp:term":[{"taxonomy":"product_brand","embeddable":true,"href":"https:\/\/travelsafe.nl\/fr\/wp-json\/wp\/v2\/product_brand?post=35700"},{"taxonomy":"product_cat","embeddable":true,"href":"https:\/\/travelsafe.nl\/fr\/wp-json\/wp\/v2\/product_cat?post=35700"},{"taxonomy":"product_tag","embeddable":true,"href":"https:\/\/travelsafe.nl\/fr\/wp-json\/wp\/v2\/product_tag?post=35700"}],"curies":[{"name":"wp","href":"https:\/\/api.w.org\/{rel}","templated":true}]}}