{"id":35701,"date":"2019-06-10T23:17:03","date_gmt":"2019-06-10T23:17:03","guid":{"rendered":"http:\/\/travelsafe.nl\/assortiment\/non%20class\u00e9\/couverture-de-scurit\/"},"modified":"2023-07-07T14:09:43","modified_gmt":"2023-07-07T14:09:43","slug":"couverture-de-scurit","status":"publish","type":"product","link":"https:\/\/travelsafe.nl\/fr\/assortiment\/trousse-de-secours\/articles-de-premiers-secours\/couverture-de-scurit\/","title":{"rendered":"Couverture de s\u00e9curit\u00e9"},"content":{"rendered":"<p>Cette couverture de survie isolante sp\u00e9ciale a\u00a0un c\u00f4t\u00e9 argent\u00e9 et un c\u00f4t\u00e9 dor\u00e9. Le c\u00f4t\u00e9 argent\u00e9\u00a0tourn\u00e9 vers l\u2019int\u00e9rieur permet de prot\u00e9ger contre\u00a0l\u2019hypothermie et le c\u00f4t\u00e9 dor\u00e9 vers l\u2019int\u00e9rieur est\u00a0con\u00e7u pour prot\u00e9ger contre l\u2019exc\u00e8s de chaleur.<\/p>\n<p>Dimensions : 210 x 160 cm<br \/>\nPoids :\u00a0 \u00a0 \u00a0 \u00a0\u00a0\u00a0\u00a0\u00a075 g<br \/>\nCouleur :\u00a0 \u00a0 \u00a0 \u00a0Argent &amp; Or<\/p>\n<p>&nbsp;<\/p>\n","protected":false},"excerpt":{"rendered":"<p>Cette couverture de survie isolante sp\u00e9ciale a\u00a0un c\u00f4t\u00e9 argent\u00e9 et un c\u00f4t\u00e9 dor\u00e9. Le c\u00f4t\u00e9 argent\u00e9\u00a0tourn\u00e9 vers l\u2019int\u00e9rieur permet de prot\u00e9ger contre\u00a0l\u2019hypothermie&hellip;<\/p>\n","protected":false},"featured_media":35070,"template":"","meta":{"_acf_changed":false},"product_brand":[],"product_cat":[2371,2445],"product_tag":[],"class_list":{"0":"post-35701","1":"product","2":"type-product","3":"status-publish","4":"has-post-thumbnail","6":"product_cat-trousse-de-secours","7":"product_cat-articles-de-premiers-secours","9":"first","10":"instock","11":"purchasable","12":"product-type-simple"},"acf":[],"_links":{"self":[{"href":"https:\/\/travelsafe.nl\/fr\/wp-json\/wp\/v2\/product\/35701","targetHints":{"allow":["GET"]}}],"collection":[{"href":"https:\/\/travelsafe.nl\/fr\/wp-json\/wp\/v2\/product"}],"about":[{"href":"https:\/\/travelsafe.nl\/fr\/wp-json\/wp\/v2\/types\/product"}],"wp:featuredmedia":[{"embeddable":true,"href":"https:\/\/travelsafe.nl\/fr\/wp-json\/wp\/v2\/media\/35070"}],"wp:attachment":[{"href":"https:\/\/travelsafe.nl\/fr\/wp-json\/wp\/v2\/media?parent=35701"}],"wp:term":[{"taxonomy":"product_brand","embeddable":true,"href":"https:\/\/travelsafe.nl\/fr\/wp-json\/wp\/v2\/product_brand?post=35701"},{"taxonomy":"product_cat","embeddable":true,"href":"https:\/\/travelsafe.nl\/fr\/wp-json\/wp\/v2\/product_cat?post=35701"},{"taxonomy":"product_tag","embeddable":true,"href":"https:\/\/travelsafe.nl\/fr\/wp-json\/wp\/v2\/product_tag?post=35701"}],"curies":[{"name":"wp","href":"https:\/\/api.w.org\/{rel}","templated":true}]}}