{"id":35702,"date":"2019-06-10T23:17:03","date_gmt":"2019-06-10T23:17:03","guid":{"rendered":"http:\/\/travelsafe.nl\/assortiment\/non%20class\u00e9\/sac-de-premiers-soins-taille-s-sans-contenu\/"},"modified":"2023-04-07T14:01:35","modified_gmt":"2023-04-07T14:01:35","slug":"sac-de-premiers-soins-taille-s-sans-contenu","status":"publish","type":"product","link":"https:\/\/travelsafe.nl\/fr\/assortiment\/trousse-de-secours\/trousse-de-soin-vide\/sac-de-premiers-soins-taille-s-sans-contenu\/","title":{"rendered":"Trousse de premiers secours \u2013 Petite \u2013 sans contenu"},"content":{"rendered":"<p>Con\u00e7u pour ceux qui pr\u00e9f\u00e8rent assembler eux-m\u00eames une trousse de secours. Les tailles S et M sont pliables et peuvent \u00eatre attach\u00e9es \u00e0 la ceinture ou aux sangles de votre sac \u00e0 dos. Sans contenu.<\/p>\n<p>\u00c9galement disponible en tailles M et L.<\/p>\n<p>Dimensions : 18 x 13 x 6 cm<br \/>\nPoids :\u00a0 \u00a0 \u00a0 \u00a0\u00a0\u00a0\u00a0\u00a0\u00a085 g<br \/>\nMati\u00e8re :\u00a0 \u00a0\u00a0\u00a0\u00a0\u00a0 Polyester<br \/>\nCouleur :\u00a0 \u00a0\u00a0\u00a0\u00a0\u00a0\u00a0Rouge<\/p>\n","protected":false},"excerpt":{"rendered":"<p>Con\u00e7u pour ceux qui pr\u00e9f\u00e8rent assembler eux-m\u00eames une trousse de secours. Les tailles S et M sont pliables et peuvent \u00eatre attach\u00e9es&hellip;<\/p>\n","protected":false},"featured_media":35087,"template":"","meta":{"_acf_changed":false},"product_brand":[],"product_cat":[2371,2507],"product_tag":[],"class_list":{"0":"post-35702","1":"product","2":"type-product","3":"status-publish","4":"has-post-thumbnail","6":"product_cat-trousse-de-secours","7":"product_cat-trousse-de-soin-vide","9":"first","10":"instock","11":"purchasable","12":"product-type-simple"},"acf":[],"_links":{"self":[{"href":"https:\/\/travelsafe.nl\/fr\/wp-json\/wp\/v2\/product\/35702","targetHints":{"allow":["GET"]}}],"collection":[{"href":"https:\/\/travelsafe.nl\/fr\/wp-json\/wp\/v2\/product"}],"about":[{"href":"https:\/\/travelsafe.nl\/fr\/wp-json\/wp\/v2\/types\/product"}],"wp:featuredmedia":[{"embeddable":true,"href":"https:\/\/travelsafe.nl\/fr\/wp-json\/wp\/v2\/media\/35087"}],"wp:attachment":[{"href":"https:\/\/travelsafe.nl\/fr\/wp-json\/wp\/v2\/media?parent=35702"}],"wp:term":[{"taxonomy":"product_brand","embeddable":true,"href":"https:\/\/travelsafe.nl\/fr\/wp-json\/wp\/v2\/product_brand?post=35702"},{"taxonomy":"product_cat","embeddable":true,"href":"https:\/\/travelsafe.nl\/fr\/wp-json\/wp\/v2\/product_cat?post=35702"},{"taxonomy":"product_tag","embeddable":true,"href":"https:\/\/travelsafe.nl\/fr\/wp-json\/wp\/v2\/product_tag?post=35702"}],"curies":[{"name":"wp","href":"https:\/\/api.w.org\/{rel}","templated":true}]}}