{"id":35704,"date":"2019-06-10T23:17:05","date_gmt":"2019-06-10T23:17:05","guid":{"rendered":"http:\/\/travelsafe.nl\/assortiment\/non%20class\u00e9\/sac-de-premiers-soins-large-sans-contenu\/"},"modified":"2023-04-07T14:01:35","modified_gmt":"2023-04-07T14:01:35","slug":"sac-de-premiers-soins-large-sans-contenu","status":"publish","type":"product","link":"https:\/\/travelsafe.nl\/fr\/assortiment\/trousse-de-secours\/trousse-de-soin-vide\/sac-de-premiers-soins-large-sans-contenu\/","title":{"rendered":"Trousse de premiers secours \u2013 Large \u2013 sans contenu"},"content":{"rendered":"<p>Le sac d&rsquo;urgence L est un sac \u00e0 dos avec un compartiment spacieux de sorte que tous les articles m\u00e9dicaux peuvent \u00eatre soigneusement rang\u00e9s. Le sac d&rsquo;urgence est facile \u00e0 attacher \u00e0 n&rsquo;importe quel sac \u00e0 dos ou sac. A cet effet, des sangles velcro et des boucles sp\u00e9ciales sont attach\u00e9es \u00e0 l&rsquo;arri\u00e8re, et en cas d&rsquo;urgence, le sac peut vitre \u00eatre d\u00e9connect\u00e9. Fait pour ceux qui pr\u00e9f\u00e8rent composer eux-m\u00eames leur ensemble. Contenu exclusif.<\/p>\n<p>Dimensions :\u00a0 38 x 30 x 10 cm<br \/>\nPoids :\u00a0 \u00a0 \u00a0 \u00a0 \u00a0 \u00a0 580 g<br \/>\nMati\u00e8re :\u00a0 \u00a0\u00a0\u00a0\u00a0\u00a0 Polyester<br \/>\nCouleur :\u00a0 \u00a0\u00a0\u00a0\u00a0\u00a0\u00a0Rouge<\/p>\n","protected":false},"excerpt":{"rendered":"<p>Le sac d&rsquo;urgence L est un sac \u00e0 dos avec un compartiment spacieux de sorte que tous les articles m\u00e9dicaux peuvent \u00eatre&hellip;<\/p>\n","protected":false},"featured_media":35129,"template":"","meta":{"_acf_changed":false},"product_brand":[],"product_cat":[2371,2507],"product_tag":[],"class_list":{"0":"post-35704","1":"product","2":"type-product","3":"status-publish","4":"has-post-thumbnail","6":"product_cat-trousse-de-secours","7":"product_cat-trousse-de-soin-vide","9":"first","10":"instock","11":"purchasable","12":"product-type-simple"},"acf":[],"_links":{"self":[{"href":"https:\/\/travelsafe.nl\/fr\/wp-json\/wp\/v2\/product\/35704","targetHints":{"allow":["GET"]}}],"collection":[{"href":"https:\/\/travelsafe.nl\/fr\/wp-json\/wp\/v2\/product"}],"about":[{"href":"https:\/\/travelsafe.nl\/fr\/wp-json\/wp\/v2\/types\/product"}],"wp:featuredmedia":[{"embeddable":true,"href":"https:\/\/travelsafe.nl\/fr\/wp-json\/wp\/v2\/media\/35129"}],"wp:attachment":[{"href":"https:\/\/travelsafe.nl\/fr\/wp-json\/wp\/v2\/media?parent=35704"}],"wp:term":[{"taxonomy":"product_brand","embeddable":true,"href":"https:\/\/travelsafe.nl\/fr\/wp-json\/wp\/v2\/product_brand?post=35704"},{"taxonomy":"product_cat","embeddable":true,"href":"https:\/\/travelsafe.nl\/fr\/wp-json\/wp\/v2\/product_cat?post=35704"},{"taxonomy":"product_tag","embeddable":true,"href":"https:\/\/travelsafe.nl\/fr\/wp-json\/wp\/v2\/product_tag?post=35704"}],"curies":[{"name":"wp","href":"https:\/\/api.w.org\/{rel}","templated":true}]}}