{"id":35705,"date":"2019-06-10T23:17:05","date_gmt":"2019-06-10T23:17:05","guid":{"rendered":"http:\/\/travelsafe.nl\/assortiment\/non%20class\u00e9\/housse-de-sige-de-toilette-10-pcs\/"},"modified":"2023-07-07T12:58:41","modified_gmt":"2023-07-07T12:58:41","slug":"housse-de-sige-de-toilette-10-pcs","status":"publish","type":"product","link":"https:\/\/travelsafe.nl\/fr\/assortiment\/accessoires-de-voyage\/accessoires-de-voyage-accessoires-de-voyage\/autres-accessoires-de-voyage-accessoires-de-voyage\/housse-de-sige-de-toilette-10-pcs\/","title":{"rendered":"Housse de si\u00e8ge de toilette \u2013 10 pcs."},"content":{"rendered":"<p>Les housses de si\u00e8ge de toilette TravelSafe sont de grande taille et pendent au-dessus du si\u00e8ge de toilette, ce qui \u00e9vite tout contact direct avec la si\u00e8ge. La housse peut \u00eatre jet\u00e9e dans les toilettes et est fabriqu\u00e9e \u00e0 partir de papier recycl\u00e9. Emball\u00e9 par 10 pi\u00e8ces dans un emballage pratique.<\/p>\n<p>Poids :\u00a0 \u00a0\u00a0\u00a0\u00a025 g<br \/>\nContenu : 10 pi\u00e8ces<\/p>\n","protected":false},"excerpt":{"rendered":"<p>Les housses de si\u00e8ge de toilette TravelSafe sont de grande taille et pendent au-dessus du si\u00e8ge de toilette, ce qui \u00e9vite tout&hellip;<\/p>\n","protected":false},"featured_media":35142,"template":"","meta":{"_acf_changed":false},"product_brand":[],"product_cat":[2374,2450,2456,2454,2485,2448],"product_tag":[],"class_list":{"0":"post-35705","1":"product","2":"type-product","3":"status-publish","4":"has-post-thumbnail","6":"product_cat-accessoires-de-voyage","7":"product_cat-accessoires-de-voyage-accessoires-de-voyage","8":"product_cat-autres-accessoires-de-voyage-accessoires-de-voyage","9":"product_cat-autres-sant-accessoires-de-voyage","10":"product_cat-hygine-sant-accessoires-de-voyage","11":"product_cat-sant-accessoires-de-voyage","13":"first","14":"instock","15":"purchasable","16":"product-type-simple"},"acf":[],"_links":{"self":[{"href":"https:\/\/travelsafe.nl\/fr\/wp-json\/wp\/v2\/product\/35705","targetHints":{"allow":["GET"]}}],"collection":[{"href":"https:\/\/travelsafe.nl\/fr\/wp-json\/wp\/v2\/product"}],"about":[{"href":"https:\/\/travelsafe.nl\/fr\/wp-json\/wp\/v2\/types\/product"}],"wp:featuredmedia":[{"embeddable":true,"href":"https:\/\/travelsafe.nl\/fr\/wp-json\/wp\/v2\/media\/35142"}],"wp:attachment":[{"href":"https:\/\/travelsafe.nl\/fr\/wp-json\/wp\/v2\/media?parent=35705"}],"wp:term":[{"taxonomy":"product_brand","embeddable":true,"href":"https:\/\/travelsafe.nl\/fr\/wp-json\/wp\/v2\/product_brand?post=35705"},{"taxonomy":"product_cat","embeddable":true,"href":"https:\/\/travelsafe.nl\/fr\/wp-json\/wp\/v2\/product_cat?post=35705"},{"taxonomy":"product_tag","embeddable":true,"href":"https:\/\/travelsafe.nl\/fr\/wp-json\/wp\/v2\/product_tag?post=35705"}],"curies":[{"name":"wp","href":"https:\/\/api.w.org\/{rel}","templated":true}]}}