{"id":35706,"date":"2019-06-10T23:17:05","date_gmt":"2019-06-10T23:17:05","guid":{"rendered":"http:\/\/travelsafe.nl\/assortiment\/non%20class\u00e9\/lurinoir-fminin-p-mate-5-pcs\/"},"modified":"2023-07-07T13:01:53","modified_gmt":"2023-07-07T13:01:53","slug":"lurinoir-fminin-p-mate-5-pcs","status":"publish","type":"product","link":"https:\/\/travelsafe.nl\/fr\/assortiment\/accessoires-de-voyage\/sant-accessoires-de-voyage\/autres-sant-accessoires-de-voyage\/lurinoir-fminin-p-mate-5-pcs\/","title":{"rendered":"Urinoir f\u00e9minin &#8211; P-Mate &#8211; 5 pcs."},"content":{"rendered":"<p>L\u2019urinoir f\u00e9minin est non seulement tr\u00e8s hygi\u00e9nique\u00a0mais \u00e9galement simple \u00e0 utiliser et surtout tr\u00e8s discret. Pratique pour les voyages, les promenades ou\u00a0autres activit\u00e9s de plein air. Il rendra service dans\u00a0les situations d\u00e9licates.<\/p>\n<p>Contenu :\u00a0 \u00a05 pi\u00e8ces<br \/>\nPoids :\u00a0 \u00a0 \u00a0 \u00a0 34 g (5 pcs.)<br \/>\nMati\u00e8re :\u00a0 \u00a0 Carton<\/p>\n","protected":false},"excerpt":{"rendered":"<p>L\u2019urinoir f\u00e9minin est non seulement tr\u00e8s hygi\u00e9nique\u00a0mais \u00e9galement simple \u00e0 utiliser et surtout tr\u00e8s discret. Pratique pour les voyages, les promenades ou\u00a0autres&hellip;<\/p>\n","protected":false},"featured_media":35151,"template":"","meta":{"_acf_changed":false},"product_brand":[],"product_cat":[2374,2450,2454,2456,2485,2448],"product_tag":[],"class_list":{"0":"post-35706","1":"product","2":"type-product","3":"status-publish","4":"has-post-thumbnail","6":"product_cat-accessoires-de-voyage","7":"product_cat-accessoires-de-voyage-accessoires-de-voyage","8":"product_cat-autres-sant-accessoires-de-voyage","9":"product_cat-autres-accessoires-de-voyage-accessoires-de-voyage","10":"product_cat-hygine-sant-accessoires-de-voyage","11":"product_cat-sant-accessoires-de-voyage","13":"first","14":"instock","15":"purchasable","16":"product-type-simple"},"acf":[],"_links":{"self":[{"href":"https:\/\/travelsafe.nl\/fr\/wp-json\/wp\/v2\/product\/35706","targetHints":{"allow":["GET"]}}],"collection":[{"href":"https:\/\/travelsafe.nl\/fr\/wp-json\/wp\/v2\/product"}],"about":[{"href":"https:\/\/travelsafe.nl\/fr\/wp-json\/wp\/v2\/types\/product"}],"wp:featuredmedia":[{"embeddable":true,"href":"https:\/\/travelsafe.nl\/fr\/wp-json\/wp\/v2\/media\/35151"}],"wp:attachment":[{"href":"https:\/\/travelsafe.nl\/fr\/wp-json\/wp\/v2\/media?parent=35706"}],"wp:term":[{"taxonomy":"product_brand","embeddable":true,"href":"https:\/\/travelsafe.nl\/fr\/wp-json\/wp\/v2\/product_brand?post=35706"},{"taxonomy":"product_cat","embeddable":true,"href":"https:\/\/travelsafe.nl\/fr\/wp-json\/wp\/v2\/product_cat?post=35706"},{"taxonomy":"product_tag","embeddable":true,"href":"https:\/\/travelsafe.nl\/fr\/wp-json\/wp\/v2\/product_tag?post=35706"}],"curies":[{"name":"wp","href":"https:\/\/api.w.org\/{rel}","templated":true}]}}