{"id":35709,"date":"2019-06-10T23:17:07","date_gmt":"2019-06-10T23:17:07","guid":{"rendered":"http:\/\/travelsafe.nl\/assortiment\/non%20class\u00e9\/sunprotect-facteur-20\/"},"modified":"2023-04-07T14:01:36","modified_gmt":"2023-04-07T14:01:36","slug":"sunprotect-facteur-20","status":"publish","type":"product","link":"https:\/\/travelsafe.nl\/fr\/assortiment\/protection-solaire\/crme-solaire\/sunprotect-facteur-20\/","title":{"rendered":"Sonnenschutz &#8211; Sunprotect &#8211; Faktor 20"},"content":{"rendered":"<p>Le Sunprotect de Travelsafe utilise une technique r\u00e9volutionnaire et nouvelle pour prot\u00e9ger de fa\u00e7on optimale la peau contre les effets nocifs des rayons du soleil. Cette cr\u00e8me solaire est \u00e0 base de liposomes. Les liposomes assurent que la cr\u00e8me est compl\u00e8tement absorb\u00e9e par la peau et ne reste pas sur la peau comme un \u00ab film \u00bb comme d&rsquo;autres cr\u00e8mes solaires. Cela la rende id\u00e9ale pour une utilisation dans les sports de plein air actifs dans les pays chauds. La cr\u00e8me solaire a \u00e9t\u00e9 d\u00e9velopp\u00e9 dans les Alpes suisses, la rendant parfaite \u00e0 utiliser par le froid en hiver dans les montagnes. La cr\u00e8me solaire Travelsafe est r\u00e9sistante \u00e0 la transpiration, \u00e0 l\u2019eau et m\u00eame aux frottements ! Autrement dit, elle conserve son effet protecteur apr\u00e8s s\u2019\u00eatre s\u00e9ch\u00e9 apr\u00e8s la baignade.<\/p>\n<p>Le facteur de SunProtect 20 convient au type de peau 3. Ce type de peau br\u00fble rarement et se bronze facilement. Elle concerne souvent la peau claire, les cheveux ch\u00e2tain ou bruns et les yeux souvent fonc\u00e9s.<\/p>\n<p>Contenu :\u00a0 \u00a0 \u00a0 \u00a0 \u00a0 75 ml<br \/>\nSPF :\u00a0\u00a0\u00a0\u00a0\u00a0\u00a0\u00a0\u00a0\u00a0\u00a0\u00a0 \u00a0\u00a0\u00a0\u00a0\u00a0\u00a020<br \/>\nType de peau :\u00a0 \u00a03<\/p>\n","protected":false},"excerpt":{"rendered":"<p>Le Sunprotect de Travelsafe utilise une technique r\u00e9volutionnaire et nouvelle pour prot\u00e9ger de fa\u00e7on optimale la peau contre les effets nocifs des&hellip;<\/p>\n","protected":false},"featured_media":35188,"template":"","meta":{"_acf_changed":false},"product_brand":[],"product_cat":[2375,2479],"product_tag":[],"class_list":{"0":"post-35709","1":"product","2":"type-product","3":"status-publish","4":"has-post-thumbnail","6":"product_cat-protection-solaire","7":"product_cat-crme-solaire","9":"first","10":"instock","11":"purchasable","12":"product-type-simple"},"acf":[],"_links":{"self":[{"href":"https:\/\/travelsafe.nl\/fr\/wp-json\/wp\/v2\/product\/35709","targetHints":{"allow":["GET"]}}],"collection":[{"href":"https:\/\/travelsafe.nl\/fr\/wp-json\/wp\/v2\/product"}],"about":[{"href":"https:\/\/travelsafe.nl\/fr\/wp-json\/wp\/v2\/types\/product"}],"wp:featuredmedia":[{"embeddable":true,"href":"https:\/\/travelsafe.nl\/fr\/wp-json\/wp\/v2\/media\/35188"}],"wp:attachment":[{"href":"https:\/\/travelsafe.nl\/fr\/wp-json\/wp\/v2\/media?parent=35709"}],"wp:term":[{"taxonomy":"product_brand","embeddable":true,"href":"https:\/\/travelsafe.nl\/fr\/wp-json\/wp\/v2\/product_brand?post=35709"},{"taxonomy":"product_cat","embeddable":true,"href":"https:\/\/travelsafe.nl\/fr\/wp-json\/wp\/v2\/product_cat?post=35709"},{"taxonomy":"product_tag","embeddable":true,"href":"https:\/\/travelsafe.nl\/fr\/wp-json\/wp\/v2\/product_tag?post=35709"}],"curies":[{"name":"wp","href":"https:\/\/api.w.org\/{rel}","templated":true}]}}