{"id":35710,"date":"2019-06-10T23:17:09","date_gmt":"2019-06-10T23:17:09","guid":{"rendered":"http:\/\/travelsafe.nl\/assortiment\/non%20class\u00e9\/lingettes-nettoyantes-10-st\/"},"modified":"2023-07-07T12:42:19","modified_gmt":"2023-07-07T12:42:19","slug":"lingettes-nettoyantes-10-st","status":"publish","type":"product","link":"https:\/\/travelsafe.nl\/fr\/assortiment\/accessoires-de-voyage\/sant-accessoires-de-voyage\/hygine-sant-accessoires-de-voyage\/lingettes-nettoyantes-10-st\/","title":{"rendered":"Lingettes nettoyantes &#8211; 10 pcs."},"content":{"rendered":"<p>Les chiffons nettoyants sont non seulement\u00a0tr\u00e8s hygi\u00e9niques et pratiques \u00e0 l\u2019emploi, mais\u00a0vous pouvez les utiliser \u00e0 des fins multiples.\u00a0Gr\u00e2ce \u00e0 l\u2019action antibact\u00e9rien, ils nettoient\u00a0facilement les mains, le t\u00e9l\u00e9phone, la toilette, le\u00a0rasoir, les verres, etc. Bo\u00eetes de 10 lingettes.<\/p>\n<p>Poids :\u00a0 \u00a0 \u00a0 \u00a054 g<br \/>\nContenu : 10 lingettes<\/p>\n","protected":false},"excerpt":{"rendered":"<p>Les chiffons nettoyants sont non seulement\u00a0tr\u00e8s hygi\u00e9niques et pratiques \u00e0 l\u2019emploi, mais\u00a0vous pouvez les utiliser \u00e0 des fins multiples.\u00a0Gr\u00e2ce \u00e0 l\u2019action antibact\u00e9rien,&hellip;<\/p>\n","protected":false},"featured_media":35191,"template":"","meta":{"_acf_changed":false},"product_brand":[],"product_cat":[2374,2485,2448],"product_tag":[],"class_list":{"0":"post-35710","1":"product","2":"type-product","3":"status-publish","4":"has-post-thumbnail","6":"product_cat-accessoires-de-voyage","7":"product_cat-hygine-sant-accessoires-de-voyage","8":"product_cat-sant-accessoires-de-voyage","10":"first","11":"instock","12":"purchasable","13":"product-type-simple"},"acf":[],"_links":{"self":[{"href":"https:\/\/travelsafe.nl\/fr\/wp-json\/wp\/v2\/product\/35710","targetHints":{"allow":["GET"]}}],"collection":[{"href":"https:\/\/travelsafe.nl\/fr\/wp-json\/wp\/v2\/product"}],"about":[{"href":"https:\/\/travelsafe.nl\/fr\/wp-json\/wp\/v2\/types\/product"}],"wp:featuredmedia":[{"embeddable":true,"href":"https:\/\/travelsafe.nl\/fr\/wp-json\/wp\/v2\/media\/35191"}],"wp:attachment":[{"href":"https:\/\/travelsafe.nl\/fr\/wp-json\/wp\/v2\/media?parent=35710"}],"wp:term":[{"taxonomy":"product_brand","embeddable":true,"href":"https:\/\/travelsafe.nl\/fr\/wp-json\/wp\/v2\/product_brand?post=35710"},{"taxonomy":"product_cat","embeddable":true,"href":"https:\/\/travelsafe.nl\/fr\/wp-json\/wp\/v2\/product_cat?post=35710"},{"taxonomy":"product_tag","embeddable":true,"href":"https:\/\/travelsafe.nl\/fr\/wp-json\/wp\/v2\/product_tag?post=35710"}],"curies":[{"name":"wp","href":"https:\/\/api.w.org\/{rel}","templated":true}]}}