{"id":35712,"date":"2019-06-10T23:17:09","date_gmt":"2019-06-10T23:17:09","guid":{"rendered":"http:\/\/travelsafe.nl\/assortiment\/non%20class\u00e9\/coffre-fort-voyage-adulte-earplugs\/"},"modified":"2023-04-07T14:01:36","modified_gmt":"2023-04-07T14:01:36","slug":"coffre-fort-voyage-adulte-earplugs","status":"publish","type":"product","link":"https:\/\/travelsafe.nl\/fr\/assortiment\/accessoires-de-voyage\/accessoires-de-voyage-accessoires-de-voyage\/autres-accessoires-de-voyage-accessoires-de-voyage\/coffre-fort-voyage-adulte-earplugs\/","title":{"rendered":"Protection Auditive Earplanes Adultes"},"content":{"rendered":"<p>Souffrez-vous des douleurs dans l\u2019oreille pendant le vol ? Vous pouvez d\u00e9sormais voler confortablement, sans douleur \u00e0 l\u2019oreille\u00a0! Ces bouchons d&rsquo;oreilles sont hypoallerg\u00e9niques, s\u00fbrs, confortables et doux, afin qu&rsquo;ils puissent \u00eatre port\u00e9s confortablement. Ils r\u00e9gulent la pression dans vos oreilles et ont \u00e9galement un effet d\u2019insonorisation. Les bouchons peuvent \u00eatre utilis\u00e9 plusieurs fois et se rangent dan une bo\u00eete pratique. Les Earplanes sont \u00e9galement appropri\u00e9s pour les voyages en train, en bus, en voiture, en moto et en montagne.<\/p>\n<p>Les Earplanes sont \u00e9galement disponibles pour enfants (1 \u00e0 10 ans) et les adultes avec un conduit auditif \u00e9troit (TS84).<\/p>\n<p>Dimensions\u00a0: \u00a0Adultes (&gt;11 ans)<br \/>\nPoids :\u00a0 \u00a0 \u00a0\u00a0\u00a0\u00a0\u00a0\u00a0\u00a0\u00a0\u00a08 g<br \/>\nMati\u00e8re :\u00a0\u00a0\u00a0\u00a0\u00a0\u00a0\u00a0 \u00a0PVC<\/p>\n","protected":false},"excerpt":{"rendered":"<p>Souffrez-vous des douleurs dans l\u2019oreille pendant le vol ? Vous pouvez d\u00e9sormais voler confortablement, sans douleur \u00e0 l\u2019oreille\u00a0! Ces bouchons d&rsquo;oreilles sont&hellip;<\/p>\n","protected":false},"featured_media":36405,"template":"","meta":{"_acf_changed":false},"product_brand":[],"product_cat":[2374,2450,2456],"product_tag":[],"class_list":{"0":"post-35712","1":"product","2":"type-product","3":"status-publish","4":"has-post-thumbnail","6":"product_cat-accessoires-de-voyage","7":"product_cat-accessoires-de-voyage-accessoires-de-voyage","8":"product_cat-autres-accessoires-de-voyage-accessoires-de-voyage","10":"first","11":"instock","12":"purchasable","13":"product-type-simple"},"acf":[],"_links":{"self":[{"href":"https:\/\/travelsafe.nl\/fr\/wp-json\/wp\/v2\/product\/35712","targetHints":{"allow":["GET"]}}],"collection":[{"href":"https:\/\/travelsafe.nl\/fr\/wp-json\/wp\/v2\/product"}],"about":[{"href":"https:\/\/travelsafe.nl\/fr\/wp-json\/wp\/v2\/types\/product"}],"wp:featuredmedia":[{"embeddable":true,"href":"https:\/\/travelsafe.nl\/fr\/wp-json\/wp\/v2\/media\/36405"}],"wp:attachment":[{"href":"https:\/\/travelsafe.nl\/fr\/wp-json\/wp\/v2\/media?parent=35712"}],"wp:term":[{"taxonomy":"product_brand","embeddable":true,"href":"https:\/\/travelsafe.nl\/fr\/wp-json\/wp\/v2\/product_brand?post=35712"},{"taxonomy":"product_cat","embeddable":true,"href":"https:\/\/travelsafe.nl\/fr\/wp-json\/wp\/v2\/product_cat?post=35712"},{"taxonomy":"product_tag","embeddable":true,"href":"https:\/\/travelsafe.nl\/fr\/wp-json\/wp\/v2\/product_tag?post=35712"}],"curies":[{"name":"wp","href":"https:\/\/api.w.org\/{rel}","templated":true}]}}